{"id":134,"date":"2014-04-21T22:05:04","date_gmt":"2014-04-21T19:05:04","guid":{"rendered":"http:\/\/joelahtmekultuur.ee\/lookultuurikeskus\/?page_id=134"},"modified":"2020-10-05T14:29:53","modified_gmt":"2020-10-05T11:29:53","slug":"bussiajad-loo-tallinn","status":"publish","type":"page","link":"http:\/\/joelahtmekultuur.ee\/lookultuurikeskus\/bussiajad-loo-tallinn\/","title":{"rendered":"Bussiajad Loo-Tallinn"},"content":{"rendered":"<p><strong>BUSSIAJAD<\/strong><\/p>\n<p><strong>106 <\/strong>(Loo &#8211; Laagna &#8211; Tallinn)<\/p>\n<p>LOO peatuse v\u00e4ljumised T\u00d6\u00d6P\u00c4EVADEL: 6:40, 11:30, 15:25.<\/p>\n<p>&nbsp; &nbsp; &nbsp; &nbsp; &nbsp; &nbsp; &nbsp; &nbsp; &nbsp; &nbsp; &nbsp; &nbsp; &nbsp; &nbsp; &nbsp; &nbsp; &nbsp; &nbsp; &nbsp; &nbsp; &nbsp;LAUP\u00c4EV, P\u00dcHAP\u00c4EV ja RIIKLIK P\u00dcHA: 15:30<\/p>\n<p><strong>106A&nbsp;<\/strong>(Lagedi &#8211; Loo &#8211; Tallinn)<\/p>\n<p>LOO peatuse v\u00e4ljumised T\u00d6\u00d6P\u00c4EVADEL: 7:02, 8:35, 9:57, 13:17, 16:12, 18:22<\/p>\n<p>&nbsp; &nbsp; &nbsp; &nbsp; &nbsp; &nbsp; &nbsp; &nbsp; &nbsp; &nbsp; &nbsp; &nbsp; &nbsp; &nbsp; &nbsp; &nbsp; &nbsp; &nbsp; &nbsp; &nbsp; &nbsp;LAUP\u00c4EV, P\u00dcHAP\u00c4EV ja RIIKLIK P\u00dcHA: 10:22, 13:22, 17:22.<\/p>\n<p>&nbsp;<\/p>\n","protected":false},"excerpt":{"rendered":"<p>BUSSIAJAD 106 (Loo &#8211; Laagna &#8211; Tallinn) LOO peatuse v\u00e4ljumised T\u00d6\u00d6P\u00c4EVADEL: 6:40, 11:30, 15:25. &nbsp; &nbsp; &nbsp; &nbsp; &nbsp; &nbsp; &nbsp; &nbsp; &nbsp; &nbsp; &nbsp; &nbsp; &nbsp; &nbsp; &nbsp; &nbsp; &nbsp; &nbsp; &nbsp; &nbsp; &nbsp;LAUP\u00c4EV, P\u00dcHAP\u00c4EV ja RIIKLIK P\u00dcHA: 15:30 106A&nbsp;(Lagedi &#8211; Loo &#8211; Tallinn) LOO peatuse v\u00e4ljumised T\u00d6\u00d6P\u00c4EVADEL: 7:02, 8:35, 9:57, 13:17, 16:12, 18:22 [&hellip;]<\/p>\n","protected":false},"author":1,"featured_media":0,"parent":0,"menu_order":0,"comment_status":"closed","ping_status":"closed","template":"page-sc.php","meta":{"ngg_post_thumbnail":0,"footnotes":""},"class_list":["post-134","page","type-page","status-publish","hentry"],"_links":{"self":[{"href":"http:\/\/joelahtmekultuur.ee\/lookultuurikeskus\/wp-json\/wp\/v2\/pages\/134","targetHints":{"allow":["GET"]}}],"collection":[{"href":"http:\/\/joelahtmekultuur.ee\/lookultuurikeskus\/wp-json\/wp\/v2\/pages"}],"about":[{"href":"http:\/\/joelahtmekultuur.ee\/lookultuurikeskus\/wp-json\/wp\/v2\/types\/page"}],"author":[{"embeddable":true,"href":"http:\/\/joelahtmekultuur.ee\/lookultuurikeskus\/wp-json\/wp\/v2\/users\/1"}],"replies":[{"embeddable":true,"href":"http:\/\/joelahtmekultuur.ee\/lookultuurikeskus\/wp-json\/wp\/v2\/comments?post=134"}],"version-history":[{"count":7,"href":"http:\/\/joelahtmekultuur.ee\/lookultuurikeskus\/wp-json\/wp\/v2\/pages\/134\/revisions"}],"predecessor-version":[{"id":72542,"href":"http:\/\/joelahtmekultuur.ee\/lookultuurikeskus\/wp-json\/wp\/v2\/pages\/134\/revisions\/72542"}],"wp:attachment":[{"href":"http:\/\/joelahtmekultuur.ee\/lookultuurikeskus\/wp-json\/wp\/v2\/media?parent=134"}],"curies":[{"name":"wp","href":"https:\/\/api.w.org\/{rel}","templated":true}]}}