{"id":1459,"date":"2014-04-29T10:27:40","date_gmt":"2014-04-29T07:27:40","guid":{"rendered":"http:\/\/joelahtmekultuur.ee\/lookultuurikeskus\/?page_id=1459"},"modified":"2014-05-12T21:52:49","modified_gmt":"2014-05-12T18:52:49","slug":"beebikooli-muusikaring","status":"publish","type":"page","link":"http:\/\/joelahtmekultuur.ee\/lookultuurikeskus\/huvitegevus\/beebikooli-muusikaring\/","title":{"rendered":"Beebikooli muusikaring"},"content":{"rendered":"<p><a href=\"http:\/\/joelahtmekultuur.ee\/lookultuurikeskus\/wp-content\/uploads\/sites\/6\/2014\/04\/beebikool.jpg\"><img loading=\"lazy\" decoding=\"async\" class=\"alignright wp-image-1461 size-medium\" src=\"http:\/\/joelahtmekultuur.ee\/lookultuurikeskus\/wp-content\/uploads\/sites\/6\/2014\/04\/beebikool-300x225.jpg\" alt=\"beebikool\" width=\"300\" height=\"225\" srcset=\"http:\/\/joelahtmekultuur.ee\/lookultuurikeskus\/wp-content\/uploads\/sites\/6\/2014\/04\/beebikool-300x225.jpg 300w, http:\/\/joelahtmekultuur.ee\/lookultuurikeskus\/wp-content\/uploads\/sites\/6\/2014\/04\/beebikool.jpg 400w\" sizes=\"auto, (max-width: 300px) 100vw, 300px\" \/><\/a><\/p>\n<ul>\n<li>&#8230;alustas tegevust aastal 1996 Kai M\u00fc\u00fcrsepa juhendamisel.<\/li>\n<li>Beebikooli noorem grupp on lastele alates 3st elukuust kuni aastani, vanem vanusegrupp \u00fchest aastast kuni 3-aastaseni.<\/li>\n<li>Muusikatunnid toimuvad reedeti Loo Kultuurikeskuse B-osa muusikatoas.<\/li>\n<li>Muusikatunnis osalemiseks t\u00e4idab lapsevanem avalduse blanketi ja tutvub maksetingimustega.<\/li>\n<li>Kuutasu muusikatunni eest 6.40 \u20ac, kahe lapse puhul 4.80 \u20ac.<\/li>\n<li>Nii lapsel kui vanemal soovitav selga panna vabalt liikumist v\u00f5imaldav riietus.<\/li>\n<li>Muusikatunnis lapsed koos vanematega kuulavad muusikat, laulavad ja liiguvad muusikasse.<\/li>\n<li>R\u00fctmitunde arendamiseks kasutatakse keha- ja r\u00fctmipille, liisusalme ja r\u00fctmiriime.<\/li>\n<li>P\u00e4rast tegevust saavad lapsed m\u00e4ngida m\u00e4ngutoas tasuta.<\/li>\n<li>Beebikooli lastele toimub hooaja jooksul 3 pidu: j\u00f5ulude ja emadep\u00e4eva eel ning l\u00f5pupidu (tunnistusega).<\/li>\n<\/ul>\n<p>Loo beebikooli muusikatunni p\u00f5hieesm\u00e4rgid:<\/p>\n<ul>\n<li>Ergutada beebisid kaasa h\u00e4\u00e4litsema, arendada nende kuulmis- ja r\u00fctmitaju, anda muusikaga positiivseid emotsioone.<\/li>\n<li>Arendada v\u00e4ikelast, julgustada ja abistada teda lastekollektiivi sulandumisel.<\/li>\n<li>Pakkuda lapsevanemale seltskondliku suhtlemise v\u00f5imalust ning tegelemist oma lapsega kollektiivis.<\/li>\n<\/ul>\n<p>Beebikooli muusikatund reedeti kell 11.00<\/p>\n<p>INFO: Kai M\u00fc\u00fcrsepp<br \/>\n<a href=\"mailto:kai@lookultuurikeskus.ee\">kai@lookultuurikeskus.ee<\/a><br \/>\nTel. +372 58 54 52 72; +372 60 80 576<\/p>\n<p><a href=\"http:\/\/joelahtmekultuur.ee\/lookultuurikeskus\/wp-content\/uploads\/sites\/6\/2014\/04\/beebikool-ringi-avaldus-2013.pdf\">Beebikooli ringi avaldus 2013<\/a><\/p>\n","protected":false},"excerpt":{"rendered":"<p>&#8230;alustas tegevust aastal 1996 Kai M\u00fc\u00fcrsepa juhendamisel. Beebikooli noorem grupp on lastele alates 3st elukuust kuni aastani, vanem vanusegrupp \u00fchest aastast kuni 3-aastaseni. Muusikatunnid toimuvad reedeti Loo Kultuurikeskuse B-osa muusikatoas. Muusikatunnis osalemiseks t\u00e4idab lapsevanem avalduse blanketi ja tutvub maksetingimustega. Kuutasu muusikatunni eest 6.40 \u20ac, kahe lapse puhul 4.80 \u20ac. Nii lapsel kui vanemal soovitav selga [&hellip;]<\/p>\n","protected":false},"author":1,"featured_media":0,"parent":34,"menu_order":0,"comment_status":"closed","ping_status":"closed","template":"","meta":{"ngg_post_thumbnail":0,"footnotes":""},"class_list":["post-1459","page","type-page","status-publish","hentry"],"_links":{"self":[{"href":"http:\/\/joelahtmekultuur.ee\/lookultuurikeskus\/wp-json\/wp\/v2\/pages\/1459","targetHints":{"allow":["GET"]}}],"collection":[{"href":"http:\/\/joelahtmekultuur.ee\/lookultuurikeskus\/wp-json\/wp\/v2\/pages"}],"about":[{"href":"http:\/\/joelahtmekultuur.ee\/lookultuurikeskus\/wp-json\/wp\/v2\/types\/page"}],"author":[{"embeddable":true,"href":"http:\/\/joelahtmekultuur.ee\/lookultuurikeskus\/wp-json\/wp\/v2\/users\/1"}],"replies":[{"embeddable":true,"href":"http:\/\/joelahtmekultuur.ee\/lookultuurikeskus\/wp-json\/wp\/v2\/comments?post=1459"}],"version-history":[{"count":5,"href":"http:\/\/joelahtmekultuur.ee\/lookultuurikeskus\/wp-json\/wp\/v2\/pages\/1459\/revisions"}],"predecessor-version":[{"id":2642,"href":"http:\/\/joelahtmekultuur.ee\/lookultuurikeskus\/wp-json\/wp\/v2\/pages\/1459\/revisions\/2642"}],"up":[{"embeddable":true,"href":"http:\/\/joelahtmekultuur.ee\/lookultuurikeskus\/wp-json\/wp\/v2\/pages\/34"}],"wp:attachment":[{"href":"http:\/\/joelahtmekultuur.ee\/lookultuurikeskus\/wp-json\/wp\/v2\/media?parent=1459"}],"curies":[{"name":"wp","href":"https:\/\/api.w.org\/{rel}","templated":true}]}}