{"id":1467,"date":"2014-04-29T10:34:42","date_gmt":"2014-04-29T07:34:42","guid":{"rendered":"http:\/\/joelahtmekultuur.ee\/lookultuurikeskus\/?page_id=1467"},"modified":"2017-10-10T11:28:47","modified_gmt":"2017-10-10T08:28:47","slug":"loo-kammerkoor","status":"publish","type":"page","link":"http:\/\/joelahtmekultuur.ee\/lookultuurikeskus\/huvitegevus\/loo-kammerkoor\/","title":{"rendered":"Loo Kammerkoor"},"content":{"rendered":"<p><a href=\"http:\/\/joelahtmekultuur.ee\/lookultuurikeskus\/wp-content\/uploads\/sites\/6\/2014\/04\/Koor_15.jpg\"><img loading=\"lazy\" decoding=\"async\" class=\"alignright size-medium wp-image-1471\" src=\"http:\/\/joelahtmekultuur.ee\/lookultuurikeskus\/wp-content\/uploads\/sites\/6\/2014\/04\/Koor_15-300x225.jpg\" alt=\"Koor_15\" width=\"300\" height=\"225\" srcset=\"http:\/\/joelahtmekultuur.ee\/lookultuurikeskus\/wp-content\/uploads\/sites\/6\/2014\/04\/Koor_15-300x225.jpg 300w, http:\/\/joelahtmekultuur.ee\/lookultuurikeskus\/wp-content\/uploads\/sites\/6\/2014\/04\/Koor_15.jpg 600w\" sizes=\"auto, (max-width: 300px) 100vw, 300px\" \/><\/a><br \/>\n&nbsp;Loo Kammerkoori esimene proov toimus 13. veebruaril 1997.a.<\/p>\n<p>Kohal olid dirigent Mareks, 6 nais- ja 1 meesh\u00e4\u00e4l (Made, Merike, Sirje, Mailiis, Marika, Helda, Riho). Uus kollektiiv v\u00f5eti lahkelt J\u00f5el\u00e4htme Rahvamaja hingekirja. Koori esimene esinemine toimus juba 15. mail Rebala Muuseumi avamisel.<\/p>\n<p>&nbsp;<\/p>\n<p>Paari aasta p\u00e4rast tuli koori abidirigendiks Age, kes alates 2004.aastast j\u00e4tkab dirigendina.&nbsp;<\/p>\n<p><img loading=\"lazy\" decoding=\"async\" class=\"alignright size-medium wp-image-1472\" src=\"http:\/\/joelahtmekultuur.ee\/lookultuurikeskus\/wp-content\/uploads\/sites\/6\/2014\/04\/Age_Karukellad-300x225.jpg\" alt=\"Age_Karukellad\" width=\"300\" height=\"225\" srcset=\"http:\/\/joelahtmekultuur.ee\/lookultuurikeskus\/wp-content\/uploads\/sites\/6\/2014\/04\/Age_Karukellad-300x225.jpg 300w, http:\/\/joelahtmekultuur.ee\/lookultuurikeskus\/wp-content\/uploads\/sites\/6\/2014\/04\/Age_Karukellad.jpg 600w\" sizes=\"auto, (max-width: 300px) 100vw, 300px\" \/><\/p>\n<p>Koos Agega oleme mitu puuda soola \u00e4ra s\u00f6\u00f6nud. Koor on osalenud k\u00f5igil suurtel laulupidudel, \u201eTuljaku\u201c v\u00f5istulaulmistel, P\u00e4rnu Rahvusvahelistel Koorifestivalidel ja J\u00f5el\u00e4htme laulup\u00e4evadel.<br \/>\nKooril on olnud v\u00e4ga toredaid reise nii l\u00e4hemal kui ka kaugemal: L\u00e4tis, Norras, Soomes, Kreekas, Slovakkias. Lapimaal Pyh\u00e4tunduril kandsime koos kammerkooriga \u201eFlora\u201c ette&nbsp; Soome autori Soili Perki\u00f6 ooperi \u201eAlku\u201c.&nbsp; Meie s\u00f5pruskooride hulka, kellega oleme pidanud vahvaid pidusid ja andnud \u00fchiskontserte, kuuluvad Kuusalu ja Kuivaj\u00f5e Meeskoor,&nbsp; segakoorid \u201eS\u00f5prus\u201c &nbsp;ja \u201eRiola\u201c Tallinnast ja lauluselt \u201eSireli\u201c Paikuselt. \u201eSireli\u201c kingitud v\u00e4ike sireliv\u00f5su on t\u00e4naseks kasvanud Loo Perearstikeskuse ees suureks p\u00f5\u00f5saks ja r\u00f5\u00f5mustab k\u00f5iki kevadeti rohke valge \u00f5ievahuga.<br \/>\nViimaste aastate uueks traditsiooniks on saanud hooaja alguse matk rabasse.<\/p>\n<p>S\u00fcgisel alustame juba 21.hooaega ja v\u00f5tame lahkelt vastu uusi koorilauluhuvilisi.&nbsp;<\/p>\n<p>Loo Kammerkoor<\/p>\n","protected":false},"excerpt":{"rendered":"<p>&nbsp;Loo Kammerkoori esimene proov toimus 13. veebruaril 1997.a. Kohal olid dirigent Mareks, 6 nais- ja 1 meesh\u00e4\u00e4l (Made, Merike, Sirje, Mailiis, Marika, Helda, Riho). Uus kollektiiv v\u00f5eti lahkelt J\u00f5el\u00e4htme Rahvamaja hingekirja. Koori esimene esinemine toimus juba 15. mail Rebala Muuseumi avamisel. &nbsp; Paari aasta p\u00e4rast tuli koori abidirigendiks Age, kes alates 2004.aastast j\u00e4tkab dirigendina.&nbsp; Koos [&hellip;]<\/p>\n","protected":false},"author":1,"featured_media":0,"parent":34,"menu_order":0,"comment_status":"closed","ping_status":"closed","template":"","meta":{"ngg_post_thumbnail":0,"footnotes":""},"class_list":["post-1467","page","type-page","status-publish","hentry"],"_links":{"self":[{"href":"http:\/\/joelahtmekultuur.ee\/lookultuurikeskus\/wp-json\/wp\/v2\/pages\/1467","targetHints":{"allow":["GET"]}}],"collection":[{"href":"http:\/\/joelahtmekultuur.ee\/lookultuurikeskus\/wp-json\/wp\/v2\/pages"}],"about":[{"href":"http:\/\/joelahtmekultuur.ee\/lookultuurikeskus\/wp-json\/wp\/v2\/types\/page"}],"author":[{"embeddable":true,"href":"http:\/\/joelahtmekultuur.ee\/lookultuurikeskus\/wp-json\/wp\/v2\/users\/1"}],"replies":[{"embeddable":true,"href":"http:\/\/joelahtmekultuur.ee\/lookultuurikeskus\/wp-json\/wp\/v2\/comments?post=1467"}],"version-history":[{"count":7,"href":"http:\/\/joelahtmekultuur.ee\/lookultuurikeskus\/wp-json\/wp\/v2\/pages\/1467\/revisions"}],"predecessor-version":[{"id":61965,"href":"http:\/\/joelahtmekultuur.ee\/lookultuurikeskus\/wp-json\/wp\/v2\/pages\/1467\/revisions\/61965"}],"up":[{"embeddable":true,"href":"http:\/\/joelahtmekultuur.ee\/lookultuurikeskus\/wp-json\/wp\/v2\/pages\/34"}],"wp:attachment":[{"href":"http:\/\/joelahtmekultuur.ee\/lookultuurikeskus\/wp-json\/wp\/v2\/media?parent=1467"}],"curies":[{"name":"wp","href":"https:\/\/api.w.org\/{rel}","templated":true}]}}