{"id":2547,"date":"2014-05-06T09:47:37","date_gmt":"2014-05-06T06:47:37","guid":{"rendered":"http:\/\/joelahtmekultuur.ee\/lookultuurikeskus\/?page_id=2547"},"modified":"2025-09-22T12:31:06","modified_gmt":"2025-09-22T09:31:06","slug":"segakoor-joelahtme","status":"publish","type":"page","link":"http:\/\/joelahtmekultuur.ee\/lookultuurikeskus\/huvitegevus\/segakoor-joelahtme\/","title":{"rendered":"Segakoor J\u00f5el\u00e4htme"},"content":{"rendered":"<p><a href=\"http:\/\/joelahtmekultuur.ee\/lookultuurikeskus\/wp-content\/uploads\/sites\/6\/2024\/04\/Hanilas-08.07.2023.jpg\"><img loading=\"lazy\" decoding=\"async\" class=\"aligncenter size-full wp-image-82433\" src=\"http:\/\/joelahtmekultuur.ee\/lookultuurikeskus\/wp-content\/uploads\/sites\/6\/2024\/04\/Hanilas-08.07.2023.jpg\" alt=\"\" width=\"2048\" height=\"1152\" srcset=\"http:\/\/joelahtmekultuur.ee\/lookultuurikeskus\/wp-content\/uploads\/sites\/6\/2024\/04\/Hanilas-08.07.2023.jpg 2048w, http:\/\/joelahtmekultuur.ee\/lookultuurikeskus\/wp-content\/uploads\/sites\/6\/2024\/04\/Hanilas-08.07.2023-300x169.jpg 300w, http:\/\/joelahtmekultuur.ee\/lookultuurikeskus\/wp-content\/uploads\/sites\/6\/2024\/04\/Hanilas-08.07.2023-1024x576.jpg 1024w, http:\/\/joelahtmekultuur.ee\/lookultuurikeskus\/wp-content\/uploads\/sites\/6\/2024\/04\/Hanilas-08.07.2023-768x432.jpg 768w, http:\/\/joelahtmekultuur.ee\/lookultuurikeskus\/wp-content\/uploads\/sites\/6\/2024\/04\/Hanilas-08.07.2023-1536x864.jpg 1536w\" sizes=\"auto, (max-width: 2048px) 100vw, 2048px\" \/><\/a><\/p>\n<h4 style=\"text-align: center\"><strong>Segakoor J\u00f5el\u00e4htme<\/strong><\/h4>\n<p style=\"text-align: justify\">Koor on registreeritud 1. septembril, 2007 a. Alustati projektikoorina, eesm\u00e4rgiks oli \u00fchendada oma vallas elavad lauluhuvilised ja esineda J\u00f5el\u00e4htme laulup\u00e4eval J\u00e4gala-Joal. Esialgu alustasid v\u00e4ikesed koorikesed tegevust kolme valla kooli juures: Neemes, Kostiveres ja Lool. Juhendajateks said kohalike koolide muusika\u00f5petajad. Lool olid nendeks Aare ja Leili V\u00e4rte. 22. veebruaril 2008 toimus Eesti Vabariigi aastap\u00e4eva kontsert J\u00f5el\u00e4htme Rahvamajas, kus laulsid koos k\u00f5ik meie valla koorid. 07. juunil 2008 leidis aset eesm\u00e4rgiks seatud J\u00f5el\u00e4htme laulup\u00e4ev J\u00e4gala joa j\u00f5ek\u00e4\u00e4rus, kus taas \u00fcles astuti. P\u00e4rast seda ei tahetud enam lahku minna ja nii alustas koor taas uuel s\u00fcgisel, seekord juba \u00fchtse kollektiivina Loo Kultuurikeskuse juures. Koori nimeks sai J\u00f5el\u00e4htme \u00dchendatud Segakoor ja dirigeniks Aare V\u00e4rte. Seati uus eesm\u00e4rk- osalemine 2009.a \u00fcldlaulupeol. Koori laulutahe oli nii suur, et lauldigi ennast XXV laulupeole, mis kandis nimetust \u00dcheshingamine.<\/p>\n<p style=\"text-align: justify\">2010 \u00fchineti Eesti Segakooride Liiduga ning Aare V\u00e4rte pani koorile nimeks J\u00f5el\u00e4htme Laulus\u00f5brad.<\/p>\n<p style=\"text-align: justify\">Paraku lahkus Aare 2012. a, 30. novembri lumetormisel \u00f6\u00f6l taevastele radadele. Uuest aastast juhatas edasi seni abidirigendi rollis olnud Leili V\u00e4rte. Koor l\u00e4bis pingelise kadalipu ja p\u00e4\u00e4ses suurele laulupeole nii 2014 kui ka 2019. aastal. 2018-2020 abistas Leilit ka Loo Kooli teine muusika\u00f5petaja Aive Skuin. K\u00f5ik need 13 tegutsemisaastat oli klaverisaatjaks Tiina Muddi.<\/p>\n<p style=\"text-align: justify\">Septembris 2021 alustati proovidega dirigent Mait M\u00e4nniku k\u00e4e all. Veidi hiljem kutsus Mait endale appi ka teise dirigendi Merike Toro, samuti h\u00e4\u00e4leseadja Maila Ploomani ja esinemistel saadab koori klaverisaatja Tiina Renser.<\/p>\n<p style=\"text-align: justify\">Igal s\u00fcgisel ja kevadel korraldatakse koorilaager m\u00f5nes ilusas Eestimaa paigas. Laagris toimub alati v\u00e4ga intensiivne laulude \u00f5ppimine, h\u00e4\u00e4leseade ja \u00fcksteisega sulandumine, mis ei ole ka mitte v\u00e4he t\u00e4htis. Kooril on&nbsp; aastas 4-5 kontserti, lisaks veel laulup\u00e4evad v\u00f5i laulupeod ning igal aastal lauldakse advendi ajal J\u00f5el\u00e4htme kirikus.<\/p>\n<p>2024. aastat alustati uue nimega- segakoor J\u00f5el\u00e4htme.<\/p>\n<p style=\"text-align: justify\">Veebruaril 2024 osaleti Tartus, Miina H\u00e4rma G\u00fcmnaasiumis, Eesti Segakooride Liidu XXIV v\u00f5istulaulmisel \u201cTuljak\u201d. Koju toodi B-kategooria II koht ja parima kohustusliku laulu preemia. 2025. aasta suvel laulis koor Laulu- ja tantsupeol &#8220;Iseoma&#8221;.<\/p>\n<p style=\"text-align: justify\">Segakoor J\u00f5el\u00e4htme on \u00fcks \u00e4ge s\u00f5pruskond, keda \u00fchendab muusika ja laulmine ning easiliikumine p\u00fcstitatud eesm\u00e4rkide poole. Uued lauljad on koori alati oodatud!<\/p>\n<p style=\"text-align: justify\">Koori tegemistest saad \u00fclevaadet ka Facebooki lehelt <a href=\"https:\/\/www.facebook.com\/profile.php?id=100058796493982\">Segakoor J\u00f5el\u00e4htme<\/a>.<\/p>\n<p>&nbsp;<\/p>\n<table style=\"width: 98%;height: 397px\" border=\"0\">\n<tbody>\n<tr style=\"height: 22px\">\n<td style=\"height: 22px\"><strong>I ja II Sopran<\/strong><\/td>\n<td style=\"height: 22px\"><strong>I ja II Alt<\/strong><\/td>\n<td style=\"height: 22px\"><strong>Tenor<\/strong><\/td>\n<td style=\"height: 22px\"><strong>Bass \/ Bariton<\/strong><\/td>\n<\/tr>\n<tr style=\"height: 22px\">\n<td style=\"height: 22px\">Triin Saarna<\/td>\n<td style=\"height: 22px\">Meeli Meri<\/td>\n<td style=\"height: 22px\">Egon J\u00e4rve<\/td>\n<td style=\"height: 22px\">Andrus Umboja<\/td>\n<\/tr>\n<tr style=\"height: 22px\">\n<td style=\"height: 22px\">Maris Joonas<\/td>\n<td style=\"height: 22px\">Triin Kr\u00fcnberg<\/td>\n<td style=\"height: 22px\">Janar Plinkner<\/td>\n<td style=\"height: 22px\">Priit P\u00f5ldma<\/td>\n<\/tr>\n<tr style=\"height: 22px\">\n<td style=\"height: 22px\">Katrin Aydin<\/td>\n<td style=\"height: 22px\">Kaire Kaigas<\/td>\n<td style=\"height: 22px\">Niil Ormisson<\/td>\n<td style=\"height: 22px\">Matis M\u00e4nnik<\/td>\n<\/tr>\n<tr style=\"height: 22px\">\n<td style=\"height: 22px\">Elo&nbsp;Aru<\/td>\n<td style=\"height: 22px\">Tiina Kaaret<\/td>\n<td style=\"height: 22px\">Tanel Kalmet<\/td>\n<td style=\"height: 22px\">Ainar Elberg<\/td>\n<\/tr>\n<tr style=\"height: 22px\">\n<td style=\"height: 22px\">Monika M\u00e4nnik<\/td>\n<td style=\"height: 22px\">\u00dclle Arjus<\/td>\n<td style=\"height: 22px\">Silvar Samuilov<\/td>\n<td style=\"height: 22px\">Jaan Penjam<\/td>\n<\/tr>\n<tr style=\"height: 23px\">\n<td style=\"height: 23px\">K\u00e4rt Sissas<\/td>\n<td style=\"height: 23px\">Ester P\u00f5ldma<\/td>\n<td style=\"height: 23px\">Audrius Rimgaila<\/td>\n<td style=\"height: 23px\">Uku Torjus<\/td>\n<\/tr>\n<tr style=\"height: 22px\">\n<td style=\"height: 22px\">Lia Toro<\/td>\n<td style=\"height: 22px\">\u00d5nne Soots<\/td>\n<td style=\"height: 22px\">Urmas Salu<\/td>\n<td style=\"height: 22px\">Kaspar Eller<\/td>\n<\/tr>\n<tr style=\"height: 22px\">\n<td style=\"height: 22px\">K\u00e4rt Ots<\/td>\n<td style=\"height: 22px\">Lily Kivila<\/td>\n<td style=\"height: 22px\">&nbsp;<\/td>\n<td style=\"height: 22px\">Marko Petron<\/td>\n<\/tr>\n<tr style=\"height: 22px\">\n<td style=\"height: 22px\">Pille Birkholt\u017e-Illings<\/td>\n<td style=\"height: 22px\">Anna-Merike Tees<\/td>\n<td style=\"height: 22px\">&nbsp;<\/td>\n<td style=\"height: 22px\">&nbsp;<\/td>\n<\/tr>\n<tr style=\"height: 22px\">\n<td style=\"height: 22px\">Siiri Ilves<\/td>\n<td style=\"height: 22px\">Pille Trumm<\/td>\n<td style=\"height: 22px\">&nbsp;<\/td>\n<td style=\"height: 22px\">&nbsp;<\/td>\n<\/tr>\n<tr style=\"height: 22px\">\n<td style=\"height: 22px\">&nbsp;<\/td>\n<td style=\"height: 22px\">Urve Leemets<\/td>\n<td style=\"height: 22px\">&nbsp;<\/td>\n<td style=\"height: 22px\">&nbsp;<\/td>\n<\/tr>\n<tr style=\"height: 22px\">\n<td style=\"height: 22px\">&nbsp;<\/td>\n<td style=\"height: 22px\">Sirje P\u00f5llu<\/td>\n<td style=\"height: 22px\">&nbsp;<\/td>\n<td style=\"height: 22px\">&nbsp;<\/td>\n<\/tr>\n<tr style=\"height: 22px\">\n<td style=\"height: 22px\">&nbsp;<\/td>\n<td style=\"height: 22px\">&nbsp;<\/td>\n<td style=\"height: 22px\">&nbsp;<\/td>\n<td style=\"height: 22px\">&nbsp;<\/td>\n<\/tr>\n<\/tbody>\n<\/table>\n<p>&nbsp;<\/p>\n","protected":false},"excerpt":{"rendered":"<p>Segakoor J\u00f5el\u00e4htme Koor on registreeritud 1. septembril, 2007 a. Alustati projektikoorina, eesm\u00e4rgiks oli \u00fchendada oma vallas elavad lauluhuvilised ja esineda J\u00f5el\u00e4htme laulup\u00e4eval J\u00e4gala-Joal. Esialgu alustasid v\u00e4ikesed koorikesed tegevust kolme valla kooli juures: Neemes, Kostiveres ja Lool. Juhendajateks said kohalike koolide muusika\u00f5petajad. Lool olid nendeks Aare ja Leili V\u00e4rte. 22. veebruaril 2008 toimus Eesti Vabariigi aastap\u00e4eva [&hellip;]<\/p>\n","protected":false},"author":1,"featured_media":0,"parent":34,"menu_order":0,"comment_status":"closed","ping_status":"closed","template":"","meta":{"ngg_post_thumbnail":0,"footnotes":""},"class_list":["post-2547","page","type-page","status-publish","hentry"],"_links":{"self":[{"href":"http:\/\/joelahtmekultuur.ee\/lookultuurikeskus\/wp-json\/wp\/v2\/pages\/2547","targetHints":{"allow":["GET"]}}],"collection":[{"href":"http:\/\/joelahtmekultuur.ee\/lookultuurikeskus\/wp-json\/wp\/v2\/pages"}],"about":[{"href":"http:\/\/joelahtmekultuur.ee\/lookultuurikeskus\/wp-json\/wp\/v2\/types\/page"}],"author":[{"embeddable":true,"href":"http:\/\/joelahtmekultuur.ee\/lookultuurikeskus\/wp-json\/wp\/v2\/users\/1"}],"replies":[{"embeddable":true,"href":"http:\/\/joelahtmekultuur.ee\/lookultuurikeskus\/wp-json\/wp\/v2\/comments?post=2547"}],"version-history":[{"count":35,"href":"http:\/\/joelahtmekultuur.ee\/lookultuurikeskus\/wp-json\/wp\/v2\/pages\/2547\/revisions"}],"predecessor-version":[{"id":87048,"href":"http:\/\/joelahtmekultuur.ee\/lookultuurikeskus\/wp-json\/wp\/v2\/pages\/2547\/revisions\/87048"}],"up":[{"embeddable":true,"href":"http:\/\/joelahtmekultuur.ee\/lookultuurikeskus\/wp-json\/wp\/v2\/pages\/34"}],"wp:attachment":[{"href":"http:\/\/joelahtmekultuur.ee\/lookultuurikeskus\/wp-json\/wp\/v2\/media?parent=2547"}],"curies":[{"name":"wp","href":"https:\/\/api.w.org\/{rel}","templated":true}]}}