{"id":81196,"date":"2023-09-06T10:17:01","date_gmt":"2023-09-06T07:17:01","guid":{"rendered":"http:\/\/joelahtmekultuur.ee\/lookultuurikeskus\/?page_id=81196"},"modified":"2025-10-03T11:25:57","modified_gmt":"2025-10-03T08:25:57","slug":"loo-perepaev","status":"publish","type":"page","link":"http:\/\/joelahtmekultuur.ee\/lookultuurikeskus\/loo-perepaev\/","title":{"rendered":"SEENIORIDE TEGEVUS"},"content":{"rendered":"<p>J\u00d5EL\u00c4HTME SEENIORID OKTOOBRIS:<\/p>\n<p><a href=\"http:\/\/joelahtmekultuur.ee\/lookultuurikeskus\/wp-content\/uploads\/sites\/6\/2025\/09\/Rae-seenioride-valjasoit-14.10.25.jpg\"><img loading=\"lazy\" decoding=\"async\" class=\"wp-image-87065 alignleft\" src=\"http:\/\/joelahtmekultuur.ee\/lookultuurikeskus\/wp-content\/uploads\/sites\/6\/2025\/09\/Rae-seenioride-valjasoit-14.10.25.jpg\" alt=\"\" width=\"221\" height=\"312\" srcset=\"http:\/\/joelahtmekultuur.ee\/lookultuurikeskus\/wp-content\/uploads\/sites\/6\/2025\/09\/Rae-seenioride-valjasoit-14.10.25.jpg 1587w, http:\/\/joelahtmekultuur.ee\/lookultuurikeskus\/wp-content\/uploads\/sites\/6\/2025\/09\/Rae-seenioride-valjasoit-14.10.25-212x300.jpg 212w, http:\/\/joelahtmekultuur.ee\/lookultuurikeskus\/wp-content\/uploads\/sites\/6\/2025\/09\/Rae-seenioride-valjasoit-14.10.25-724x1024.jpg 724w, http:\/\/joelahtmekultuur.ee\/lookultuurikeskus\/wp-content\/uploads\/sites\/6\/2025\/09\/Rae-seenioride-valjasoit-14.10.25-768x1086.jpg 768w, http:\/\/joelahtmekultuur.ee\/lookultuurikeskus\/wp-content\/uploads\/sites\/6\/2025\/09\/Rae-seenioride-valjasoit-14.10.25-1086x1536.jpg 1086w, http:\/\/joelahtmekultuur.ee\/lookultuurikeskus\/wp-content\/uploads\/sites\/6\/2025\/09\/Rae-seenioride-valjasoit-14.10.25-1448x2048.jpg 1448w\" sizes=\"auto, (max-width: 221px) 100vw, 221px\" \/><\/a><\/p>\n<div class=\"x14z9mp xat24cr x1lziwak x1vvkbs xtlvy1s\" style=\"text-align: left\">Kutsume J\u00f5el\u00e4htme valla seenioreid kaasa <strong>p\u00e4evasele reisile Rae valda!<\/strong><br class=\"html-br\"><strong>14. oktoober <\/strong>&nbsp;<strong>kell 13.00<\/strong><\/div>\n<div>\n<div class=\"xdj266r x14z9mp xat24cr x1lziwak x1vvkbs\">Loo Kultuurikeskus ja J\u00f5el\u00e4htme Valla P\u00e4evakeskus kutsuvad meeleolukale v\u00e4ljas\u00f5idule Rae valda!<\/div>\n<div class=\"x14z9mp xat24cr x1lziwak x1vvkbs xtlvy1s\">NB! Tasuta buss v\u00f5tab peale k\u00f5ik soovijad J\u00f5el\u00e4htme vallast.<br class=\"html-br\">Loolt on v\u00e4ljas\u00f5it kell 13.00<\/div>\n<div class=\"x14z9mp xat24cr x1lziwak x1vvkbs xtlvy1s\">Edasi-tagasi buss on TASUTA<\/div>\n<div class=\"x14z9mp xat24cr x1lziwak x1vvkbs xtlvy1s\">Kohtume Rae valla Eakate N\u00f5ukoguga kl 17.00<\/div>\n<div class=\"x14z9mp xat24cr x1lziwak x1vvkbs xtlvy1s\">Registreerumine kuni 13. oktoober: Lily Kivila &#8211; 5907 3447 ja Hilda M\u00e4nnik &#8211; 5345 4131<\/div>\n<div class=\"x14z9mp xat24cr x1lziwak x1vvkbs xtlvy1s\">V\u00e4ljas\u00f5itu toetab: Kogukonna juhitud kohaliku arengu toetus &#8220;Sotsiaalne sidusus&#8221; (ESF+) (P\u00f5hja-Harju Koost\u00f6\u00f6kogu) 2025<\/div>\n<\/div>\n<div>&nbsp;<\/div>\n<div>&nbsp;<\/div>\n<div><a href=\"http:\/\/joelahtmekultuur.ee\/lookultuurikeskus\/wp-content\/uploads\/sites\/6\/2025\/09\/SEENIORIDE-INFOTUND-1.10.25.jpg\"><img loading=\"lazy\" decoding=\"async\" class=\"wp-image-87028 alignleft\" src=\"http:\/\/joelahtmekultuur.ee\/lookultuurikeskus\/wp-content\/uploads\/sites\/6\/2025\/09\/SEENIORIDE-INFOTUND-1.10.25.jpg\" alt=\"\" width=\"220\" height=\"311\" srcset=\"http:\/\/joelahtmekultuur.ee\/lookultuurikeskus\/wp-content\/uploads\/sites\/6\/2025\/09\/SEENIORIDE-INFOTUND-1.10.25.jpg 1587w, http:\/\/joelahtmekultuur.ee\/lookultuurikeskus\/wp-content\/uploads\/sites\/6\/2025\/09\/SEENIORIDE-INFOTUND-1.10.25-212x300.jpg 212w, http:\/\/joelahtmekultuur.ee\/lookultuurikeskus\/wp-content\/uploads\/sites\/6\/2025\/09\/SEENIORIDE-INFOTUND-1.10.25-724x1024.jpg 724w, http:\/\/joelahtmekultuur.ee\/lookultuurikeskus\/wp-content\/uploads\/sites\/6\/2025\/09\/SEENIORIDE-INFOTUND-1.10.25-768x1086.jpg 768w, http:\/\/joelahtmekultuur.ee\/lookultuurikeskus\/wp-content\/uploads\/sites\/6\/2025\/09\/SEENIORIDE-INFOTUND-1.10.25-1086x1536.jpg 1086w, http:\/\/joelahtmekultuur.ee\/lookultuurikeskus\/wp-content\/uploads\/sites\/6\/2025\/09\/SEENIORIDE-INFOTUND-1.10.25-1448x2048.jpg 1448w\" sizes=\"auto, (max-width: 220px) 100vw, 220px\" \/><\/a><strong>SEENIORIDE muusikap\u00e4eva INFOTUND<\/strong><\/div>\n<div class=\"x14z9mp xat24cr x1lziwak x1vvkbs xtlvy1s\"><strong>1. oktoober<\/strong> <strong>kell 12.00<\/strong><br class=\"html-br\">Loo Kultuurikeskuse B-saal (Saha tee 11)<\/div>\n<div class=\"x14z9mp xat24cr x1lziwak x1vvkbs xtlvy1s\">\n<div class=\"x14z9mp xat24cr x1lziwak x1vvkbs xtlvy1s\">Seoses omavalitsuste valimistega ja 1. oktoobril t\u00e4histatava Rahvusvahelise Muusikap\u00e4evaga toimub infotund, kus:<br class=\"html-br\">Erakondade esindajad tutvustavad oma plaane vallaelu korraldamisel ja seenioridel on v\u00f5imalus esitada k\u00fcsimusi ning kohtuda poliitikutega vahetult<\/div>\n<div class=\"x14z9mp xat24cr x1lziwak x1vvkbs xtlvy1s\">P\u00e4eva l\u00f5petab Duo Infinito \u2013 Marie-Helen Aavakivi (viiul) ja Anneli Tohver (klaver) meeleoluka muusikalise etteastega.<\/div>\n<div class=\"x14z9mp xat24cr x1lziwak x1vvkbs xtlvy1s\">Oled oodatud kaasa m\u00f5tlema ja muusikat nautima!<\/div>\n<div class=\"x14z9mp xat24cr x1lziwak x1vvkbs xtlvy1s\">Lisainfo: Lily Kivila \u2013 59073447; Hilda M\u00e4nnik \u2013 57827856<\/div>\n<div class=\"x14z9mp xat24cr x1lziwak x1vvkbs xtlvy1s\">Sissep\u00e4\u00e4s TASUTA<\/div>\n<\/div>\n<div>&nbsp;<\/div>\n<div><a href=\"http:\/\/joelahtmekultuur.ee\/lookultuurikeskus\/wp-content\/uploads\/sites\/6\/2025\/08\/SEENIORIDE-TERVISEPAEV-4.10.25.jpg\"><img loading=\"lazy\" decoding=\"async\" class=\"wp-image-86696 alignleft\" src=\"http:\/\/joelahtmekultuur.ee\/lookultuurikeskus\/wp-content\/uploads\/sites\/6\/2025\/08\/SEENIORIDE-TERVISEPAEV-4.10.25.jpg\" alt=\"\" width=\"218\" height=\"308\" srcset=\"http:\/\/joelahtmekultuur.ee\/lookultuurikeskus\/wp-content\/uploads\/sites\/6\/2025\/08\/SEENIORIDE-TERVISEPAEV-4.10.25.jpg 1587w, http:\/\/joelahtmekultuur.ee\/lookultuurikeskus\/wp-content\/uploads\/sites\/6\/2025\/08\/SEENIORIDE-TERVISEPAEV-4.10.25-212x300.jpg 212w, http:\/\/joelahtmekultuur.ee\/lookultuurikeskus\/wp-content\/uploads\/sites\/6\/2025\/08\/SEENIORIDE-TERVISEPAEV-4.10.25-724x1024.jpg 724w, http:\/\/joelahtmekultuur.ee\/lookultuurikeskus\/wp-content\/uploads\/sites\/6\/2025\/08\/SEENIORIDE-TERVISEPAEV-4.10.25-768x1086.jpg 768w, http:\/\/joelahtmekultuur.ee\/lookultuurikeskus\/wp-content\/uploads\/sites\/6\/2025\/08\/SEENIORIDE-TERVISEPAEV-4.10.25-1086x1536.jpg 1086w, http:\/\/joelahtmekultuur.ee\/lookultuurikeskus\/wp-content\/uploads\/sites\/6\/2025\/08\/SEENIORIDE-TERVISEPAEV-4.10.25-1448x2048.jpg 1448w\" sizes=\"auto, (max-width: 218px) 100vw, 218px\" \/><\/a><strong>Seenioride Tervisep\u00e4ev<\/strong><\/div>\n<div><strong>4. oktoober kell 12.00-16.00<\/strong><\/div>\n<div class=\"x14z9mp xat24cr x1lziwak x1vvkbs xtlvy1s\">\n<div class=\"xdj266r x14z9mp xat24cr x1lziwak x1vvkbs\">Loo Kultuurikeskuse B-saalis (Saha tee 11, Loo)<\/div>\n<div class=\"x14z9mp xat24cr x1lziwak x1vvkbs xtlvy1s\">Ootame k\u00f5iki J\u00f5el\u00e4htme valla seenioreid tervisep\u00e4evale, mis toob endaga kaasa teadmisi, muusikat, huumorit ja head seltskonda.<\/div>\n<div class=\"x14z9mp xat24cr x1lziwak x1vvkbs xtlvy1s\">P\u00e4evakava:<br class=\"html-br\">12:00\u201312:15 \u2013 kogunemine<br class=\"html-br\">12:15\u201312:45 \u2013 JEIK tutvustus<br class=\"html-br\">13:00\u201313:45 \u2013 klaveril Markus Jets Jan<br class=\"html-br\">13:45\u201314:00 \u2013 paus<br class=\"html-br\">14:00\u201314:30 \u2013 terviseteemad Aino Kiiveriga<br class=\"html-br\">14:45\u201315:15 \u2013 nali ja naer<br class=\"html-br\">15:30\u201316:00 \u2013 esineb Maarja Haamer ehk Marnu<\/div>\n<div>&nbsp;<\/div>\n<\/div>\n<div>&nbsp;<\/div>\n<div>&nbsp;<\/div>\n<p><a href=\"http:\/\/joelahtmekultuur.ee\/lookultuurikeskus\/wp-content\/uploads\/sites\/6\/2025\/10\/Silmade-kontroll-24.10.25.jpg\"><img loading=\"lazy\" decoding=\"async\" class=\"wp-image-87180 alignleft\" src=\"http:\/\/joelahtmekultuur.ee\/lookultuurikeskus\/wp-content\/uploads\/sites\/6\/2025\/10\/Silmade-kontroll-24.10.25.jpg\" alt=\"\" width=\"222\" height=\"314\" srcset=\"http:\/\/joelahtmekultuur.ee\/lookultuurikeskus\/wp-content\/uploads\/sites\/6\/2025\/10\/Silmade-kontroll-24.10.25.jpg 1587w, http:\/\/joelahtmekultuur.ee\/lookultuurikeskus\/wp-content\/uploads\/sites\/6\/2025\/10\/Silmade-kontroll-24.10.25-212x300.jpg 212w, http:\/\/joelahtmekultuur.ee\/lookultuurikeskus\/wp-content\/uploads\/sites\/6\/2025\/10\/Silmade-kontroll-24.10.25-724x1024.jpg 724w, http:\/\/joelahtmekultuur.ee\/lookultuurikeskus\/wp-content\/uploads\/sites\/6\/2025\/10\/Silmade-kontroll-24.10.25-768x1086.jpg 768w, http:\/\/joelahtmekultuur.ee\/lookultuurikeskus\/wp-content\/uploads\/sites\/6\/2025\/10\/Silmade-kontroll-24.10.25-1086x1536.jpg 1086w, http:\/\/joelahtmekultuur.ee\/lookultuurikeskus\/wp-content\/uploads\/sites\/6\/2025\/10\/Silmade-kontroll-24.10.25-1448x2048.jpg 1448w\" sizes=\"auto, (max-width: 222px) 100vw, 222px\" \/><\/a><\/p>\n<p><strong>Silmade kontroll ja prillide m\u00fc\u00fck<\/strong><\/p>\n<p><strong>22. oktoober kell 10.00-12.00<\/strong><\/p>\n<p>Loo Kultuurikeskuses &#8211; Kuusiku tee 1a, Loo<\/p>\n<div class=\"x14z9mp xat24cr x1lziwak x1vvkbs xtlvy1s\">Kuivasilmatest<br class=\"html-br\">Silmar\u00f5hu m\u00f5\u00f5tmine<br class=\"html-br\">Optilised p\u00e4ikeseprillid<\/div>\n<div class=\"x14z9mp xat24cr x1lziwak x1vvkbs xtlvy1s\">Silmade kontrolli teostab Hindpere Optika. Eelregistreerimine vajalik numbril 5323 2454.<\/div>\n<div class=\"x14z9mp xat24cr x1lziwak x1vvkbs xtlvy1s\">Silmade kontroll 20 EUR \/ prilliostjale TASUTA<\/div>\n<div class=\"x14z9mp xat24cr x1lziwak x1vvkbs xtlvy1s\">Hoolitse oma silmade tervise eest ja vali kvaliteetsed prillid, mis sobivad just sulle!&nbsp;<\/div>\n<div>&nbsp;<\/div>\n<div>&nbsp;<\/div>\n<div>&nbsp;<\/div>\n<div>&nbsp;<\/div>\n<p><a href=\"http:\/\/joelahtmekultuur.ee\/lookultuurikeskus\/wp-content\/uploads\/sites\/6\/2025\/08\/JOUSAAL-EMMEDELE-JA-SEENIORIDELE-1.jpg\"><img loading=\"lazy\" decoding=\"async\" class=\"wp-image-86670 alignleft\" src=\"http:\/\/joelahtmekultuur.ee\/lookultuurikeskus\/wp-content\/uploads\/sites\/6\/2025\/08\/JOUSAAL-EMMEDELE-JA-SEENIORIDELE-1.jpg\" alt=\"\" width=\"222\" height=\"314\" srcset=\"http:\/\/joelahtmekultuur.ee\/lookultuurikeskus\/wp-content\/uploads\/sites\/6\/2025\/08\/JOUSAAL-EMMEDELE-JA-SEENIORIDELE-1.jpg 1587w, http:\/\/joelahtmekultuur.ee\/lookultuurikeskus\/wp-content\/uploads\/sites\/6\/2025\/08\/JOUSAAL-EMMEDELE-JA-SEENIORIDELE-1-212x300.jpg 212w, http:\/\/joelahtmekultuur.ee\/lookultuurikeskus\/wp-content\/uploads\/sites\/6\/2025\/08\/JOUSAAL-EMMEDELE-JA-SEENIORIDELE-1-724x1024.jpg 724w, http:\/\/joelahtmekultuur.ee\/lookultuurikeskus\/wp-content\/uploads\/sites\/6\/2025\/08\/JOUSAAL-EMMEDELE-JA-SEENIORIDELE-1-768x1086.jpg 768w, http:\/\/joelahtmekultuur.ee\/lookultuurikeskus\/wp-content\/uploads\/sites\/6\/2025\/08\/JOUSAAL-EMMEDELE-JA-SEENIORIDELE-1-1086x1536.jpg 1086w, http:\/\/joelahtmekultuur.ee\/lookultuurikeskus\/wp-content\/uploads\/sites\/6\/2025\/08\/JOUSAAL-EMMEDELE-JA-SEENIORIDELE-1-1448x2048.jpg 1448w\" sizes=\"auto, (max-width: 222px) 100vw, 222px\" \/><\/a><\/p>\n<p><strong>Seenioridele<\/strong> on <strong>Loo J\u00f5usaalis<\/strong> avatud eriajad:<\/p>\n<p><strong>esmasp\u00e4eviti<\/strong> &#8211; kell 9.00-13.00<\/p>\n<p><strong>neljap\u00e4eviti<\/strong> &#8211; kell 9.00-13.00<\/p>\n<p>Sissep\u00e4\u00e4s Loo J\u00f5usaali maksab J\u00f5el\u00e4htme valla seenioridele 2\u20ac ja tasutakse kohapeal.<\/p>\n<p>Tule trenni!<\/p>\n<p>&nbsp;<\/p>\n<p>&nbsp;<\/p>\n<p>&nbsp;<\/p>\n<p>&nbsp;<\/p>\n<p>&nbsp;<\/p>\n<p><a href=\"http:\/\/joelahtmekultuur.ee\/lookultuurikeskus\/wp-content\/uploads\/sites\/6\/2025\/09\/SEENIORIDE-VOIMLEMINE-2024.jpg\"><img loading=\"lazy\" decoding=\"async\" class=\"wp-image-87024 alignleft\" src=\"http:\/\/joelahtmekultuur.ee\/lookultuurikeskus\/wp-content\/uploads\/sites\/6\/2025\/09\/SEENIORIDE-VOIMLEMINE-2024.jpg\" alt=\"\" width=\"221\" height=\"312\" srcset=\"http:\/\/joelahtmekultuur.ee\/lookultuurikeskus\/wp-content\/uploads\/sites\/6\/2025\/09\/SEENIORIDE-VOIMLEMINE-2024.jpg 1587w, http:\/\/joelahtmekultuur.ee\/lookultuurikeskus\/wp-content\/uploads\/sites\/6\/2025\/09\/SEENIORIDE-VOIMLEMINE-2024-212x300.jpg 212w, http:\/\/joelahtmekultuur.ee\/lookultuurikeskus\/wp-content\/uploads\/sites\/6\/2025\/09\/SEENIORIDE-VOIMLEMINE-2024-724x1024.jpg 724w, http:\/\/joelahtmekultuur.ee\/lookultuurikeskus\/wp-content\/uploads\/sites\/6\/2025\/09\/SEENIORIDE-VOIMLEMINE-2024-768x1086.jpg 768w, http:\/\/joelahtmekultuur.ee\/lookultuurikeskus\/wp-content\/uploads\/sites\/6\/2025\/09\/SEENIORIDE-VOIMLEMINE-2024-1086x1536.jpg 1086w, http:\/\/joelahtmekultuur.ee\/lookultuurikeskus\/wp-content\/uploads\/sites\/6\/2025\/09\/SEENIORIDE-VOIMLEMINE-2024-1448x2048.jpg 1448w\" sizes=\"auto, (max-width: 221px) 100vw, 221px\" \/><\/a><\/p>\n<p>J\u00f5el\u00e4htme valla <strong>seeniorid v\u00f5imlevad<\/strong> alates 9. septembrist koos treener Alisa Mletsiniga igal <strong>teisip\u00e4eval kell 12.30-13.30<\/strong> Loo Kultuurikeskuse A-saalis.<\/p>\n<p>NB! Iga kuu viimasel n\u00e4dalal toimub treening Alisa Mletsiniga Loo J\u00f5usaalis.<\/p>\n<p>&nbsp;<\/p>\n<p>&nbsp;<\/p>\n<p>&nbsp;<\/p>\n<p>&nbsp;<\/p>\n<p>&nbsp;<\/p>\n<p>&nbsp;<\/p>\n<p>&nbsp;<\/p>\n<hr>\n<p><a href=\"http:\/\/joelahtmekultuur.ee\/lookultuurikeskus\/wp-content\/uploads\/sites\/6\/2025\/05\/Nimetu-kujundus-3.png\"><img loading=\"lazy\" decoding=\"async\" class=\"size-full wp-image-85905 aligncenter\" src=\"http:\/\/joelahtmekultuur.ee\/lookultuurikeskus\/wp-content\/uploads\/sites\/6\/2025\/05\/Nimetu-kujundus-3.png\" alt=\"\" width=\"1200\" height=\"628\" srcset=\"http:\/\/joelahtmekultuur.ee\/lookultuurikeskus\/wp-content\/uploads\/sites\/6\/2025\/05\/Nimetu-kujundus-3.png 1200w, http:\/\/joelahtmekultuur.ee\/lookultuurikeskus\/wp-content\/uploads\/sites\/6\/2025\/05\/Nimetu-kujundus-3-300x157.png 300w, http:\/\/joelahtmekultuur.ee\/lookultuurikeskus\/wp-content\/uploads\/sites\/6\/2025\/05\/Nimetu-kujundus-3-1024x536.png 1024w, http:\/\/joelahtmekultuur.ee\/lookultuurikeskus\/wp-content\/uploads\/sites\/6\/2025\/05\/Nimetu-kujundus-3-768x402.png 768w\" sizes=\"auto, (max-width: 1200px) 100vw, 1200px\" \/><\/a><\/p>\n<p>\u00dcha enam hakatakse Eestis m\u00f5tlema erinevate elanikkonnagruppide kaasatusele, nii ka eakate hulgas. Paljudes omavalitsustes on loodud eakate n\u00f5ukogud, kuhu kuuluvad eakate esindajad ja omavalitsuse sotsiaalt\u00f6\u00f6ga tegelevad ametnikud. Ikka selleks, et luua dialoog omavalitsuse ja eakate vahel, lahendada \u00fchiseid muresid, saada n\u00f5u, v\u00f5tta vastu olulisi otsuseid v\u00f5i lihtsalt omavahel suhelda.<\/p>\n<p><strong>J\u00f5el\u00e4htme vallavalitsus on asunud otsima valla eri piirkondade aktiivseid 55+ aastaseid inimesi, kes tahaksid meie \u00fchiskonnaelus s\u00f5na sekka \u00f6elda. Ei ole oluline, et kohe ei tulegi justkui midagi asjalikku meelde \u2013 kindlasti tekib \u00fchiste arutelude k\u00e4igus uusi m\u00f5tteid ja arusaamu.<\/strong><\/p>\n<p>Eakate n\u00f5ukogu \u00fcks eesm\u00e4rke on kutsuda osalema aktiivsesse suhtlemisse. Selleks plaanime korraldada v\u00e4ljas\u00f5ite teatrisse, laatadele, ekskursioonidele ja kohtumistele naaberomavalitsuste eakatega. \u00dcritustel arutleme ja p\u00fc\u00fcame leida just need inimesed, kes soovivad meie eakate muresid ja r\u00f5\u00f5me omavalitsusega jagada.<\/p>\n<p>Organisatsiooni loomise eesm\u00e4rk on anda eakatele v\u00f5imalus osaleda aktiivselt \u00fchiskonnaelu probleemide arutamisel ja oma ettepanekute tegemisel ning l\u00fc\u00fca kaasa \u00fchiskondlikel \u00fcritustel. J\u00f5el\u00e4htme eakate n\u00f5ukogu eestvedajad on <strong>J\u00f5el\u00e4htme vallavalitsus<\/strong>, <strong>Loo kultuurikeskus<\/strong> ja <strong>J\u00f5el\u00e4htme valla p\u00e4evakeskus<\/strong>.&nbsp;<\/p>\n<p>J\u00f5el\u00e4htme eakate n\u00f5ukogu loomist toetatakse EU projektist: kogukonna juhitud kohaliku arengu toetus \u201eSotsiaalne sidusus&#8221; (ESF+) (P\u00f5hja-Harju Koost\u00f6\u00f6kogu) 2025.<\/p>\n<p class=\"x_MsoNormal\">&nbsp;<\/p>\n<p>&nbsp;<\/p>\n<p>&nbsp;<\/p>\n<p style=\"text-align: justify\">&nbsp;<\/p>\n","protected":false},"excerpt":{"rendered":"<p>J\u00d5EL\u00c4HTME SEENIORID OKTOOBRIS: Kutsume J\u00f5el\u00e4htme valla seenioreid kaasa p\u00e4evasele reisile Rae valda!14. oktoober &nbsp;kell 13.00 Loo Kultuurikeskus ja J\u00f5el\u00e4htme Valla P\u00e4evakeskus kutsuvad meeleolukale v\u00e4ljas\u00f5idule Rae valda! NB! Tasuta buss v\u00f5tab peale k\u00f5ik soovijad J\u00f5el\u00e4htme vallast.Loolt on v\u00e4ljas\u00f5it kell 13.00 Edasi-tagasi buss on TASUTA Kohtume Rae valla Eakate N\u00f5ukoguga kl 17.00 Registreerumine kuni 13. oktoober: Lily [&hellip;]<\/p>\n","protected":false},"author":7,"featured_media":0,"parent":0,"menu_order":0,"comment_status":"closed","ping_status":"closed","template":"","meta":{"ngg_post_thumbnail":0,"footnotes":""},"class_list":["post-81196","page","type-page","status-publish","hentry"],"_links":{"self":[{"href":"http:\/\/joelahtmekultuur.ee\/lookultuurikeskus\/wp-json\/wp\/v2\/pages\/81196","targetHints":{"allow":["GET"]}}],"collection":[{"href":"http:\/\/joelahtmekultuur.ee\/lookultuurikeskus\/wp-json\/wp\/v2\/pages"}],"about":[{"href":"http:\/\/joelahtmekultuur.ee\/lookultuurikeskus\/wp-json\/wp\/v2\/types\/page"}],"author":[{"embeddable":true,"href":"http:\/\/joelahtmekultuur.ee\/lookultuurikeskus\/wp-json\/wp\/v2\/users\/7"}],"replies":[{"embeddable":true,"href":"http:\/\/joelahtmekultuur.ee\/lookultuurikeskus\/wp-json\/wp\/v2\/comments?post=81196"}],"version-history":[{"count":28,"href":"http:\/\/joelahtmekultuur.ee\/lookultuurikeskus\/wp-json\/wp\/v2\/pages\/81196\/revisions"}],"predecessor-version":[{"id":87183,"href":"http:\/\/joelahtmekultuur.ee\/lookultuurikeskus\/wp-json\/wp\/v2\/pages\/81196\/revisions\/87183"}],"wp:attachment":[{"href":"http:\/\/joelahtmekultuur.ee\/lookultuurikeskus\/wp-json\/wp\/v2\/media?parent=81196"}],"curies":[{"name":"wp","href":"https:\/\/api.w.org\/{rel}","templated":true}]}}