{"id":2629,"date":"2015-10-16T20:31:15","date_gmt":"2015-10-16T17:31:15","guid":{"rendered":"http:\/\/joelahtmekultuur.ee\/mois\/?page_id=2629"},"modified":"2026-02-03T13:41:17","modified_gmt":"2026-02-03T11:41:17","slug":"noored-dekoraatorid","status":"publish","type":"page","link":"http:\/\/joelahtmekultuur.ee\/mois\/noored-dekoraatorid\/","title":{"rendered":"Noored dekoraatorid"},"content":{"rendered":"<p>Noorte dekoraatorite huviring alustas tegevust 2015. aastal.<\/p>\n<p>Teeme koos<strong> alates 09.2025<\/strong>&nbsp;\u00fcle n\u00e4dala<strong> asmasp\u00e4eviti kell 16.15<br \/>\n<\/strong>Juhendaja Kersti Vaht tel.&nbsp;5191 8355, e-post kersti.vaht@joelahtmekultuur.ee<br \/>\nValmistame erinevatest materjalidest kaunistusi ja kujunduselemente! Valminud t\u00f6\u00f6dega ehime koos m\u00f5isa ruume ja dekoreerime erinevaid \u00fcritusi.<\/p>\n<p><a href=\"http:\/\/joelahtmekultuur.ee\/mois\/wp-content\/uploads\/sites\/5\/2025\/09\/noored25.jpg\"><img loading=\"lazy\" decoding=\"async\" class=\"alignnone wp-image-7126 size-full\" src=\"http:\/\/joelahtmekultuur.ee\/mois\/wp-content\/uploads\/sites\/5\/2025\/09\/noored25.jpg\" alt=\"\" width=\"1587\" height=\"2245\" srcset=\"http:\/\/joelahtmekultuur.ee\/mois\/wp-content\/uploads\/sites\/5\/2025\/09\/noored25.jpg 1587w, http:\/\/joelahtmekultuur.ee\/mois\/wp-content\/uploads\/sites\/5\/2025\/09\/noored25-212x300.jpg 212w, http:\/\/joelahtmekultuur.ee\/mois\/wp-content\/uploads\/sites\/5\/2025\/09\/noored25-724x1024.jpg 724w, http:\/\/joelahtmekultuur.ee\/mois\/wp-content\/uploads\/sites\/5\/2025\/09\/noored25-768x1086.jpg 768w, http:\/\/joelahtmekultuur.ee\/mois\/wp-content\/uploads\/sites\/5\/2025\/09\/noored25-1086x1536.jpg 1086w, http:\/\/joelahtmekultuur.ee\/mois\/wp-content\/uploads\/sites\/5\/2025\/09\/noored25-1448x2048.jpg 1448w\" sizes=\"auto, (max-width: 1587px) 100vw, 1587px\" \/><\/a><\/p>\n","protected":false},"excerpt":{"rendered":"<p>Noorte dekoraatorite huviring alustas tegevust 2015. aastal. Teeme koos alates 09.2025&nbsp;\u00fcle n\u00e4dala asmasp\u00e4eviti kell 16.15 Juhendaja Kersti Vaht tel.&nbsp;5191 8355, e-post kersti.vaht@joelahtmekultuur.ee Valmistame erinevatest materjalidest kaunistusi ja kujunduselemente! Valminud t\u00f6\u00f6dega ehime koos m\u00f5isa ruume ja dekoreerime erinevaid \u00fcritusi.<\/p>\n","protected":false},"author":6,"featured_media":0,"parent":0,"menu_order":0,"comment_status":"closed","ping_status":"closed","template":"","meta":{"ngg_post_thumbnail":0,"footnotes":""},"class_list":["post-2629","page","type-page","status-publish","hentry"],"_links":{"self":[{"href":"http:\/\/joelahtmekultuur.ee\/mois\/wp-json\/wp\/v2\/pages\/2629","targetHints":{"allow":["GET"]}}],"collection":[{"href":"http:\/\/joelahtmekultuur.ee\/mois\/wp-json\/wp\/v2\/pages"}],"about":[{"href":"http:\/\/joelahtmekultuur.ee\/mois\/wp-json\/wp\/v2\/types\/page"}],"author":[{"embeddable":true,"href":"http:\/\/joelahtmekultuur.ee\/mois\/wp-json\/wp\/v2\/users\/6"}],"replies":[{"embeddable":true,"href":"http:\/\/joelahtmekultuur.ee\/mois\/wp-json\/wp\/v2\/comments?post=2629"}],"version-history":[{"count":40,"href":"http:\/\/joelahtmekultuur.ee\/mois\/wp-json\/wp\/v2\/pages\/2629\/revisions"}],"predecessor-version":[{"id":7187,"href":"http:\/\/joelahtmekultuur.ee\/mois\/wp-json\/wp\/v2\/pages\/2629\/revisions\/7187"}],"wp:attachment":[{"href":"http:\/\/joelahtmekultuur.ee\/mois\/wp-json\/wp\/v2\/media?parent=2629"}],"curies":[{"name":"wp","href":"https:\/\/api.w.org\/{rel}","templated":true}]}}