{"id":4770,"date":"2018-03-26T11:40:54","date_gmt":"2018-03-26T08:40:54","guid":{"rendered":"http:\/\/joelahtmekultuur.ee\/mois\/?page_id=4770"},"modified":"2022-06-14T11:22:49","modified_gmt":"2022-06-14T08:22:49","slug":"kostivere-moisapaev","status":"publish","type":"page","link":"http:\/\/joelahtmekultuur.ee\/mois\/kostivere-moisapaev\/","title":{"rendered":"KOSTIVERE M\u00d5ISAP\u00c4EV"},"content":{"rendered":"<p>Kostivere M\u00f5isap\u00e4ev on kodanikualgatusel ellu kutsutud s\u00fcndmus, mille algatas 2008. aastal MT\u00dc Kostivere Selts ja 2012. aastast (p\u00e4rast Kostivere Kultuurim\u00f5isa loomist) on see MT\u00dc ja Kostivere Kultuurim\u00f5isa koost\u00f6\u00f6projekt.<\/p>\n<p>See on siinse kogukonna oodatuim suves\u00fcndmus ning on kujunenud paljudele peredele, suguv\u00f5sadele ning s\u00f5pruskondadele iga-aastaseks kokkusaamise kohaks.<br \/>\nKostivere M\u00f5isap\u00e4ev toimub igal aastal augustikuu teisel p\u00fchap\u00e4eval ning on igal aastal p\u00fchendatud erinevale teemale: \u201eMeeste tegemised\u201c, \u201eLahe on olla noor!\u201c, \u201eKaheksa sajandit Maarjamaad\u201c, \u201eKarjapoiss on kuningas\u201c, \u201eIsamaaline piknik\u201c, \u201e600 aastat m\u00f5isakultuuri\u201c, \u201eS\u00f5ida tasa \u00fcle silla\u201c, \u201eSada maitset \u00fches pajas\u201c, \u201eLoon enese ja teiste r\u00f5\u00f5muks\u201c jne<\/p>\n<p>T\u00e4htsal kohal on m\u00f5isa p\u00e4randi tutvustamine l\u00e4bi ajalooliste n\u00e4ituste ja loengute ning kohaliku p\u00f5llu- ja aiasaaduste toodangu tutvustamine. M\u00f5isap\u00e4eva lahutamatuks osaks on saanud hubane aiasaaduste laat, erinevad teemakohased \u00f5pitoad ja kontserdid.<\/p>\n<p><a href=\"http:\/\/joelahtmekultuur.ee\/mois\/kostivere-moisapaev-2022\/\">2022<\/a><\/p>\n","protected":false},"excerpt":{"rendered":"<p>Kostivere M\u00f5isap\u00e4ev on kodanikualgatusel ellu kutsutud s\u00fcndmus, mille algatas 2008. aastal MT\u00dc Kostivere Selts ja 2012. aastast (p\u00e4rast Kostivere Kultuurim\u00f5isa loomist) on see MT\u00dc ja Kostivere Kultuurim\u00f5isa koost\u00f6\u00f6projekt. See on siinse kogukonna oodatuim suves\u00fcndmus ning on kujunenud paljudele peredele, suguv\u00f5sadele ning s\u00f5pruskondadele iga-aastaseks kokkusaamise kohaks. Kostivere M\u00f5isap\u00e4ev toimub igal aastal augustikuu teisel p\u00fchap\u00e4eval ning on [&hellip;]<\/p>\n","protected":false},"author":6,"featured_media":0,"parent":0,"menu_order":0,"comment_status":"closed","ping_status":"closed","template":"","meta":{"ngg_post_thumbnail":0,"footnotes":""},"class_list":["post-4770","page","type-page","status-publish","hentry"],"_links":{"self":[{"href":"http:\/\/joelahtmekultuur.ee\/mois\/wp-json\/wp\/v2\/pages\/4770","targetHints":{"allow":["GET"]}}],"collection":[{"href":"http:\/\/joelahtmekultuur.ee\/mois\/wp-json\/wp\/v2\/pages"}],"about":[{"href":"http:\/\/joelahtmekultuur.ee\/mois\/wp-json\/wp\/v2\/types\/page"}],"author":[{"embeddable":true,"href":"http:\/\/joelahtmekultuur.ee\/mois\/wp-json\/wp\/v2\/users\/6"}],"replies":[{"embeddable":true,"href":"http:\/\/joelahtmekultuur.ee\/mois\/wp-json\/wp\/v2\/comments?post=4770"}],"version-history":[{"count":3,"href":"http:\/\/joelahtmekultuur.ee\/mois\/wp-json\/wp\/v2\/pages\/4770\/revisions"}],"predecessor-version":[{"id":6362,"href":"http:\/\/joelahtmekultuur.ee\/mois\/wp-json\/wp\/v2\/pages\/4770\/revisions\/6362"}],"wp:attachment":[{"href":"http:\/\/joelahtmekultuur.ee\/mois\/wp-json\/wp\/v2\/media?parent=4770"}],"curies":[{"name":"wp","href":"https:\/\/api.w.org\/{rel}","templated":true}]}}