{"id":4857,"date":"2019-04-08T15:48:43","date_gmt":"2019-04-08T12:48:43","guid":{"rendered":"http:\/\/joelahtmekultuur.ee\/mois\/?page_id=4857"},"modified":"2019-04-08T18:22:08","modified_gmt":"2019-04-08T15:22:08","slug":"moisalaada-registreerimine","status":"publish","type":"page","link":"http:\/\/joelahtmekultuur.ee\/mois\/kostivere-moisapaeva-laat\/moisalaada-registreerimine\/","title":{"rendered":"Laadale registreerimine"},"content":{"rendered":"<p><strong>KOSTIVERE XI M\u00d5ISAP\u00c4EVA TOIDU- JA K\u00c4SIT\u00d6\u00d6LAAT<\/strong><\/p>\n<p><strong>Laadale on oodatud Eesti ettev\u00f5tlike inimeste ning v\u00e4ikeettev\u00f5tete&nbsp; omavalmistatud tooted.&nbsp; Olulisel kohal on ka eestimaine jook ja s\u00f6\u00f6k.<\/strong><\/p>\n<p>&nbsp;<\/p>\n<p><strong>\u00dcldtingimused:<\/strong><\/p>\n<ul>\n<li>Laat toimub 18.augustil 2019 Kostivere m\u00f5isa auhoovis ja -pargis (asukohaga M\u00f5isa tee 2, Kostivere, J\u00f5el\u00e4htme vald, Harjumaa)<br \/>\nKontakt kauplemisega seotud k\u00fcsimustes: e-post: <a href=\"mailto:kultuurimois@joelahtmekultuur.ee\">kultuurimois@joelahtmekultuur.ee<\/a>; telefon &nbsp;5191 8355<\/li>\n<li>Elektrienergia kasutamine on v\u00f5imalik ainult selleks ettevalmistatud kauplemiskohtades, eelneva kokkuleppe alusel.<\/li>\n<li>Elektritarbijal peab olema kaasas v\u00e4hemalt 50 m niiskuskindel pikendusjuhe.<\/li>\n<\/ul>\n<p><strong>Registreerumine laadale:<\/strong><\/p>\n<ul>\n<li>M\u00f5isap\u00e4eva laadal kauplemine, toimub ainult eelregistreerimise kaudu.<\/li>\n<li>Korraldaja vastab registreeringule e-postiaadressile esimesel v\u00f5imalusel ja vajadusel k\u00fcsib lisainfot.<\/li>\n<li>Registreering j\u00f5ustub p\u00e4rast m\u00fc\u00fcgikohatasu laekumist.<\/li>\n<li>Korraldaja esitab kaupleja poolt antud e-postiaadressile m\u00fc\u00fcgikoha tasumiseks arve.<\/li>\n<\/ul>\n<p>\u00d5igeaegselt tasumata arve puhul registreering t\u00fchistatakse.<\/p>\n<ul>\n<li>M\u00fc\u00fcgikoha hind 10 \u20ac (pind 3x3m), elektrikasutusega 20 \u20ac. Iga lisameeter maksab 5 \u20ac.<\/li>\n<\/ul>\n<p><strong>Laadaplatsi tingimused:<\/strong><\/p>\n<ul>\n<li><strong>Kostivere m\u00f5isap\u00e4eva laada territoorium avatakse 18.augustil kell 7.30<\/strong><\/li>\n<li><strong>M\u00fc\u00fcgikohtade \u00fclesseadmine toimub 18.augusti hommikul kell 7.30-10.30. <\/strong><\/li>\n<li>Autode parkimine m\u00f5isahoovis ei ole lubatud. Parkida saab selleks etten\u00e4htud parklas.<\/li>\n<li>Kauplejaid oodatakse oma inventariga (telk, lauad, toolid). Korraldaja inventari ei paku.<\/li>\n<li>Korraldajal on \u00f5igus mittesobivat kaupa laadale mitte lubada.<\/li>\n<li>Korraldajal on \u00f5igus paigutada kauplejad vastavalt toote teenuste gruppidele ja elektrikasutus v\u00f5imalustele.<\/li>\n<li>K\u00e4tepesu ja WC kasutamine on Kostivere m\u00f5isahoones.<\/li>\n<li>Kaupleja on kohustatud olema kohapeal, kuni m\u00f5isap\u00e4eva programmi l\u00f5puni (kell 17.00) ning alles p\u00e4rast seda pakkima kokku oma m\u00fc\u00fcgikoha.<\/li>\n<li>Kaupleja on kohustatud korras hoidma oma m\u00fc\u00fcgiplatsi kogu p\u00e4eva v\u00e4ltel, laada l\u00f5ppedes, selle koristama ning viima pr\u00fcgi selleks etten\u00e4htud kohta.<\/li>\n<\/ul>\n<p style=\"text-align: center\"><span style=\"font-size: 24pt\"><strong><a href=\"https:\/\/form.jotformeu.com\/90972261529362\">Registreeru siin<\/a><\/strong><\/span><\/p>\n","protected":false},"excerpt":{"rendered":"<p>KOSTIVERE XI M\u00d5ISAP\u00c4EVA TOIDU- JA K\u00c4SIT\u00d6\u00d6LAAT Laadale on oodatud Eesti ettev\u00f5tlike inimeste ning v\u00e4ikeettev\u00f5tete&nbsp; omavalmistatud tooted.&nbsp; Olulisel kohal on ka eestimaine jook ja s\u00f6\u00f6k. &nbsp; \u00dcldtingimused: Laat toimub 18.augustil 2019 Kostivere m\u00f5isa auhoovis ja -pargis (asukohaga M\u00f5isa tee 2, Kostivere, J\u00f5el\u00e4htme vald, Harjumaa) Kontakt kauplemisega seotud k\u00fcsimustes: e-post: kultuurimois@joelahtmekultuur.ee; telefon &nbsp;5191 8355 Elektrienergia kasutamine on [&hellip;]<\/p>\n","protected":false},"author":6,"featured_media":0,"parent":5290,"menu_order":0,"comment_status":"closed","ping_status":"closed","template":"","meta":{"ngg_post_thumbnail":0,"footnotes":""},"class_list":["post-4857","page","type-page","status-publish","hentry"],"_links":{"self":[{"href":"http:\/\/joelahtmekultuur.ee\/mois\/wp-json\/wp\/v2\/pages\/4857","targetHints":{"allow":["GET"]}}],"collection":[{"href":"http:\/\/joelahtmekultuur.ee\/mois\/wp-json\/wp\/v2\/pages"}],"about":[{"href":"http:\/\/joelahtmekultuur.ee\/mois\/wp-json\/wp\/v2\/types\/page"}],"author":[{"embeddable":true,"href":"http:\/\/joelahtmekultuur.ee\/mois\/wp-json\/wp\/v2\/users\/6"}],"replies":[{"embeddable":true,"href":"http:\/\/joelahtmekultuur.ee\/mois\/wp-json\/wp\/v2\/comments?post=4857"}],"version-history":[{"count":15,"href":"http:\/\/joelahtmekultuur.ee\/mois\/wp-json\/wp\/v2\/pages\/4857\/revisions"}],"predecessor-version":[{"id":5323,"href":"http:\/\/joelahtmekultuur.ee\/mois\/wp-json\/wp\/v2\/pages\/4857\/revisions\/5323"}],"up":[{"embeddable":true,"href":"http:\/\/joelahtmekultuur.ee\/mois\/wp-json\/wp\/v2\/pages\/5290"}],"wp:attachment":[{"href":"http:\/\/joelahtmekultuur.ee\/mois\/wp-json\/wp\/v2\/media?parent=4857"}],"curies":[{"name":"wp","href":"https:\/\/api.w.org\/{rel}","templated":true}]}}