{"id":5473,"date":"2019-09-17T13:41:32","date_gmt":"2019-09-17T10:41:32","guid":{"rendered":"http:\/\/joelahtmekultuur.ee\/mois\/?page_id=5473"},"modified":"2026-02-03T13:40:49","modified_gmt":"2026-02-03T11:40:49","slug":"ehtemeistrite-tootuba","status":"publish","type":"page","link":"http:\/\/joelahtmekultuur.ee\/mois\/ehtemeistrite-tootuba\/","title":{"rendered":"Noored ehtemeistrid"},"content":{"rendered":"<p>Ehtemeistrite huviring alustas tegevust 2019. aastal.<\/p>\n<p>Meisterdame <strong>alates septembrist 2025 \u00fcle n\u00e4dala neljap\u00e4eviti kell 16.15<\/strong>.<br \/>\nJuhendaja Egle Govorun 56874270, egle_gvr@hotmail.com<\/p>\n<p><a href=\"http:\/\/joelahtmekultuur.ee\/mois\/wp-content\/uploads\/sites\/5\/2025\/09\/ehtem25.jpg\"><img loading=\"lazy\" decoding=\"async\" class=\"alignnone wp-image-7128 size-full\" src=\"http:\/\/joelahtmekultuur.ee\/mois\/wp-content\/uploads\/sites\/5\/2025\/09\/ehtem25.jpg\" alt=\"\" width=\"1587\" height=\"2245\" srcset=\"http:\/\/joelahtmekultuur.ee\/mois\/wp-content\/uploads\/sites\/5\/2025\/09\/ehtem25.jpg 1587w, http:\/\/joelahtmekultuur.ee\/mois\/wp-content\/uploads\/sites\/5\/2025\/09\/ehtem25-212x300.jpg 212w, http:\/\/joelahtmekultuur.ee\/mois\/wp-content\/uploads\/sites\/5\/2025\/09\/ehtem25-724x1024.jpg 724w, http:\/\/joelahtmekultuur.ee\/mois\/wp-content\/uploads\/sites\/5\/2025\/09\/ehtem25-768x1086.jpg 768w, http:\/\/joelahtmekultuur.ee\/mois\/wp-content\/uploads\/sites\/5\/2025\/09\/ehtem25-1086x1536.jpg 1086w, http:\/\/joelahtmekultuur.ee\/mois\/wp-content\/uploads\/sites\/5\/2025\/09\/ehtem25-1448x2048.jpg 1448w\" sizes=\"auto, (max-width: 1587px) 100vw, 1587px\" \/><\/a><\/p>\n","protected":false},"excerpt":{"rendered":"<p>Ehtemeistrite huviring alustas tegevust 2019. aastal. Meisterdame alates septembrist 2025 \u00fcle n\u00e4dala neljap\u00e4eviti kell 16.15. Juhendaja Egle Govorun 56874270, egle_gvr@hotmail.com<\/p>\n","protected":false},"author":6,"featured_media":0,"parent":0,"menu_order":0,"comment_status":"closed","ping_status":"closed","template":"","meta":{"ngg_post_thumbnail":0,"footnotes":""},"class_list":["post-5473","page","type-page","status-publish","hentry"],"_links":{"self":[{"href":"http:\/\/joelahtmekultuur.ee\/mois\/wp-json\/wp\/v2\/pages\/5473","targetHints":{"allow":["GET"]}}],"collection":[{"href":"http:\/\/joelahtmekultuur.ee\/mois\/wp-json\/wp\/v2\/pages"}],"about":[{"href":"http:\/\/joelahtmekultuur.ee\/mois\/wp-json\/wp\/v2\/types\/page"}],"author":[{"embeddable":true,"href":"http:\/\/joelahtmekultuur.ee\/mois\/wp-json\/wp\/v2\/users\/6"}],"replies":[{"embeddable":true,"href":"http:\/\/joelahtmekultuur.ee\/mois\/wp-json\/wp\/v2\/comments?post=5473"}],"version-history":[{"count":22,"href":"http:\/\/joelahtmekultuur.ee\/mois\/wp-json\/wp\/v2\/pages\/5473\/revisions"}],"predecessor-version":[{"id":7186,"href":"http:\/\/joelahtmekultuur.ee\/mois\/wp-json\/wp\/v2\/pages\/5473\/revisions\/7186"}],"wp:attachment":[{"href":"http:\/\/joelahtmekultuur.ee\/mois\/wp-json\/wp\/v2\/media?parent=5473"}],"curies":[{"name":"wp","href":"https:\/\/api.w.org\/{rel}","templated":true}]}}