{"id":57,"date":"2014-04-12T12:49:45","date_gmt":"2014-04-12T09:49:45","guid":{"rendered":"http:\/\/joelahtmekultuur.ee\/mois\/?page_id=57"},"modified":"2022-09-08T10:27:57","modified_gmt":"2022-09-08T07:27:57","slug":"tutvustus","status":"publish","type":"page","link":"http:\/\/joelahtmekultuur.ee\/mois\/tutvustus\/","title":{"rendered":"Tutvustus"},"content":{"rendered":"<p>Eestimaa pealinnast vaid paarik\u00fcmne kilomeetri kaugusel J\u00f5el\u00e4htme vallas muistsetel Rebala aladel Kostivere alevikus asuvast Kostivere m\u00f5isast p\u00e4rinevad esmateated juba 14. sajandist.<br \/>\nSajandite jooksul on m\u00f5is \u00fcle elanud mitmeid riigikordi ning kuulunud erinevatele omanikele. Enamasti on omanikeks olnud perekonnad ning tegeldud on p\u00f5llumajanduse ja karjakasvatusega.<br \/>\nS\u00e4ilinud on hulk k\u00f5rvalhooneid. Kokku on kultuurim\u00e4lestistena riikliku kaitse all 14 hoonet ja rajatist. T\u00e4nane m\u00f5isa peahoone on ehitatud 1776. aastal ja asub koos looduskaitsealuse m\u00f5isapargiga j\u00f5esaarel.<br \/>\nN\u00f5ukogude ajal oli peahoone sovhoosi keskuseks. Peale sovhoosi lagunemist aastaid \u00f5ige kasutuseta ja poolt\u00fchja m\u00f5isahoone kasutuselev\u00f5tt, korrastamine ja esimesed renoveerimist\u00f6\u00f6d algasid Kostivere aktiivsete elanike eestvedamisel. Seej\u00e4rel v\u00f5ttis hoone haldamise \u00fcle J\u00f5el\u00e4htme Vallavalitsus kes on v\u00f5tnud s\u00fcdameasjaks m\u00f5isahoone renoveerimise ning pea igal aastal saab mingi osa m\u00f5isast renoveeritud.<br \/>\nKui esimesed ruumid korda said, hakati m\u00f5isale otsima kasutusfunktsiooni ning otsustati 2012.aastal asutada aleviku kultuurielu elavdamiseks ja koondamiseks kultuuriasutus, mis sai nimeks Kostivere Kultuurim\u00f5is.<br \/>\nKostivere Kultuurim\u00f5is on J\u00f5el\u00e4htme Valla Kultuurikeskuse allasutus, kus tegutseb k\u00fcmmekond huvitegevuskollektiivi ning toimub arvukalt eripalgelisi kultuuris\u00fcndmusi. Paljud \u00fcritused on kujunenud traditsioonilisteks, toimub mitmeid \u00fclevallalisi s\u00fcndmusi. Ruumid on tihti kasutuseks kohaliku kooli \u00fcritusteks, samuti erinevateks koosolekuteks, seminarideks jne. ning renditakse t\u00e4htp\u00e4evadeks.<br \/>\nM\u00f5isa ruumides tegutsevad veel P\u00f5hja-Harju Koost\u00f6\u00f6kogu ja J\u00f5el\u00e4htme Muusika- ja Kunstikooli Kostivere filiaal.<\/p>\n","protected":false},"excerpt":{"rendered":"<p>Eestimaa pealinnast vaid paarik\u00fcmne kilomeetri kaugusel J\u00f5el\u00e4htme vallas muistsetel Rebala aladel Kostivere alevikus asuvast Kostivere m\u00f5isast p\u00e4rinevad esmateated juba 14. sajandist. Sajandite jooksul on m\u00f5is \u00fcle elanud mitmeid riigikordi ning kuulunud erinevatele omanikele. Enamasti on omanikeks olnud perekonnad ning tegeldud on p\u00f5llumajanduse ja karjakasvatusega. S\u00e4ilinud on hulk k\u00f5rvalhooneid. Kokku on kultuurim\u00e4lestistena riikliku kaitse all 14 [&hellip;]<\/p>\n","protected":false},"author":1,"featured_media":0,"parent":0,"menu_order":0,"comment_status":"closed","ping_status":"closed","template":"","meta":{"ngg_post_thumbnail":0,"footnotes":""},"class_list":["post-57","page","type-page","status-publish","hentry"],"_links":{"self":[{"href":"http:\/\/joelahtmekultuur.ee\/mois\/wp-json\/wp\/v2\/pages\/57","targetHints":{"allow":["GET"]}}],"collection":[{"href":"http:\/\/joelahtmekultuur.ee\/mois\/wp-json\/wp\/v2\/pages"}],"about":[{"href":"http:\/\/joelahtmekultuur.ee\/mois\/wp-json\/wp\/v2\/types\/page"}],"author":[{"embeddable":true,"href":"http:\/\/joelahtmekultuur.ee\/mois\/wp-json\/wp\/v2\/users\/1"}],"replies":[{"embeddable":true,"href":"http:\/\/joelahtmekultuur.ee\/mois\/wp-json\/wp\/v2\/comments?post=57"}],"version-history":[{"count":24,"href":"http:\/\/joelahtmekultuur.ee\/mois\/wp-json\/wp\/v2\/pages\/57\/revisions"}],"predecessor-version":[{"id":6432,"href":"http:\/\/joelahtmekultuur.ee\/mois\/wp-json\/wp\/v2\/pages\/57\/revisions\/6432"}],"wp:attachment":[{"href":"http:\/\/joelahtmekultuur.ee\/mois\/wp-json\/wp\/v2\/media?parent=57"}],"curies":[{"name":"wp","href":"https:\/\/api.w.org\/{rel}","templated":true}]}}