{"id":5703,"date":"2020-06-26T13:20:40","date_gmt":"2020-06-26T10:20:40","guid":{"rendered":"http:\/\/joelahtmekultuur.ee\/mois\/?page_id=5703"},"modified":"2020-06-26T13:20:40","modified_gmt":"2020-06-26T10:20:40","slug":"kostivere-moisapaev-2009","status":"publish","type":"page","link":"http:\/\/joelahtmekultuur.ee\/mois\/kostivere-moisapaev-2009\/","title":{"rendered":"Kostivere M\u00f5isap\u00e4ev 2009"},"content":{"rendered":"<p><a href=\"http:\/\/joelahtmekultuur.ee\/mois\/wp-content\/uploads\/sites\/5\/2020\/06\/2009-m\u00f5isap\u00e4ev-v\u00e4iksam.jpg\"><img loading=\"lazy\" decoding=\"async\" class=\"alignnone size-full wp-image-5704\" src=\"http:\/\/joelahtmekultuur.ee\/mois\/wp-content\/uploads\/sites\/5\/2020\/06\/2009-m\u00f5isap\u00e4ev-v\u00e4iksam.jpg\" alt=\"\" width=\"1500\" height=\"2121\" srcset=\"http:\/\/joelahtmekultuur.ee\/mois\/wp-content\/uploads\/sites\/5\/2020\/06\/2009-m\u00f5isap\u00e4ev-v\u00e4iksam.jpg 1500w, http:\/\/joelahtmekultuur.ee\/mois\/wp-content\/uploads\/sites\/5\/2020\/06\/2009-m\u00f5isap\u00e4ev-v\u00e4iksam-212x300.jpg 212w, http:\/\/joelahtmekultuur.ee\/mois\/wp-content\/uploads\/sites\/5\/2020\/06\/2009-m\u00f5isap\u00e4ev-v\u00e4iksam-724x1024.jpg 724w, http:\/\/joelahtmekultuur.ee\/mois\/wp-content\/uploads\/sites\/5\/2020\/06\/2009-m\u00f5isap\u00e4ev-v\u00e4iksam-768x1086.jpg 768w, http:\/\/joelahtmekultuur.ee\/mois\/wp-content\/uploads\/sites\/5\/2020\/06\/2009-m\u00f5isap\u00e4ev-v\u00e4iksam-1086x1536.jpg 1086w, http:\/\/joelahtmekultuur.ee\/mois\/wp-content\/uploads\/sites\/5\/2020\/06\/2009-m\u00f5isap\u00e4ev-v\u00e4iksam-1448x2048.jpg 1448w\" sizes=\"auto, (max-width: 1500px) 100vw, 1500px\" \/><\/a><\/p>\n","protected":false},"excerpt":{"rendered":"","protected":false},"author":6,"featured_media":0,"parent":0,"menu_order":0,"comment_status":"closed","ping_status":"closed","template":"","meta":{"ngg_post_thumbnail":0,"footnotes":""},"class_list":["post-5703","page","type-page","status-publish","hentry"],"_links":{"self":[{"href":"http:\/\/joelahtmekultuur.ee\/mois\/wp-json\/wp\/v2\/pages\/5703","targetHints":{"allow":["GET"]}}],"collection":[{"href":"http:\/\/joelahtmekultuur.ee\/mois\/wp-json\/wp\/v2\/pages"}],"about":[{"href":"http:\/\/joelahtmekultuur.ee\/mois\/wp-json\/wp\/v2\/types\/page"}],"author":[{"embeddable":true,"href":"http:\/\/joelahtmekultuur.ee\/mois\/wp-json\/wp\/v2\/users\/6"}],"replies":[{"embeddable":true,"href":"http:\/\/joelahtmekultuur.ee\/mois\/wp-json\/wp\/v2\/comments?post=5703"}],"version-history":[{"count":1,"href":"http:\/\/joelahtmekultuur.ee\/mois\/wp-json\/wp\/v2\/pages\/5703\/revisions"}],"predecessor-version":[{"id":5705,"href":"http:\/\/joelahtmekultuur.ee\/mois\/wp-json\/wp\/v2\/pages\/5703\/revisions\/5705"}],"wp:attachment":[{"href":"http:\/\/joelahtmekultuur.ee\/mois\/wp-json\/wp\/v2\/media?parent=5703"}],"curies":[{"name":"wp","href":"https:\/\/api.w.org\/{rel}","templated":true}]}}