{"id":6046,"date":"2021-09-07T11:20:02","date_gmt":"2021-09-07T08:20:02","guid":{"rendered":"http:\/\/joelahtmekultuur.ee\/mois\/?page_id=6046"},"modified":"2022-05-05T16:20:49","modified_gmt":"2022-05-05T13:20:49","slug":"moisapaev-2021","status":"publish","type":"page","link":"http:\/\/joelahtmekultuur.ee\/mois\/moisapaev-2021\/","title":{"rendered":"M\u00f5isap\u00e4ev 2021"},"content":{"rendered":"<p><a href=\"https:\/\/youtu.be\/GNfBS0uygRA\">VAATA VIDEOT!<\/a><\/p>\n<p><a href=\"http:\/\/joelahtmekultuur.ee\/mois\/wp-content\/uploads\/sites\/5\/2021\/07\/Kostivere_moisapaev_vaiksem.jpg\"><img loading=\"lazy\" decoding=\"async\" class=\"alignnone size-full wp-image-6027\" src=\"http:\/\/joelahtmekultuur.ee\/mois\/wp-content\/uploads\/sites\/5\/2021\/07\/Kostivere_moisapaev_vaiksem.jpg\" alt=\"\" width=\"1500\" height=\"2121\" srcset=\"http:\/\/joelahtmekultuur.ee\/mois\/wp-content\/uploads\/sites\/5\/2021\/07\/Kostivere_moisapaev_vaiksem.jpg 1500w, http:\/\/joelahtmekultuur.ee\/mois\/wp-content\/uploads\/sites\/5\/2021\/07\/Kostivere_moisapaev_vaiksem-212x300.jpg 212w, http:\/\/joelahtmekultuur.ee\/mois\/wp-content\/uploads\/sites\/5\/2021\/07\/Kostivere_moisapaev_vaiksem-724x1024.jpg 724w, http:\/\/joelahtmekultuur.ee\/mois\/wp-content\/uploads\/sites\/5\/2021\/07\/Kostivere_moisapaev_vaiksem-768x1086.jpg 768w, http:\/\/joelahtmekultuur.ee\/mois\/wp-content\/uploads\/sites\/5\/2021\/07\/Kostivere_moisapaev_vaiksem-1086x1536.jpg 1086w, http:\/\/joelahtmekultuur.ee\/mois\/wp-content\/uploads\/sites\/5\/2021\/07\/Kostivere_moisapaev_vaiksem-1448x2048.jpg 1448w\" sizes=\"auto, (max-width: 1500px) 100vw, 1500px\" \/><\/a><\/p>\n<p>&nbsp;<\/p>\n<p><a href=\"http:\/\/joelahtmekultuur.ee\/mois\/wp-content\/uploads\/sites\/5\/2021\/07\/Kostivere_moisapaev_kava_vaiksem.jpg\"><img loading=\"lazy\" decoding=\"async\" class=\"alignnone size-full wp-image-6034\" src=\"http:\/\/joelahtmekultuur.ee\/mois\/wp-content\/uploads\/sites\/5\/2021\/07\/Kostivere_moisapaev_kava_vaiksem.jpg\" alt=\"\" width=\"1500\" height=\"2124\" srcset=\"http:\/\/joelahtmekultuur.ee\/mois\/wp-content\/uploads\/sites\/5\/2021\/07\/Kostivere_moisapaev_kava_vaiksem.jpg 1500w, http:\/\/joelahtmekultuur.ee\/mois\/wp-content\/uploads\/sites\/5\/2021\/07\/Kostivere_moisapaev_kava_vaiksem-212x300.jpg 212w, http:\/\/joelahtmekultuur.ee\/mois\/wp-content\/uploads\/sites\/5\/2021\/07\/Kostivere_moisapaev_kava_vaiksem-723x1024.jpg 723w, http:\/\/joelahtmekultuur.ee\/mois\/wp-content\/uploads\/sites\/5\/2021\/07\/Kostivere_moisapaev_kava_vaiksem-768x1087.jpg 768w, http:\/\/joelahtmekultuur.ee\/mois\/wp-content\/uploads\/sites\/5\/2021\/07\/Kostivere_moisapaev_kava_vaiksem-1085x1536.jpg 1085w, http:\/\/joelahtmekultuur.ee\/mois\/wp-content\/uploads\/sites\/5\/2021\/07\/Kostivere_moisapaev_kava_vaiksem-1446x2048.jpg 1446w\" sizes=\"auto, (max-width: 1500px) 100vw, 1500px\" \/><\/a><\/p>\n<p>Et m\u00f5isap\u00e4eva maitseelamused ei j\u00e4\u00e4ks \u00fchekordseks kogemuseks, jagame teiega lahkesti m\u00f5isap\u00e4eval pakutud Kairi ja Liisi salatite retsepte:<\/p>\n<p><a href=\"http:\/\/joelahtmekultuur.ee\/mois\/wp-content\/uploads\/sites\/5\/2021\/09\/Kibe-kurgisalat.pdf\">Kibe kurgisalat<\/a><\/p>\n<p><a href=\"http:\/\/joelahtmekultuur.ee\/mois\/wp-content\/uploads\/sites\/5\/2021\/09\/Kikerhernesalat-suitsukanaga.pdf\">Kikerhernesalat suitsukanaga<\/a><\/p>\n<p><a href=\"http:\/\/joelahtmekultuur.ee\/mois\/wp-content\/uploads\/sites\/5\/2021\/09\/Lehtkapsasalat-kinoaga.pdf\">Lehtkapsasalat kinoaga<\/a><\/p>\n<p><a href=\"http:\/\/joelahtmekultuur.ee\/mois\/wp-content\/uploads\/sites\/5\/2021\/09\/Porru-kapsa-porgandisalat.pdf\">Porru-kapsa-porgandisalat<\/a><\/p>\n<p><a href=\"http:\/\/joelahtmekultuur.ee\/mois\/wp-content\/uploads\/sites\/5\/2022\/05\/Logo-Leader.jpg\"><img loading=\"lazy\" decoding=\"async\" class=\"alignnone wp-image-6331\" src=\"http:\/\/joelahtmekultuur.ee\/mois\/wp-content\/uploads\/sites\/5\/2022\/05\/Logo-Leader.jpg\" alt=\"\" width=\"181\" height=\"53\" srcset=\"http:\/\/joelahtmekultuur.ee\/mois\/wp-content\/uploads\/sites\/5\/2022\/05\/Logo-Leader.jpg 1772w, http:\/\/joelahtmekultuur.ee\/mois\/wp-content\/uploads\/sites\/5\/2022\/05\/Logo-Leader-300x88.jpg 300w, http:\/\/joelahtmekultuur.ee\/mois\/wp-content\/uploads\/sites\/5\/2022\/05\/Logo-Leader-1024x299.jpg 1024w, http:\/\/joelahtmekultuur.ee\/mois\/wp-content\/uploads\/sites\/5\/2022\/05\/Logo-Leader-768x225.jpg 768w, http:\/\/joelahtmekultuur.ee\/mois\/wp-content\/uploads\/sites\/5\/2022\/05\/Logo-Leader-1536x449.jpg 1536w\" sizes=\"auto, (max-width: 181px) 100vw, 181px\" \/><\/a><\/p>\n","protected":false},"excerpt":{"rendered":"<p>VAATA VIDEOT! &nbsp; Et m\u00f5isap\u00e4eva maitseelamused ei j\u00e4\u00e4ks \u00fchekordseks kogemuseks, jagame teiega lahkesti m\u00f5isap\u00e4eval pakutud Kairi ja Liisi salatite retsepte: Kibe kurgisalat Kikerhernesalat suitsukanaga Lehtkapsasalat kinoaga Porru-kapsa-porgandisalat<\/p>\n","protected":false},"author":6,"featured_media":0,"parent":0,"menu_order":0,"comment_status":"closed","ping_status":"closed","template":"","meta":{"ngg_post_thumbnail":0,"footnotes":""},"class_list":["post-6046","page","type-page","status-publish","hentry"],"_links":{"self":[{"href":"http:\/\/joelahtmekultuur.ee\/mois\/wp-json\/wp\/v2\/pages\/6046","targetHints":{"allow":["GET"]}}],"collection":[{"href":"http:\/\/joelahtmekultuur.ee\/mois\/wp-json\/wp\/v2\/pages"}],"about":[{"href":"http:\/\/joelahtmekultuur.ee\/mois\/wp-json\/wp\/v2\/types\/page"}],"author":[{"embeddable":true,"href":"http:\/\/joelahtmekultuur.ee\/mois\/wp-json\/wp\/v2\/users\/6"}],"replies":[{"embeddable":true,"href":"http:\/\/joelahtmekultuur.ee\/mois\/wp-json\/wp\/v2\/comments?post=6046"}],"version-history":[{"count":8,"href":"http:\/\/joelahtmekultuur.ee\/mois\/wp-json\/wp\/v2\/pages\/6046\/revisions"}],"predecessor-version":[{"id":6332,"href":"http:\/\/joelahtmekultuur.ee\/mois\/wp-json\/wp\/v2\/pages\/6046\/revisions\/6332"}],"wp:attachment":[{"href":"http:\/\/joelahtmekultuur.ee\/mois\/wp-json\/wp\/v2\/media?parent=6046"}],"curies":[{"name":"wp","href":"https:\/\/api.w.org\/{rel}","templated":true}]}}