{"id":6241,"date":"2022-01-12T11:03:34","date_gmt":"2022-01-12T09:03:34","guid":{"rendered":"http:\/\/joelahtmekultuur.ee\/mois\/?page_id=6241"},"modified":"2022-01-12T11:03:34","modified_gmt":"2022-01-12T09:03:34","slug":"kostivere-moisa-harrastemaja-plaan-19-sajandi-lopust-2","status":"publish","type":"page","link":"http:\/\/joelahtmekultuur.ee\/mois\/kostivere-moisa-harrastemaja-plaan-19-sajandi-lopust-2\/","title":{"rendered":"Kostivere m\u00f5isa h\u00e4rrastemaja plaan 19. sajandi l\u00f5pust"},"content":{"rendered":"<p><a href=\"http:\/\/joelahtmekultuur.ee\/mois\/wp-content\/uploads\/sites\/5\/2022\/01\/Ikorrus.jpg\"><img loading=\"lazy\" decoding=\"async\" class=\"alignnone size-full wp-image-6242\" src=\"http:\/\/joelahtmekultuur.ee\/mois\/wp-content\/uploads\/sites\/5\/2022\/01\/Ikorrus.jpg\" alt=\"\" width=\"1194\" height=\"852\" srcset=\"http:\/\/joelahtmekultuur.ee\/mois\/wp-content\/uploads\/sites\/5\/2022\/01\/Ikorrus.jpg 1194w, http:\/\/joelahtmekultuur.ee\/mois\/wp-content\/uploads\/sites\/5\/2022\/01\/Ikorrus-300x214.jpg 300w, http:\/\/joelahtmekultuur.ee\/mois\/wp-content\/uploads\/sites\/5\/2022\/01\/Ikorrus-1024x731.jpg 1024w, http:\/\/joelahtmekultuur.ee\/mois\/wp-content\/uploads\/sites\/5\/2022\/01\/Ikorrus-768x548.jpg 768w\" sizes=\"auto, (max-width: 1194px) 100vw, 1194px\" \/><\/a><\/p>\n<p><a href=\"http:\/\/joelahtmekultuur.ee\/mois\/wp-content\/uploads\/sites\/5\/2022\/01\/IIkorrus.jpg\"><img loading=\"lazy\" decoding=\"async\" class=\"alignnone size-full wp-image-6243\" src=\"http:\/\/joelahtmekultuur.ee\/mois\/wp-content\/uploads\/sites\/5\/2022\/01\/IIkorrus.jpg\" alt=\"\" width=\"1194\" height=\"852\" srcset=\"http:\/\/joelahtmekultuur.ee\/mois\/wp-content\/uploads\/sites\/5\/2022\/01\/IIkorrus.jpg 1194w, http:\/\/joelahtmekultuur.ee\/mois\/wp-content\/uploads\/sites\/5\/2022\/01\/IIkorrus-300x214.jpg 300w, http:\/\/joelahtmekultuur.ee\/mois\/wp-content\/uploads\/sites\/5\/2022\/01\/IIkorrus-1024x731.jpg 1024w, http:\/\/joelahtmekultuur.ee\/mois\/wp-content\/uploads\/sites\/5\/2022\/01\/IIkorrus-768x548.jpg 768w\" sizes=\"auto, (max-width: 1194px) 100vw, 1194px\" \/><\/a><\/p>\n","protected":false},"excerpt":{"rendered":"","protected":false},"author":6,"featured_media":0,"parent":0,"menu_order":0,"comment_status":"closed","ping_status":"closed","template":"","meta":{"ngg_post_thumbnail":0,"footnotes":""},"class_list":["post-6241","page","type-page","status-publish","hentry"],"_links":{"self":[{"href":"http:\/\/joelahtmekultuur.ee\/mois\/wp-json\/wp\/v2\/pages\/6241","targetHints":{"allow":["GET"]}}],"collection":[{"href":"http:\/\/joelahtmekultuur.ee\/mois\/wp-json\/wp\/v2\/pages"}],"about":[{"href":"http:\/\/joelahtmekultuur.ee\/mois\/wp-json\/wp\/v2\/types\/page"}],"author":[{"embeddable":true,"href":"http:\/\/joelahtmekultuur.ee\/mois\/wp-json\/wp\/v2\/users\/6"}],"replies":[{"embeddable":true,"href":"http:\/\/joelahtmekultuur.ee\/mois\/wp-json\/wp\/v2\/comments?post=6241"}],"version-history":[{"count":1,"href":"http:\/\/joelahtmekultuur.ee\/mois\/wp-json\/wp\/v2\/pages\/6241\/revisions"}],"predecessor-version":[{"id":6244,"href":"http:\/\/joelahtmekultuur.ee\/mois\/wp-json\/wp\/v2\/pages\/6241\/revisions\/6244"}],"wp:attachment":[{"href":"http:\/\/joelahtmekultuur.ee\/mois\/wp-json\/wp\/v2\/media?parent=6241"}],"curies":[{"name":"wp","href":"https:\/\/api.w.org\/{rel}","templated":true}]}}