{"id":6902,"date":"2024-08-01T10:41:43","date_gmt":"2024-08-01T07:41:43","guid":{"rendered":"http:\/\/joelahtmekultuur.ee\/mois\/?page_id=6902"},"modified":"2025-03-19T11:26:32","modified_gmt":"2025-03-19T09:26:32","slug":"xv-kostivere-moisapaev-2024","status":"publish","type":"page","link":"http:\/\/joelahtmekultuur.ee\/mois\/xv-kostivere-moisapaev-2024\/","title":{"rendered":"XV Kostivere M\u00f5isap\u00e4ev 2024"},"content":{"rendered":"<p><a href=\"http:\/\/joelahtmekultuur.ee\/mois\/wp-content\/uploads\/sites\/5\/2024\/08\/jpg.jpg\"><img loading=\"lazy\" decoding=\"async\" class=\"alignnone wp-image-6903 size-full\" src=\"http:\/\/joelahtmekultuur.ee\/mois\/wp-content\/uploads\/sites\/5\/2024\/08\/jpg.jpg\" alt=\"\" width=\"1414\" height=\"2000\" srcset=\"http:\/\/joelahtmekultuur.ee\/mois\/wp-content\/uploads\/sites\/5\/2024\/08\/jpg.jpg 1414w, http:\/\/joelahtmekultuur.ee\/mois\/wp-content\/uploads\/sites\/5\/2024\/08\/jpg-212x300.jpg 212w, http:\/\/joelahtmekultuur.ee\/mois\/wp-content\/uploads\/sites\/5\/2024\/08\/jpg-724x1024.jpg 724w, http:\/\/joelahtmekultuur.ee\/mois\/wp-content\/uploads\/sites\/5\/2024\/08\/jpg-768x1086.jpg 768w, http:\/\/joelahtmekultuur.ee\/mois\/wp-content\/uploads\/sites\/5\/2024\/08\/jpg-1086x1536.jpg 1086w\" sizes=\"auto, (max-width: 1414px) 100vw, 1414px\" \/><\/a><\/p>\n<p><strong>XV Kostivere M\u00f5isap\u00e4ev \u201eJ\u00f5el\u00e4htme kandid kokku\u201c<br \/>\n11. augustil 2024 kell 11.00-16.00<\/strong><\/p>\n<p>AJAKAVA*<\/p>\n<p>P\u00e4evajuht Gaute Kivistik<br \/>\n11.00-16.00 K\u00e4sit\u00f6\u00f6- ja toidulaat (m\u00f5isahoovis ja m\u00f5isapargis)<br \/>\n11.00-16.00 Gato \u00f5uem\u00e4ngud (m\u00f5isapargis)<br \/>\n11.00-16.00 \u00dcletee talli hobused (m\u00f5isapargis)<br \/>\n11.00-16.00 Must Luik ajastutruude kost\u00fc\u00fcmide laenutus (m\u00f5isa parempoolse ukse juures)<br \/>\n11.00-16.00 marilaste mustrite ja tikandite n\u00e4itus \u201eMillest r\u00e4\u00e4givad mari mustrid?\u201c (m\u00f5isa I korruse verandal)<br \/>\n11.00 M\u00f5isap\u00e4eva avamine ja tervituss\u00f5nad (laval)<br \/>\n11.00-12.30 Zanna Toht t\u00f6\u00f6tuba &#8220;Mari mustrid, mustrite t\u00e4hendused ja oma mustri loomine, joonistamine&#8221; (m\u00f5isa I korruse verandal)<br \/>\nNB! Kohtade arv piiratud! Eelregistreerimisega&nbsp;kersti.vaht@joelahtmekultuur.ee<br \/>\n11.15-12.15 Ukuleleorkester Ukutuur, juhendaja Katri Kaasik (laval)<br \/>\n12.00-12.30 Teeme teadusteatrit. \u201eAga miks?\u201c huviringi lihtsad katsed lastelt lastele, juhendaja Tiia V\u00e4lk (m\u00f5isapargis lastetelgis)<br \/>\n12.00-13.00 T\u00f5lkija Hanna Miller r\u00e4\u00e4gib baltisakslaste ajaloost ja kultuurip\u00e4randist eestlaste ajaloos (m\u00f5isa I korruse v\u00f5lvtoas)<br \/>\n12.00-13.30 Vanade ja v\u00e4\u00e4rikate mootors\u00f5idukite v\u00e4ljapanek ja tutvustus (m\u00f5isahoone ees)<br \/>\n12.30-12.45 Loo naisrahvatantsur\u00fchm Loolill, juhendaja Erika P\u00f5lendik (lava vastas)<br \/>\n12.45-13.00 J\u00f5el\u00e4htme parimad noored solistid (laval)<br \/>\n13.00-13.30 Gaute Kivistik Eesti\/J\u00f5el\u00e4htme m\u00e4ng (laval)<br \/>\n13.00-14.00 Polina T\u0161erkassova muinasjutu- ja muusikatuba (m\u00f5isapargis lastetelgis)<br \/>\n13.00-13.45 M\u00f5isa ja abihoonete ekskursioon, Margit P\u00e4rtel (m\u00f5isas ja m\u00f5isa\u00fcmbruses) Kogunemine j\u00e4\u00e4keldri ees<br \/>\n13.30-14.30 Kostivere kandi lood kohalikult koduloouurijalt Tiia V\u00e4lk &#8220;Kuidas leida oma juuri? Millest alustada&#8221; (m\u00f5isa I korruse v\u00f5lvtoas)<br \/>\n13.45-14.00 Aruk\u00fcla v\u00f5imlemisr\u00fchmad T\u00e4hes\u00e4ra 1, T\u00e4hes\u00e4ra 2 ja S\u00e4rasilmad, juhendaja Garina Toomingas (lava vastas)<br \/>\n14.00-14.15 Kostivere ja Raasiku line tantsijad, juhendaja Egle J\u00fcrimets (lava vastas)<br \/>\n14.00-14.45 M\u00f5isa ja abihoonete ekskursioon, Margit P\u00e4rtel (m\u00f5isas ja m\u00f5isa\u00fcmbruses) Kogunemine j\u00e4\u00e4keldri ees<br \/>\n15.00-16.00 Peaesineja Daniel Levi B\u00e4nd (laval)<\/p>\n<p><strong>NB! Kellaajad on orienteeruvad ja v\u00f5ivad siia-sinna k\u00f5ikuda.<br \/>\nKorraldajal on \u00f5igus teha ajakavas muudatusi vastavalt vajadusele.<\/strong><\/p>\n<p>Projekti on rahastatud kohaliku omaalgatuse programmist<\/p>\n","protected":false},"excerpt":{"rendered":"<p>XV Kostivere M\u00f5isap\u00e4ev \u201eJ\u00f5el\u00e4htme kandid kokku\u201c 11. augustil 2024 kell 11.00-16.00 AJAKAVA* P\u00e4evajuht Gaute Kivistik 11.00-16.00 K\u00e4sit\u00f6\u00f6- ja toidulaat (m\u00f5isahoovis ja m\u00f5isapargis) 11.00-16.00 Gato \u00f5uem\u00e4ngud (m\u00f5isapargis) 11.00-16.00 \u00dcletee talli hobused (m\u00f5isapargis) 11.00-16.00 Must Luik ajastutruude kost\u00fc\u00fcmide laenutus (m\u00f5isa parempoolse ukse juures) 11.00-16.00 marilaste mustrite ja tikandite n\u00e4itus \u201eMillest r\u00e4\u00e4givad mari mustrid?\u201c (m\u00f5isa I korruse verandal) [&hellip;]<\/p>\n","protected":false},"author":19,"featured_media":0,"parent":0,"menu_order":0,"comment_status":"closed","ping_status":"closed","template":"","meta":{"ngg_post_thumbnail":0,"footnotes":""},"class_list":["post-6902","page","type-page","status-publish","hentry"],"_links":{"self":[{"href":"http:\/\/joelahtmekultuur.ee\/mois\/wp-json\/wp\/v2\/pages\/6902","targetHints":{"allow":["GET"]}}],"collection":[{"href":"http:\/\/joelahtmekultuur.ee\/mois\/wp-json\/wp\/v2\/pages"}],"about":[{"href":"http:\/\/joelahtmekultuur.ee\/mois\/wp-json\/wp\/v2\/types\/page"}],"author":[{"embeddable":true,"href":"http:\/\/joelahtmekultuur.ee\/mois\/wp-json\/wp\/v2\/users\/19"}],"replies":[{"embeddable":true,"href":"http:\/\/joelahtmekultuur.ee\/mois\/wp-json\/wp\/v2\/comments?post=6902"}],"version-history":[{"count":2,"href":"http:\/\/joelahtmekultuur.ee\/mois\/wp-json\/wp\/v2\/pages\/6902\/revisions"}],"predecessor-version":[{"id":7043,"href":"http:\/\/joelahtmekultuur.ee\/mois\/wp-json\/wp\/v2\/pages\/6902\/revisions\/7043"}],"wp:attachment":[{"href":"http:\/\/joelahtmekultuur.ee\/mois\/wp-json\/wp\/v2\/media?parent=6902"}],"curies":[{"name":"wp","href":"https:\/\/api.w.org\/{rel}","templated":true}]}}