{"id":118,"date":"2014-04-01T18:52:23","date_gmt":"2014-04-01T15:52:23","guid":{"rendered":"http:\/\/joelahtmekultuur.ee\/neemerahvamaja\/?page_id=118"},"modified":"2025-09-24T21:55:41","modified_gmt":"2025-09-24T18:55:41","slug":"uhistranspordi-soidugraafikud","status":"publish","type":"page","link":"http:\/\/joelahtmekultuur.ee\/neemerahvamaja\/uhistranspordi-soidugraafikud\/","title":{"rendered":"\u00dchistranspordi s\u00f5idugraafikud alates 02.09.2024"},"content":{"rendered":"<div class=\"html-div xdj266r x11i5rnm xat24cr x1mh8g0r xexx8yu x4uap5 x18d9i69 xkhd6sd\">\n<div class=\"html-div xdj266r x11i5rnm xat24cr x1mh8g0r xexx8yu x4uap5 x18d9i69 xkhd6sd\" dir=\"auto\">\n<div id=\":r1p:\" class=\"x1pi30zi x1swvt13 x1iorvi4 xjkvuk6\" data-ad-comet-preview=\"message\" data-ad-preview=\"message\">\n<div class=\"x78zum5 xdt5ytf xz62fqu x16ldp7u\">\n<div class=\"xu06os2 x1ok221b\">\n<div class=\"xdj266r x11i5rnm xat24cr x1mh8g0r x1vvkbs x126k92a\">\n<div dir=\"auto\">\n<div class=\"html-div xdj266r x11i5rnm xat24cr x1mh8g0r xexx8yu x4uap5 x18d9i69 xkhd6sd\">\n<div class=\"html-div xdj266r x11i5rnm xat24cr x1mh8g0r xexx8yu x4uap5 x18d9i69 xkhd6sd\" dir=\"auto\">\n<div id=\":r1p:\" class=\"x1pi30zi x1swvt13 x1iorvi4 xjkvuk6\" data-ad-comet-preview=\"message\" data-ad-preview=\"message\">\n<div class=\"x78zum5 xdt5ytf xz62fqu x16ldp7u\">\n<div class=\"xu06os2 x1ok221b\">\n<div class=\"xdj266r x11i5rnm xat24cr x1mh8g0r x1vvkbs x126k92a\">\n<div dir=\"auto\"><strong>NB!<\/strong><\/div>\n<div dir=\"auto\"><strong>Tallinn &#8211; Neeme bussigraafiku muudatused alates 02.09.2025<\/strong><\/div>\n<div dir=\"auto\"><strong>Liinil 159 on lisatud peatus Taevakivi ja \u00e4ra j\u00e4\u00e4vad peatused Sabat\u00e4he ja Kumu. K\u00f5ik nimetatud peatused asuvad Tallinnas.<\/strong><\/div>\n<\/div>\n<div class=\"x11i5rnm xat24cr x1mh8g0r x1vvkbs xtlvy1s x126k92a\">\n<div dir=\"auto\">&nbsp;<\/div>\n<div dir=\"auto\"><strong>\u00dchistranspordi s\u00f5idugraafikud alates 02.09.2024<\/strong><\/div>\n<\/div>\n<div class=\"x11i5rnm xat24cr x1mh8g0r x1vvkbs xtlvy1s x126k92a\">\n<div dir=\"auto\"><strong>BUSSILIIN 159 BALTI JAAM &#8211; NEEME alates 02.09.2024<\/strong><\/div>\n<\/div>\n<div class=\"x11i5rnm xat24cr x1mh8g0r x1vvkbs xtlvy1s x126k92a\">\n<div dir=\"auto\"><strong>kell 08.07 Balti Jaam number 5 peatus \u2013 Neemes kell 09.10 OTSELIIN<\/strong><\/div>\n<\/div>\n<div class=\"x11i5rnm xat24cr x1mh8g0r x1vvkbs xtlvy1s x126k92a\">\n<div dir=\"auto\"><strong>kell 15.27 Balti Jaam number 5 peatus \u2013 Neemes kell 16.30 OTSELIIN<\/strong><\/div>\n<\/div>\n<div class=\"x11i5rnm xat24cr x1mh8g0r x1vvkbs xtlvy1s x126k92a\">\n<div dir=\"auto\"><strong>kell 17.52 Balti Jaam number 5 peatus \u2013 Neemes kell 18.58 OTSELIIN<\/strong><\/div>\n<\/div>\n<div class=\"x11i5rnm xat24cr x1mh8g0r x1vvkbs xtlvy1s x126k92a\">\n<div dir=\"auto\"><strong>kell 21.00 Balti Jaam number 5 peatus, buss nr.152, J\u00f5el\u00e4htmel kell 21.37, \u00fcmberistumine bussile 159<\/strong><\/div>\n<\/div>\n<div class=\"x11i5rnm xat24cr x1mh8g0r x1vvkbs xtlvy1s x126k92a\">\n<div dir=\"auto\"><strong>J\u00f5el\u00e4htmelt BUSS 159 KELL 21.40 Neemes kell 22.04<\/strong><\/div>\n<\/div>\n<div class=\"x11i5rnm xat24cr x1mh8g0r x1vvkbs xtlvy1s x126k92a\">\n<div dir=\"auto\">&nbsp;<\/div>\n<div dir=\"auto\"><strong>BUSSILIIN 159 NEEMEST<\/strong><\/div>\n<\/div>\n<div class=\"x11i5rnm xat24cr x1mh8g0r x1vvkbs xtlvy1s x126k92a\">\n<div dir=\"auto\"><strong>kell 06.27 \u2013 kell 07.27 Balti Jaam OTSELIIN<\/strong><\/div>\n<\/div>\n<div class=\"x11i5rnm xat24cr x1mh8g0r x1vvkbs xtlvy1s x126k92a\">\n<div dir=\"auto\"><strong>kell 09.55 \u2013 kell 10.52 Balti Jaam OTSELIIN<\/strong><\/div>\n<\/div>\n<div class=\"x11i5rnm xat24cr x1mh8g0r x1vvkbs xtlvy1s x126k92a\">\n<div dir=\"auto\"><strong>kell 16.40 \u2013 kell 17.40 Balti Jaam OTSELIIN<\/strong><\/div>\n<\/div>\n<div class=\"x11i5rnm xat24cr x1mh8g0r x1vvkbs xtlvy1s x126k92a\">\n<div dir=\"auto\"><strong>kell 19.15 \u2013 kell 19.36 M\u00e4nnisalu \u2013 \u00fcmberistumine kell 19.47 \u2013 BUSS 152 A<\/strong><\/div>\n<\/div>\n<div class=\"x11i5rnm xat24cr x1mh8g0r x1vvkbs xtlvy1s x126k92a\">\n<div dir=\"auto\"><strong>kell 22.09 \u2013 kell 22.30 M\u00e4nnisalu \u2013 \u00fcmberistumine kell 22.35 \u2013 BUSS 152A<\/strong><\/div>\n<\/div>\n<div class=\"x11i5rnm xat24cr x1mh8g0r x1vvkbs xtlvy1s x126k92a\">\n<div dir=\"auto\">&nbsp;<\/div>\n<div dir=\"auto\"><strong>LAUP\u00c4EV, P\u00dcHAP\u00c4EV<\/strong><\/div>\n<\/div>\n<div class=\"x11i5rnm xat24cr x1mh8g0r x1vvkbs xtlvy1s x126k92a\">\n<div dir=\"auto\"><strong>BUSSILIIN 159 NEEME \u2013 J\u00d5EL\u00c4HTME \u2013 BALTI JAAM<\/strong><\/div>\n<\/div>\n<div class=\"x11i5rnm xat24cr x1mh8g0r x1vvkbs xtlvy1s x126k92a\">\n<div dir=\"auto\"><strong>kell 11.10 M\u00e4nnisalus kell 11.31 \u00fcmberistumine kell 11.36 Buss 152 A<\/strong><\/div>\n<\/div>\n<div class=\"x11i5rnm xat24cr x1mh8g0r x1vvkbs xtlvy1s x126k92a\">\n<div dir=\"auto\"><strong>kell 15.15 M\u00e4nnisalus kell 15.36 \u00fcmberistumine kell 15.45 Buss 152<\/strong><\/div>\n<\/div>\n<div class=\"x11i5rnm xat24cr x1mh8g0r x1vvkbs xtlvy1s x126k92a\">\n<div dir=\"auto\"><strong>kell 19.25 M\u00e4nnisalus kell 19.46 \u00fcmberistumine kell 19.56 Buss 152 A<\/strong><\/div>\n<\/div>\n<div class=\"x11i5rnm xat24cr x1mh8g0r x1vvkbs xtlvy1s x126k92a\">\n<div dir=\"auto\"><strong>kell 22.09 M\u00e4nnisalu kell 22.30 \u00fcmberistumine kell 22.35 Buss 151<\/strong><\/div>\n<\/div>\n<div class=\"x11i5rnm xat24cr x1mh8g0r x1vvkbs xtlvy1s x126k92a\">\n<div dir=\"auto\">&nbsp;<\/div>\n<div dir=\"auto\"><strong>BUSSILIIN BALTI JAAM \u2013 J\u00d5EL\u00c4HTME \u2013 NEEME<\/strong><\/div>\n<\/div>\n<div class=\"x11i5rnm xat24cr x1mh8g0r x1vvkbs xtlvy1s x126k92a\">\n<div dir=\"auto\"><strong>BJ -Buss 151 kell 09.40 J\u00f5el\u00e4htme kell 10.20 \u00fcmberistumine Buss 159 kell 10.25 Neemes kell 10.49<\/strong><\/div>\n<\/div>\n<div class=\"x11i5rnm xat24cr x1mh8g0r x1vvkbs xtlvy1s x126k92a\">\n<div dir=\"auto\"><strong>BJ -Buss 156 kell 14.00 J\u00f5el\u00e4htmel kell 14.42 \u00fcmberistumine Buss 159 kell 14.45 Neemes kell 15.09<\/strong><\/div>\n<\/div>\n<div class=\"x11i5rnm xat24cr x1mh8g0r x1vvkbs xtlvy1s x126k92a\">\n<div dir=\"auto\"><strong>BJ -Buss 151A kell 17.30 J\u00f5el\u00e4htmel kell 18.10 \u00fcmberistumine Buss 159 kell 18.15 Neemes kell 18.39<\/strong><\/div>\n<\/div>\n<div class=\"x11i5rnm xat24cr x1mh8g0r x1vvkbs xtlvy1s x126k92a\">\n<div dir=\"auto\"><strong>BJ -Buss 152 kell 21.00 J\u00f5el\u00e4htmel kell 21.36 \u00fcmberistumine Buss 159 kell 21.40 Neemes kell 22.04<\/strong><\/div>\n<\/div>\n<\/div>\n<\/div>\n<\/div>\n<\/div>\n<\/div>\n<div class=\"x8gbvx8 x80vd3b x1q0q8m5 xso031l x8cjs6t x13fuv20 x178xt8z x78zum5 x1q0g3np x1qughib xz9dl7a xn6708d xsag5q8 xpkgp8e x14vqqas\">\n<div class=\"x6s0dn4 x78zum5 x1nhvcw1\">\n<div class=\"x1i10hfl xjbqb8w xjqpnuy xa49m3k xqeqjp1 x2hbi6w x13fuv20 xu3j5b3 x1q0q8m5 x26u7qi x972fbf xcfux6l x1qhh985 xm0m39n x9f619 x1ypdohk xdl72j9 x2lah0s xe8uvvx xdj266r x11i5rnm xat24cr x1mh8g0r x2lwn1j xeuugli xexx8yu x4uap5 x18d9i69 xkhd6sd x1n2onr6 x16tdsg8 x1hl2dhg xggy1nq x1ja2u2z x1t137rt x1o1ewxj x3x9cwd x1e5q0jg x13rtm0m x1q0g3np x87ps6o x1lku1pv x1a2a7pz x6s0dn4 x3nfvp2 xl56j7k\" role=\"button\" aria-label=\"Vaata statistikat ja reklaame\">&nbsp;<\/div>\n<\/div>\n<\/div>\n<\/div>\n<\/div>\n<\/div>\n<\/div>\n<\/div>\n<\/div>\n<\/div>\n<div>\n<div class=\"xabvvm4 xeyy32k x1ia1hqs x1a2w583 x6ikm8r x10wlt62\" data-visualcompletion=\"ignore-dynamic\">\n<div>\n<div>\n<div>\n<div class=\"xq8finb x16n37ib x1uuop16 x1fqkajt x1aj7aux x1axty5n\">\n<div class=\"x9f619 x1n2onr6 x1ja2u2z x78zum5 x2lah0s x1qughib x1qjc9v5 xozqiw3 x1q0g3np x150jy0e x1e558r4 xjkvuk6 x1iorvi4 xwrv7xz x8182xy x4cne27 xifccgj\">\n<div class=\"x9f619 x1n2onr6 x1ja2u2z x78zum5 xdt5ytf x193iq5w xeuugli x1r8uery x1iyjqo2 xs83m0k xg83lxy x1h0ha7o x10b6aqq x1yrsyyn\">\n<div class=\"x1i10hfl x1qjc9v5 xjbqb8w xjqpnuy xa49m3k xqeqjp1 x2hbi6w x13fuv20 xu3j5b3 x1q0q8m5 x26u7qi x972fbf xcfux6l x1qhh985 xm0m39n x9f619 x1ypdohk xdl72j9 x2lah0s xe8uvvx xdj266r x11i5rnm xat24cr x1mh8g0r x2lwn1j xeuugli xexx8yu x4uap5 x18d9i69 xkhd6sd x1n2onr6 x16tdsg8 x1hl2dhg xggy1nq x1ja2u2z x1t137rt x1o1ewxj x3x9cwd x1e5q0jg x13rtm0m x3nfvp2 x1q0g3np x87ps6o x1lku1pv x1a2a7pz\" role=\"button\" aria-label=\"Saada see s\u00f5pradele v\u00f5i postita oma profiilile.\">\n<div class=\"x1ey2m1c xds687c x17qophe xg01cxk x47corl x10l6tqk x13vifvy x1ebt8du x19991ni x1dhq9h x1o1ewxj x3x9cwd x1e5q0jg x13rtm0m\" role=\"none\" data-visualcompletion=\"ignore\">&nbsp;<\/div>\n<\/div>\n<\/div>\n<\/div>\n<\/div>\n<\/div>\n<\/div>\n<div class=\"html-div xdj266r xat24cr xexx8yu x4uap5 x18d9i69 xkhd6sd x1d52u69 xktsk01 xso031l x8cjs6t x1ch86jh x80vd3b xckqwgs x1ejq31n xu3j5b3 x1q0q8m5 x26u7qi\">&nbsp;<\/div>\n<div class=\"x1n2onr6 x1ja2u2z x9f619 x78zum5 xdt5ytf x2lah0s x193iq5w x1xmf6yo x1e56ztr\">\n<div class=\"x9f619 x1n2onr6 x1ja2u2z x78zum5 xdt5ytf x1iyjqo2 x2lwn1j\">\n<div class=\"x9f619 x1n2onr6 x1ja2u2z x78zum5 xdt5ytf x2lah0s x193iq5w x1swvt13 x1pi30zi\">\n<div class=\"\">\n<div class=\"\">\n<div class=\"x78zum5 x1q0g3np x1a2a7pz\">\n<div class=\"xqcrz7y x14yjl9h xudhj91 x18nykt9 xww2gxu x1lliihq x1w0mnb xr9ek0c x1n2onr6\">\n<div class=\"x1i10hfl x1qjc9v5 xjbqb8w xjqpnuy xa49m3k xqeqjp1 x2hbi6w x13fuv20 xu3j5b3 x1q0q8m5 x26u7qi x972fbf xcfux6l x1qhh985 xm0m39n x9f619 x1ypdohk xdl72j9 x2lah0s xe8uvvx xdj266r x11i5rnm xat24cr x1mh8g0r x2lwn1j xeuugli xexx8yu x4uap5 x18d9i69 xkhd6sd x1n2onr6 x16tdsg8 x1hl2dhg xggy1nq x1ja2u2z x1t137rt x1o1ewxj x3x9cwd x1e5q0jg x13rtm0m x3nfvp2 x1q0g3np x87ps6o x1lku1pv x1a2a7pz\" role=\"button\" aria-hidden=\"true\">\n<div class=\"x1i10hfl x1qjc9v5 xjbqb8w xjqpnuy xa49m3k xqeqjp1 x2hbi6w x13fuv20 xu3j5b3 x1q0q8m5 x26u7qi x972fbf xcfux6l x1qhh985 xm0m39n x9f619 x1ypdohk xdl72j9 x2lah0s xe8uvvx xdj266r x11i5rnm xat24cr x1mh8g0r x2lwn1j xeuugli xexx8yu x4uap5 x18d9i69 xkhd6sd x1n2onr6 x16tdsg8 x1hl2dhg xggy1nq x1ja2u2z x1t137rt x1o1ewxj x3x9cwd x1e5q0jg x13rtm0m x3nfvp2 x1q0g3np x87ps6o x1lku1pv x1a2a7pz\" role=\"button\" aria-label=\"Available Voices\">\n<div class=\"x4k7w5x x1h91t0o x1o1ewxj x3x9cwd x1e5q0jg x13rtm0m x1jfb8zj x1beo9mf x3igimt xarpa2k x1n2onr6 x1qrby5j\">\n<div class=\"x1rg5ohu x1n2onr6 x3ajldb x1ja2u2z\">\n<div class=\"x14yjl9h xudhj91 x18nykt9 xww2gxu x10l6tqk xhtitgo\" data-visualcompletion=\"ignore\">\n<div class=\"html-div xdj266r x11i5rnm xat24cr x1mh8g0r x14yjl9h xudhj91 x18nykt9 xww2gxu x1rg5ohu x1iorvi4 x150jy0e xjkvuk6 x1e558r4 x3ajldb\">\n<div class=\"html-div xdj266r x11i5rnm xat24cr x1mh8g0r xexx8yu x4uap5 x18d9i69 xkhd6sd x1qhmfi1 x14yjl9h xudhj91 x18nykt9 xww2gxu x78zum5 x6ikm8r x10wlt62 x1n2onr6\">&nbsp;<\/div>\n<\/div>\n<\/div>\n<\/div>\n<div class=\"x1ey2m1c xds687c x17qophe xg01cxk x47corl x10l6tqk x13vifvy x1ebt8du x19991ni x1dhq9h xzolkzo x12go9s9 x1rnf11y xprq8jg\" role=\"none\" data-visualcompletion=\"ignore\">&nbsp;<\/div>\n<\/div>\n<div class=\"x1ey2m1c xds687c x17qophe xg01cxk x47corl x10l6tqk x13vifvy x1ebt8du x19991ni x1dhq9h x1o1ewxj x3x9cwd x1e5q0jg x13rtm0m\" role=\"none\" data-visualcompletion=\"ignore\">&nbsp;<\/div>\n<\/div>\n<div class=\"x1ey2m1c xds687c x17qophe xg01cxk x47corl x10l6tqk x13vifvy x1ebt8du x19991ni x1dhq9h xzolkzo x12go9s9 x1rnf11y xprq8jg\" role=\"none\" data-visualcompletion=\"ignore\">&nbsp;<\/div>\n<\/div>\n<\/div>\n<div class=\"x1r8uery x1iyjqo2 x6ikm8r x10wlt62 x4uap5\">\n<div class=\"xh8yej3\">\n<div class=\"x78zum5 x13a6bvl\">\n<div class=\"xi81zsa xo1l8bm xlyipyv xuxw1ft x49crj4 x1ed109x xdl72j9 x1iyjqo2 xs83m0k x6prxxf x6ikm8r x10wlt62 x1y1aw1k xn6708d xwib8y2 x1ye3gou\" data-visualcompletion=\"ignore\">\n<div class=\"xb57i2i x1q594ok x5lxg6s x78zum5 xdt5ytf x6ikm8r x1ja2u2z x1pq812k x1rohswg xfk6m8 x1yqm8si xjx87ck xx8ngbg xwo3gff x1n2onr6 x1oyok0e x1odjw0f x1e4zzel x3d5gib\">\n<div class=\"x78zum5 xdt5ytf x1iyjqo2 x1n2onr6\">\n<div class=\"x1n2onr6\">\n<div class=\"xzsf02u x1a2a7pz x1n2onr6 x14wi4xw notranslate\" role=\"textbox\" aria-label=\"Kommenteeri kasutajana Neeme Rahvamaja\" data-lexical-editor=\"true\">&nbsp;<\/div>\n<\/div>\n<\/div>\n<\/div>\n<\/div>\n<\/div>\n<\/div>\n<\/div>\n<\/div>\n<\/div>\n<\/div>\n<\/div>\n<\/div>\n<\/div>\n<\/div>\n<\/div>\n<\/div>\n<p>&nbsp;<\/p>\n<p>&nbsp;<\/p>\n<p><strong>&nbsp;<\/strong><\/p>\n<p>&nbsp;<\/p>\n<p>&nbsp;<\/p>\n<p>&nbsp;<\/p>\n<p>&nbsp;<\/p>\n<p>&nbsp;<\/p>\n","protected":false},"excerpt":{"rendered":"<p>NB! Tallinn &#8211; Neeme bussigraafiku muudatused alates 02.09.2025 Liinil 159 on lisatud peatus Taevakivi ja \u00e4ra j\u00e4\u00e4vad peatused Sabat\u00e4he ja Kumu. K\u00f5ik nimetatud peatused asuvad Tallinnas. &nbsp; \u00dchistranspordi s\u00f5idugraafikud alates 02.09.2024 BUSSILIIN 159 BALTI JAAM &#8211; NEEME alates 02.09.2024 kell 08.07 Balti Jaam number 5 peatus \u2013 Neemes kell 09.10 OTSELIIN kell 15.27 Balti Jaam [&hellip;]<\/p>\n","protected":false},"author":1,"featured_media":0,"parent":0,"menu_order":0,"comment_status":"closed","ping_status":"closed","template":"","meta":{"ngg_post_thumbnail":0,"footnotes":""},"class_list":["post-118","page","type-page","status-publish","hentry"],"_links":{"self":[{"href":"http:\/\/joelahtmekultuur.ee\/neemerahvamaja\/wp-json\/wp\/v2\/pages\/118","targetHints":{"allow":["GET"]}}],"collection":[{"href":"http:\/\/joelahtmekultuur.ee\/neemerahvamaja\/wp-json\/wp\/v2\/pages"}],"about":[{"href":"http:\/\/joelahtmekultuur.ee\/neemerahvamaja\/wp-json\/wp\/v2\/types\/page"}],"author":[{"embeddable":true,"href":"http:\/\/joelahtmekultuur.ee\/neemerahvamaja\/wp-json\/wp\/v2\/users\/1"}],"replies":[{"embeddable":true,"href":"http:\/\/joelahtmekultuur.ee\/neemerahvamaja\/wp-json\/wp\/v2\/comments?post=118"}],"version-history":[{"count":14,"href":"http:\/\/joelahtmekultuur.ee\/neemerahvamaja\/wp-json\/wp\/v2\/pages\/118\/revisions"}],"predecessor-version":[{"id":1700,"href":"http:\/\/joelahtmekultuur.ee\/neemerahvamaja\/wp-json\/wp\/v2\/pages\/118\/revisions\/1700"}],"wp:attachment":[{"href":"http:\/\/joelahtmekultuur.ee\/neemerahvamaja\/wp-json\/wp\/v2\/media?parent=118"}],"curies":[{"name":"wp","href":"https:\/\/api.w.org\/{rel}","templated":true}]}}