{"id":24,"date":"2014-04-01T14:54:37","date_gmt":"2014-04-01T11:54:37","guid":{"rendered":"http:\/\/joelahtmekultuur.ee\/neemerahvamaja\/?page_id=24"},"modified":"2014-04-13T18:02:29","modified_gmt":"2014-04-13T15:02:29","slug":"tutvustus","status":"publish","type":"page","link":"http:\/\/joelahtmekultuur.ee\/neemerahvamaja\/tutvustus\/","title":{"rendered":"Tutvustus"},"content":{"rendered":"<p><a href=\"http:\/\/joelahtmekultuur.ee\/neemerahvamaja\/wp-content\/uploads\/sites\/3\/2014\/04\/maja_260x154.jpg\"><img loading=\"lazy\" decoding=\"async\" class=\"alignright size-full wp-image-78\" alt=\"maja_260x154\" src=\"http:\/\/joelahtmekultuur.ee\/neemerahvamaja\/wp-content\/uploads\/sites\/3\/2014\/04\/maja_260x154.jpg\" width=\"260\" height=\"154\" \/><\/a><\/p>\n<p>P\u00d5HITEGEVUSALA<br \/>\nHuvialategevuse korraldamine; taidlus-, huviala- ja vabaharidus\u00fchendustele tegevuseks ruumide v\u00f5imaldamine, nende abistamine ja t\u00f6\u00f6 koordineerimine; elanikele kultuuri- ja meelelahutus\u00fcrituste korraldamine; professionaalse kultuuri vahendamine.<\/p>\n<p>AJALUGU<br \/>\nNeeme Rahvamaja asutati 1970. aastal S.M. Kirovi kalurikolhoosi Neeme osakonna klubina. (1966. aastast S\u00f5pruse kalurikolhoosi kolhoosiklubina). Alates Eesti Vabariigi taasiseseisvumisest tegutseb Neeme Rahvamaja J\u00f5el\u00e4htme Vallavalitsuse allasutusena. 1. jaanuarist 2014 on Neeme Rahvamaja J\u00f5el\u00e4htme Valla Kultuurikeskuse struktuuri\u00fcksus.<\/p>\n<p>ASUKOHT<br \/>\nNeeme Rahvamaja asub Harjumaal, J\u00f5el\u00e4htme vallas Neeme k\u00fclas, Ihasalu poolsaarel. Kaugus Tallinnast u 40 km.<\/p>\n<p>MAJA<br \/>\nNeeme Rahvamaja tegutseb kahe(kolme)korruselises, arhitekt August Volbergi projekteeritud kivimajas. Samas majas tegutsevad ka Neeme Raamatukogu ja Neeme Algkool. Rahvamaja on kaasaegselt renoveeritud. Vahetatud on aknad, uksed, valgustid, katus, m\u00f6\u00f6bel (lauad, toolid jne). Renoveeritud on lava, saal, klassiruumid, fuajee, juhatajate kabinet, I ja II korruse koridorid ning klassiruumid, tualetid, v\u00e4lisfassaad.<\/p>\n<p>RUUMID<br \/>\nRahvamajal on v\u00e4ike saal, mida saab poolitada vaheuksega, saali p\u00f5randast k\u00f5rgem lava, riietumiseks\u00a0klassiruumid II korrusel v\u00f5i juhataja kabinet, v\u00e4ike k\u00f6\u00f6ginurgake, du\u0161iruum, meeste ja naiste tualetid I ja II korrusel. Saali mahutame istuma maksimaalselt 100 inimest, suuremate \u00fcrituste ajal mahutame saali u 150 inimest.<\/p>\n<p>SISUSTUS<br \/>\nRahvamajas on kasutusel \u00fcmarad ja kandilised lauad, uued ja pehmed sinised toolid.<\/p>\n<p>PARKIMINE<br \/>\nAutosid saab parkida maja \u00fcmbrusesse.<\/p>\n<p>TRANSPORT<br \/>\nNeeme s\u00f5idab J\u00f5el\u00e4htmest 3-4 korda p\u00e4evas bussiliin J1, mille s\u00f5idugraafik on kohaldatud vastavalt Tallinnast J\u00f5el\u00e4htmesse s\u00f5itvatele ning J\u00f5el\u00e4htme peatusest Tallinna suunduvatele maakonnaliinidele. Seega tuleb Tallinnas Neeme ja tagasi saamiseks \u00fcldjuhul \u00fcmber istuda J\u00f5el\u00e4htmes.<\/p>\n<p>TASULISED TEENUSED<br \/>\nRuumide l\u00fchiajaline rent (konverentsideks, t\u00e4htp\u00e4evadeks jne. alates 1 tund), ruumide pikaajaline rent (ainult koolivaheaegadel), \u00fcrituste korraldamine, inventari l\u00fchiajaline rent. <a href=\"http:\/\/joelahtmekultuur.ee\/neemerahvamaja\/teenused\/\">Vt\u00a0t\u00e4psemalt &#8211; \u00a0Tasulised teenused.<\/a><\/p>\n<p>WiFI<br \/>\nTerves majas ja maja l\u00e4hi\u00fcmbruses on traadita interneti leviala.<\/p>\n","protected":false},"excerpt":{"rendered":"<p>P\u00d5HITEGEVUSALA Huvialategevuse korraldamine; taidlus-, huviala- ja vabaharidus\u00fchendustele tegevuseks ruumide v\u00f5imaldamine, nende abistamine ja t\u00f6\u00f6 koordineerimine; elanikele kultuuri- ja meelelahutus\u00fcrituste korraldamine; professionaalse kultuuri vahendamine. AJALUGU Neeme Rahvamaja asutati 1970. aastal S.M. Kirovi kalurikolhoosi Neeme osakonna klubina. (1966. aastast S\u00f5pruse kalurikolhoosi kolhoosiklubina). Alates Eesti Vabariigi taasiseseisvumisest tegutseb Neeme Rahvamaja J\u00f5el\u00e4htme Vallavalitsuse allasutusena. 1. jaanuarist 2014 on Neeme [&hellip;]<\/p>\n","protected":false},"author":1,"featured_media":0,"parent":0,"menu_order":0,"comment_status":"closed","ping_status":"closed","template":"","meta":{"ngg_post_thumbnail":0,"footnotes":""},"class_list":["post-24","page","type-page","status-publish","hentry"],"_links":{"self":[{"href":"http:\/\/joelahtmekultuur.ee\/neemerahvamaja\/wp-json\/wp\/v2\/pages\/24","targetHints":{"allow":["GET"]}}],"collection":[{"href":"http:\/\/joelahtmekultuur.ee\/neemerahvamaja\/wp-json\/wp\/v2\/pages"}],"about":[{"href":"http:\/\/joelahtmekultuur.ee\/neemerahvamaja\/wp-json\/wp\/v2\/types\/page"}],"author":[{"embeddable":true,"href":"http:\/\/joelahtmekultuur.ee\/neemerahvamaja\/wp-json\/wp\/v2\/users\/1"}],"replies":[{"embeddable":true,"href":"http:\/\/joelahtmekultuur.ee\/neemerahvamaja\/wp-json\/wp\/v2\/comments?post=24"}],"version-history":[{"count":6,"href":"http:\/\/joelahtmekultuur.ee\/neemerahvamaja\/wp-json\/wp\/v2\/pages\/24\/revisions"}],"predecessor-version":[{"id":208,"href":"http:\/\/joelahtmekultuur.ee\/neemerahvamaja\/wp-json\/wp\/v2\/pages\/24\/revisions\/208"}],"wp:attachment":[{"href":"http:\/\/joelahtmekultuur.ee\/neemerahvamaja\/wp-json\/wp\/v2\/media?parent=24"}],"curies":[{"name":"wp","href":"https:\/\/api.w.org\/{rel}","templated":true}]}}