{"id":27,"date":"2014-04-01T14:55:44","date_gmt":"2014-04-01T11:55:44","guid":{"rendered":"http:\/\/joelahtmekultuur.ee\/neemerahvamaja\/?page_id=27"},"modified":"2022-08-30T18:34:35","modified_gmt":"2022-08-30T15:34:35","slug":"huvitegevus","status":"publish","type":"page","link":"http:\/\/joelahtmekultuur.ee\/neemerahvamaja\/huvitegevus\/","title":{"rendered":"Huvitegevus"},"content":{"rendered":"<p>&nbsp;<\/p>\n<table cellspacing=\"0\" cellpadding=\"0\">\n<tbody>\n<tr>\n<th>R\u00fchm<\/th>\n<th>Asukoht<\/th>\n<th>Aeg<\/th>\n<th>Juhendaja \/ info<\/th>\n<th>Tasu<br \/>\n<\/tr>\n<tr>\n<td valign=\"top\">Ansambel Briis<\/td>\n<td valign=\"top\">Neeme Rahvamaja<\/td>\n<td valign=\"top\">T 19.00<\/td>\n<td valign=\"top\">\n<p>Ansambel Briis<br \/>\nTeisip\u00e4ev kell 18,00<br \/>\nJuhendaja<br \/>\nAleksander Kaidja<\/td>\n<p>+372 5651037<\/p>\n<p>R\u00fchmatreening<br \/>\nKadi Truuleht<br \/>\nP\u00fchap\u00e4eval kell 18.00<\/p>\n<p>Vastavalt J\u00f5el\u00e4htme Vallavalitsuse korraldusele on kehtestatud tasulistele ringidele osalustasu. Vaata J\u00f5el\u00e4htme Vallavalitsuse 20.10.2011\u00a0<a href=\"http:\/\/wd.joelahtme.ee\/?page=pub_pub_dynobj_file&amp;pid=485803&amp;tid=1691&amp;file_id=489855&amp;desktop=1017&amp;tid=1&amp;u=20111223111739\" target=\"_blank\" rel=\"noopener noreferrer\">korraldust nr 571<\/a><\/p>\n<p>Osalustasud makstakse ettemaksuna hiljemalt iga kuu 10ndaks kuup\u00e4evaks J\u00f5el\u00e4htme Vallavalitsuse arveldusarvele:<br \/>\n<strong>SEB Pank\u00a0<\/strong>IBAN:\u00a0<strong>EE181010002018903006<\/strong><br \/>\n<strong>Swedbank\u00a0<\/strong>IBAN:\u00a0<strong>EE432200221012002639<\/strong><br \/>\n<strong>Nordea Pank\u00a0<\/strong>IBAN:\u00a0<strong>EE391700017003270406<\/strong><\/p>\n<p>Huviringidesse registreerumine on v\u00f5imalik ka\u00a0telefoni v\u00f5i e-posti teel.<\/p>\n<p>Neeme Rahvamaja ruumides tegutseb ka\u00a0<strong>J\u00f5el\u00e4htme Muusika- ja Kunstikooli Neeme filiaal.<\/strong>\u00a0V\u00f5imalik \u00f5ppida\u00a0<strong>klaverit ja kitarri<\/strong>. Lisainfo ning registreerumine\u00a0<a href=\"mailto:tiina.muddi@gmail.com\">tiina.muddi@gmail.com<\/a><\/p>\n","protected":false},"excerpt":{"rendered":"<p>&nbsp; R\u00fchm Asukoht Aeg Juhendaja \/ info Tasu Ansambel Briis Neeme Rahvamaja T 19.00 Ansambel Briis Teisip\u00e4ev kell 18,00 Juhendaja Aleksander Kaidja +372 5651037 R\u00fchmatreening Kadi Truuleht P\u00fchap\u00e4eval kell 18.00 Vastavalt J\u00f5el\u00e4htme Vallavalitsuse korraldusele on kehtestatud tasulistele ringidele osalustasu. Vaata J\u00f5el\u00e4htme Vallavalitsuse 20.10.2011\u00a0korraldust nr 571 Osalustasud makstakse ettemaksuna hiljemalt iga kuu 10ndaks kuup\u00e4evaks J\u00f5el\u00e4htme Vallavalitsuse [&hellip;]<\/p>\n","protected":false},"author":14,"featured_media":0,"parent":0,"menu_order":0,"comment_status":"closed","ping_status":"closed","template":"","meta":{"ngg_post_thumbnail":0,"footnotes":""},"class_list":["post-27","page","type-page","status-publish","hentry"],"_links":{"self":[{"href":"http:\/\/joelahtmekultuur.ee\/neemerahvamaja\/wp-json\/wp\/v2\/pages\/27","targetHints":{"allow":["GET"]}}],"collection":[{"href":"http:\/\/joelahtmekultuur.ee\/neemerahvamaja\/wp-json\/wp\/v2\/pages"}],"about":[{"href":"http:\/\/joelahtmekultuur.ee\/neemerahvamaja\/wp-json\/wp\/v2\/types\/page"}],"author":[{"embeddable":true,"href":"http:\/\/joelahtmekultuur.ee\/neemerahvamaja\/wp-json\/wp\/v2\/users\/14"}],"replies":[{"embeddable":true,"href":"http:\/\/joelahtmekultuur.ee\/neemerahvamaja\/wp-json\/wp\/v2\/comments?post=27"}],"version-history":[{"count":31,"href":"http:\/\/joelahtmekultuur.ee\/neemerahvamaja\/wp-json\/wp\/v2\/pages\/27\/revisions"}],"predecessor-version":[{"id":1563,"href":"http:\/\/joelahtmekultuur.ee\/neemerahvamaja\/wp-json\/wp\/v2\/pages\/27\/revisions\/1563"}],"wp:attachment":[{"href":"http:\/\/joelahtmekultuur.ee\/neemerahvamaja\/wp-json\/wp\/v2\/media?parent=27"}],"curies":[{"name":"wp","href":"https:\/\/api.w.org\/{rel}","templated":true}]}}