{"id":339,"date":"2014-04-28T11:37:13","date_gmt":"2014-04-28T08:37:13","guid":{"rendered":"http:\/\/joelahtmekultuur.ee\/neemerahvamaja\/?page_id=339"},"modified":"2014-05-07T10:24:53","modified_gmt":"2014-05-07T07:24:53","slug":"teatriohtu-soprusest-sunnivad-26-septembril-2008","status":"publish","type":"page","link":"http:\/\/joelahtmekultuur.ee\/neemerahvamaja\/pildigalerii\/teatriohtu-soprusest-sunnivad-26-septembril-2008\/","title":{"rendered":"Teatri\u00f5htu &#8220;S\u00f5prusest s\u00fcnnivad&#8221; 26. septembril 2008"},"content":{"rendered":"\n\t\t<style type=\"text\/css\">\n\t\t\t#gallery-1 {\n\t\t\t\tmargin: auto;\n\t\t\t}\n\t\t\t#gallery-1 .gallery-item {\n\t\t\t\tfloat: left;\n\t\t\t\tmargin-top: 10px;\n\t\t\t\ttext-align: center;\n\t\t\t\twidth: 20%;\n\t\t\t}\n\t\t\t#gallery-1 img {\n\t\t\t\tborder: 2px solid #cfcfcf;\n\t\t\t}\n\t\t\t#gallery-1 .gallery-caption {\n\t\t\t\tmargin-left: 0;\n\t\t\t}\n\t\t\t\/* see gallery_shortcode() in wp-includes\/media.php *\/\n\t\t<\/style>\n\t\t<div id='gallery-1' class='gallery galleryid-339 gallery-columns-5 gallery-size-thumbnail'><dl class='gallery-item'>\n\t\t\t<dt class='gallery-icon landscape'>\n\t\t\t\t<a href='http:\/\/joelahtmekultuur.ee\/neemerahvamaja\/pildigalerii\/teatriohtu-soprusest-sunnivad-26-septembril-2008\/_mbleja_ja_usu_de\/'><img loading=\"lazy\" decoding=\"async\" width=\"150\" height=\"150\" src=\"http:\/\/joelahtmekultuur.ee\/neemerahvamaja\/wp-content\/uploads\/sites\/3\/2014\/04\/mbleja_ja_usu_de-150x150.jpg\" class=\"attachment-thumbnail size-thumbnail\" alt=\"\" aria-describedby=\"gallery-1-340\" \/><\/a>\n\t\t\t<\/dt>\n\t\t\t\t<dd class='wp-caption-text gallery-caption' id='gallery-1-340'>\n\t\t\t\t\u00d5mbleja ja usu\u00f5de\n\t\t\t\t<\/dd><\/dl><dl class='gallery-item'>\n\t\t\t<dt class='gallery-icon landscape'>\n\t\t\t\t<a href='http:\/\/joelahtmekultuur.ee\/neemerahvamaja\/pildigalerii\/teatriohtu-soprusest-sunnivad-26-septembril-2008\/_pipoiss_ja_vanapoiss\/'><img loading=\"lazy\" decoding=\"async\" width=\"150\" height=\"150\" src=\"http:\/\/joelahtmekultuur.ee\/neemerahvamaja\/wp-content\/uploads\/sites\/3\/2014\/04\/pipoiss_ja_vanapoiss-150x150.jpg\" class=\"attachment-thumbnail size-thumbnail\" alt=\"\" aria-describedby=\"gallery-1-341\" \/><\/a>\n\t\t\t<\/dt>\n\t\t\t\t<dd class='wp-caption-text gallery-caption' id='gallery-1-341'>\n\t\t\t\t\u00d5pipoiss ja vanapoiss\n\t\t\t\t<\/dd><\/dl><dl class='gallery-item'>\n\t\t\t<dt class='gallery-icon landscape'>\n\t\t\t\t<a href='http:\/\/joelahtmekultuur.ee\/neemerahvamaja\/pildigalerii\/teatriohtu-soprusest-sunnivad-26-septembril-2008\/aleksis_kivi_kosjad_kiisa_lms\/'><img loading=\"lazy\" decoding=\"async\" width=\"150\" height=\"150\" src=\"http:\/\/joelahtmekultuur.ee\/neemerahvamaja\/wp-content\/uploads\/sites\/3\/2014\/04\/Aleksis_Kivi_Kosjad_Kiisa_LMS-150x150.jpg\" class=\"attachment-thumbnail size-thumbnail\" alt=\"\" aria-describedby=\"gallery-1-342\" \/><\/a>\n\t\t\t<\/dt>\n\t\t\t\t<dd class='wp-caption-text gallery-caption' id='gallery-1-342'>\n\t\t\t\tAleksis Kivi &#8220;Kihlus&#8221; &#8211; Kiisa n\u00e4itetrupp\n\t\t\t\t<\/dd><\/dl><dl class='gallery-item'>\n\t\t\t<dt class='gallery-icon landscape'>\n\t\t\t\t<a href='http:\/\/joelahtmekultuur.ee\/neemerahvamaja\/pildigalerii\/teatriohtu-soprusest-sunnivad-26-septembril-2008\/big_and_little\/'><img loading=\"lazy\" decoding=\"async\" width=\"150\" height=\"150\" src=\"http:\/\/joelahtmekultuur.ee\/neemerahvamaja\/wp-content\/uploads\/sites\/3\/2014\/04\/big_and_little-150x150.jpg\" class=\"attachment-thumbnail size-thumbnail\" alt=\"\" aria-describedby=\"gallery-1-343\" \/><\/a>\n\t\t\t<\/dt>\n\t\t\t\t<dd class='wp-caption-text gallery-caption' id='gallery-1-343'>\n\t\t\t\tBig and Little\n\t\t\t\t<\/dd><\/dl><dl class='gallery-item'>\n\t\t\t<dt class='gallery-icon landscape'>\n\t\t\t\t<a href='http:\/\/joelahtmekultuur.ee\/neemerahvamaja\/pildigalerii\/teatriohtu-soprusest-sunnivad-26-septembril-2008\/kihlused_kiisa_lms\/'><img loading=\"lazy\" decoding=\"async\" width=\"150\" height=\"150\" src=\"http:\/\/joelahtmekultuur.ee\/neemerahvamaja\/wp-content\/uploads\/sites\/3\/2014\/04\/kihlused_Kiisa_LMS-150x150.jpg\" class=\"attachment-thumbnail size-thumbnail\" alt=\"\" aria-describedby=\"gallery-1-344\" \/><\/a>\n\t\t\t<\/dt>\n\t\t\t\t<dd class='wp-caption-text gallery-caption' id='gallery-1-344'>\n\t\t\t\tAleksis Kivi &#8220;Kihlus&#8221; &#8211; Kiisa n\u00e4itetrupp\n\t\t\t\t<\/dd><\/dl><br style=\"clear: both\" \/><dl class='gallery-item'>\n\t\t\t<dt class='gallery-icon landscape'>\n\t\t\t\t<a href='http:\/\/joelahtmekultuur.ee\/neemerahvamaja\/pildigalerii\/teatriohtu-soprusest-sunnivad-26-septembril-2008\/kosjad_kiisa_lms\/'><img loading=\"lazy\" decoding=\"async\" width=\"150\" height=\"150\" src=\"http:\/\/joelahtmekultuur.ee\/neemerahvamaja\/wp-content\/uploads\/sites\/3\/2014\/04\/Kosjad_Kiisa_LMS-150x150.jpg\" class=\"attachment-thumbnail size-thumbnail\" alt=\"\" aria-describedby=\"gallery-1-345\" \/><\/a>\n\t\t\t<\/dt>\n\t\t\t\t<dd class='wp-caption-text gallery-caption' id='gallery-1-345'>\n\t\t\t\tAleksis Kivi &#8220;Kihlus&#8221; &#8211; Kiisa n\u00e4itetrupp\n\t\t\t\t<\/dd><\/dl><dl class='gallery-item'>\n\t\t\t<dt class='gallery-icon landscape'>\n\t\t\t\t<a href='http:\/\/joelahtmekultuur.ee\/neemerahvamaja\/pildigalerii\/teatriohtu-soprusest-sunnivad-26-septembril-2008\/s_gilauas\/'><img loading=\"lazy\" decoding=\"async\" width=\"150\" height=\"150\" src=\"http:\/\/joelahtmekultuur.ee\/neemerahvamaja\/wp-content\/uploads\/sites\/3\/2014\/04\/s_gilauas-150x150.jpg\" class=\"attachment-thumbnail size-thumbnail\" alt=\"\" aria-describedby=\"gallery-1-346\" \/><\/a>\n\t\t\t<\/dt>\n\t\t\t\t<dd class='wp-caption-text gallery-caption' id='gallery-1-346'>\n\t\t\t\tS\u00f6\u00f6gilauas\n\t\t\t\t<\/dd><\/dl><dl class='gallery-item'>\n\t\t\t<dt class='gallery-icon landscape'>\n\t\t\t\t<a href='http:\/\/joelahtmekultuur.ee\/neemerahvamaja\/pildigalerii\/teatriohtu-soprusest-sunnivad-26-septembril-2008\/uusikaupungi_teater_ja_kiisa_lms\/'><img loading=\"lazy\" decoding=\"async\" width=\"150\" height=\"150\" src=\"http:\/\/joelahtmekultuur.ee\/neemerahvamaja\/wp-content\/uploads\/sites\/3\/2014\/04\/Uusikaupungi_teater_ja_Kiisa_LMS-150x150.jpg\" class=\"attachment-thumbnail size-thumbnail\" alt=\"\" aria-describedby=\"gallery-1-347\" \/><\/a>\n\t\t\t<\/dt>\n\t\t\t\t<dd class='wp-caption-text gallery-caption' id='gallery-1-347'>\n\t\t\t\tUusikaupungi teater\n\t\t\t\t<\/dd><\/dl><dl class='gallery-item'>\n\t\t\t<dt class='gallery-icon landscape'>\n\t\t\t\t<a href='http:\/\/joelahtmekultuur.ee\/neemerahvamaja\/pildigalerii\/teatriohtu-soprusest-sunnivad-26-septembril-2008\/vanapiigad_s_gilauas\/'><img loading=\"lazy\" decoding=\"async\" width=\"150\" height=\"150\" src=\"http:\/\/joelahtmekultuur.ee\/neemerahvamaja\/wp-content\/uploads\/sites\/3\/2014\/04\/vanapiigad_s_gilauas-150x150.jpg\" class=\"attachment-thumbnail size-thumbnail\" alt=\"\" aria-describedby=\"gallery-1-348\" \/><\/a>\n\t\t\t<\/dt>\n\t\t\t\t<dd class='wp-caption-text gallery-caption' id='gallery-1-348'>\n\t\t\t\tVanapiigad s\u00f6\u00f6gilaas\n\t\t\t\t<\/dd><\/dl><dl class='gallery-item'>\n\t\t\t<dt class='gallery-icon landscape'>\n\t\t\t\t<a href='http:\/\/joelahtmekultuur.ee\/neemerahvamaja\/pildigalerii\/teatriohtu-soprusest-sunnivad-26-septembril-2008\/vanapiigad\/'><img loading=\"lazy\" decoding=\"async\" width=\"150\" height=\"150\" src=\"http:\/\/joelahtmekultuur.ee\/neemerahvamaja\/wp-content\/uploads\/sites\/3\/2014\/04\/vanapiigad-150x150.jpg\" class=\"attachment-thumbnail size-thumbnail\" alt=\"\" aria-describedby=\"gallery-1-349\" \/><\/a>\n\t\t\t<\/dt>\n\t\t\t\t<dd class='wp-caption-text gallery-caption' id='gallery-1-349'>\n\t\t\t\tVanapiigad\n\t\t\t\t<\/dd><\/dl><br style=\"clear: both\" \/><dl class='gallery-item'>\n\t\t\t<dt class='gallery-icon landscape'>\n\t\t\t\t<a href='http:\/\/joelahtmekultuur.ee\/neemerahvamaja\/pildigalerii\/teatriohtu-soprusest-sunnivad-26-septembril-2008\/vanapoiste_tants\/'><img loading=\"lazy\" decoding=\"async\" width=\"150\" height=\"150\" src=\"http:\/\/joelahtmekultuur.ee\/neemerahvamaja\/wp-content\/uploads\/sites\/3\/2014\/04\/vanapoiste_tants-150x150.jpg\" class=\"attachment-thumbnail size-thumbnail\" alt=\"\" aria-describedby=\"gallery-1-350\" \/><\/a>\n\t\t\t<\/dt>\n\t\t\t\t<dd class='wp-caption-text gallery-caption' id='gallery-1-350'>\n\t\t\t\tVanapoiste tants\n\t\t\t\t<\/dd><\/dl>\n\t\t\t<br style='clear: both' \/>\n\t\t<\/div>\n\n","protected":false},"excerpt":{"rendered":"","protected":false},"author":1,"featured_media":0,"parent":93,"menu_order":0,"comment_status":"closed","ping_status":"closed","template":"","meta":{"ngg_post_thumbnail":0,"footnotes":""},"class_list":["post-339","page","type-page","status-publish","hentry"],"_links":{"self":[{"href":"http:\/\/joelahtmekultuur.ee\/neemerahvamaja\/wp-json\/wp\/v2\/pages\/339","targetHints":{"allow":["GET"]}}],"collection":[{"href":"http:\/\/joelahtmekultuur.ee\/neemerahvamaja\/wp-json\/wp\/v2\/pages"}],"about":[{"href":"http:\/\/joelahtmekultuur.ee\/neemerahvamaja\/wp-json\/wp\/v2\/types\/page"}],"author":[{"embeddable":true,"href":"http:\/\/joelahtmekultuur.ee\/neemerahvamaja\/wp-json\/wp\/v2\/users\/1"}],"replies":[{"embeddable":true,"href":"http:\/\/joelahtmekultuur.ee\/neemerahvamaja\/wp-json\/wp\/v2\/comments?post=339"}],"version-history":[{"count":2,"href":"http:\/\/joelahtmekultuur.ee\/neemerahvamaja\/wp-json\/wp\/v2\/pages\/339\/revisions"}],"predecessor-version":[{"id":427,"href":"http:\/\/joelahtmekultuur.ee\/neemerahvamaja\/wp-json\/wp\/v2\/pages\/339\/revisions\/427"}],"up":[{"embeddable":true,"href":"http:\/\/joelahtmekultuur.ee\/neemerahvamaja\/wp-json\/wp\/v2\/pages\/93"}],"wp:attachment":[{"href":"http:\/\/joelahtmekultuur.ee\/neemerahvamaja\/wp-json\/wp\/v2\/media?parent=339"}],"curies":[{"name":"wp","href":"https:\/\/api.w.org\/{rel}","templated":true}]}}