{"id":353,"date":"2014-04-28T11:38:56","date_gmt":"2014-04-28T08:38:56","guid":{"rendered":"http:\/\/joelahtmekultuur.ee\/neemerahvamaja\/?page_id=353"},"modified":"2014-05-07T10:23:28","modified_gmt":"2014-05-07T07:23:28","slug":"joelahtme-valla-seenioride-suvepaev-15-juunil-2008-neemes","status":"publish","type":"page","link":"http:\/\/joelahtmekultuur.ee\/neemerahvamaja\/pildigalerii\/joelahtme-valla-seenioride-suvepaev-15-juunil-2008-neemes\/","title":{"rendered":"J\u00f5el\u00e4htme valla seenioride suvep\u00e4ev 15. juunil 2008 Neemes"},"content":{"rendered":"\n\t\t<style type=\"text\/css\">\n\t\t\t#gallery-1 {\n\t\t\t\tmargin: auto;\n\t\t\t}\n\t\t\t#gallery-1 .gallery-item {\n\t\t\t\tfloat: left;\n\t\t\t\tmargin-top: 10px;\n\t\t\t\ttext-align: center;\n\t\t\t\twidth: 20%;\n\t\t\t}\n\t\t\t#gallery-1 img {\n\t\t\t\tborder: 2px solid #cfcfcf;\n\t\t\t}\n\t\t\t#gallery-1 .gallery-caption {\n\t\t\t\tmargin-left: 0;\n\t\t\t}\n\t\t\t\/* see gallery_shortcode() in wp-includes\/media.php *\/\n\t\t<\/style>\n\t\t<div id='gallery-1' class='gallery galleryid-353 gallery-columns-5 gallery-size-thumbnail'><dl class='gallery-item'>\n\t\t\t<dt class='gallery-icon landscape'>\n\t\t\t\t<a href='http:\/\/joelahtmekultuur.ee\/neemerahvamaja\/pildigalerii\/joelahtme-valla-seenioride-suvepaev-15-juunil-2008-neemes\/img_0148\/'><img loading=\"lazy\" decoding=\"async\" width=\"150\" height=\"150\" src=\"http:\/\/joelahtmekultuur.ee\/neemerahvamaja\/wp-content\/uploads\/sites\/3\/2014\/04\/IMG_0148-150x150.jpg\" class=\"attachment-thumbnail size-thumbnail\" alt=\"\" \/><\/a>\n\t\t\t<\/dt><\/dl><dl class='gallery-item'>\n\t\t\t<dt class='gallery-icon landscape'>\n\t\t\t\t<a href='http:\/\/joelahtmekultuur.ee\/neemerahvamaja\/pildigalerii\/joelahtme-valla-seenioride-suvepaev-15-juunil-2008-neemes\/img_0168\/'><img loading=\"lazy\" decoding=\"async\" width=\"150\" height=\"150\" src=\"http:\/\/joelahtmekultuur.ee\/neemerahvamaja\/wp-content\/uploads\/sites\/3\/2014\/04\/IMG_0168-150x150.jpg\" class=\"attachment-thumbnail size-thumbnail\" alt=\"\" \/><\/a>\n\t\t\t<\/dt><\/dl><dl class='gallery-item'>\n\t\t\t<dt class='gallery-icon landscape'>\n\t\t\t\t<a href='http:\/\/joelahtmekultuur.ee\/neemerahvamaja\/pildigalerii\/joelahtme-valla-seenioride-suvepaev-15-juunil-2008-neemes\/img_0172\/'><img loading=\"lazy\" decoding=\"async\" width=\"150\" height=\"150\" src=\"http:\/\/joelahtmekultuur.ee\/neemerahvamaja\/wp-content\/uploads\/sites\/3\/2014\/04\/IMG_0172-150x150.jpg\" class=\"attachment-thumbnail size-thumbnail\" alt=\"\" \/><\/a>\n\t\t\t<\/dt><\/dl><dl class='gallery-item'>\n\t\t\t<dt class='gallery-icon landscape'>\n\t\t\t\t<a href='http:\/\/joelahtmekultuur.ee\/neemerahvamaja\/pildigalerii\/joelahtme-valla-seenioride-suvepaev-15-juunil-2008-neemes\/img_0176\/'><img loading=\"lazy\" decoding=\"async\" width=\"150\" height=\"150\" src=\"http:\/\/joelahtmekultuur.ee\/neemerahvamaja\/wp-content\/uploads\/sites\/3\/2014\/04\/IMG_0176-150x150.jpg\" class=\"attachment-thumbnail size-thumbnail\" alt=\"\" \/><\/a>\n\t\t\t<\/dt><\/dl><dl class='gallery-item'>\n\t\t\t<dt class='gallery-icon landscape'>\n\t\t\t\t<a href='http:\/\/joelahtmekultuur.ee\/neemerahvamaja\/pildigalerii\/joelahtme-valla-seenioride-suvepaev-15-juunil-2008-neemes\/img_0180\/'><img loading=\"lazy\" decoding=\"async\" width=\"150\" height=\"150\" src=\"http:\/\/joelahtmekultuur.ee\/neemerahvamaja\/wp-content\/uploads\/sites\/3\/2014\/04\/IMG_0180-150x150.jpg\" class=\"attachment-thumbnail size-thumbnail\" alt=\"\" \/><\/a>\n\t\t\t<\/dt><\/dl><br style=\"clear: both\" \/><dl class='gallery-item'>\n\t\t\t<dt class='gallery-icon landscape'>\n\t\t\t\t<a href='http:\/\/joelahtmekultuur.ee\/neemerahvamaja\/pildigalerii\/joelahtme-valla-seenioride-suvepaev-15-juunil-2008-neemes\/img_0183\/'><img loading=\"lazy\" decoding=\"async\" width=\"150\" height=\"150\" src=\"http:\/\/joelahtmekultuur.ee\/neemerahvamaja\/wp-content\/uploads\/sites\/3\/2014\/04\/IMG_0183-150x150.jpg\" class=\"attachment-thumbnail size-thumbnail\" alt=\"\" \/><\/a>\n\t\t\t<\/dt><\/dl><dl class='gallery-item'>\n\t\t\t<dt class='gallery-icon landscape'>\n\t\t\t\t<a href='http:\/\/joelahtmekultuur.ee\/neemerahvamaja\/pildigalerii\/joelahtme-valla-seenioride-suvepaev-15-juunil-2008-neemes\/img_0186\/'><img loading=\"lazy\" decoding=\"async\" width=\"150\" height=\"150\" src=\"http:\/\/joelahtmekultuur.ee\/neemerahvamaja\/wp-content\/uploads\/sites\/3\/2014\/04\/IMG_0186-150x150.jpg\" class=\"attachment-thumbnail size-thumbnail\" alt=\"\" \/><\/a>\n\t\t\t<\/dt><\/dl><dl class='gallery-item'>\n\t\t\t<dt class='gallery-icon landscape'>\n\t\t\t\t<a href='http:\/\/joelahtmekultuur.ee\/neemerahvamaja\/pildigalerii\/joelahtme-valla-seenioride-suvepaev-15-juunil-2008-neemes\/img_0191\/'><img loading=\"lazy\" decoding=\"async\" width=\"150\" height=\"150\" src=\"http:\/\/joelahtmekultuur.ee\/neemerahvamaja\/wp-content\/uploads\/sites\/3\/2014\/04\/IMG_0191-150x150.jpg\" class=\"attachment-thumbnail size-thumbnail\" alt=\"\" \/><\/a>\n\t\t\t<\/dt><\/dl><dl class='gallery-item'>\n\t\t\t<dt class='gallery-icon landscape'>\n\t\t\t\t<a href='http:\/\/joelahtmekultuur.ee\/neemerahvamaja\/pildigalerii\/joelahtme-valla-seenioride-suvepaev-15-juunil-2008-neemes\/img_0194\/'><img loading=\"lazy\" decoding=\"async\" width=\"150\" height=\"150\" src=\"http:\/\/joelahtmekultuur.ee\/neemerahvamaja\/wp-content\/uploads\/sites\/3\/2014\/04\/IMG_0194-150x150.jpg\" class=\"attachment-thumbnail size-thumbnail\" alt=\"\" \/><\/a>\n\t\t\t<\/dt><\/dl><dl class='gallery-item'>\n\t\t\t<dt class='gallery-icon landscape'>\n\t\t\t\t<a href='http:\/\/joelahtmekultuur.ee\/neemerahvamaja\/pildigalerii\/joelahtme-valla-seenioride-suvepaev-15-juunil-2008-neemes\/img_0200\/'><img loading=\"lazy\" decoding=\"async\" width=\"150\" height=\"150\" src=\"http:\/\/joelahtmekultuur.ee\/neemerahvamaja\/wp-content\/uploads\/sites\/3\/2014\/04\/IMG_0200-150x150.jpg\" class=\"attachment-thumbnail size-thumbnail\" alt=\"\" \/><\/a>\n\t\t\t<\/dt><\/dl><br style=\"clear: both\" \/><dl class='gallery-item'>\n\t\t\t<dt class='gallery-icon portrait'>\n\t\t\t\t<a href='http:\/\/joelahtmekultuur.ee\/neemerahvamaja\/pildigalerii\/joelahtme-valla-seenioride-suvepaev-15-juunil-2008-neemes\/img_0206\/'><img loading=\"lazy\" decoding=\"async\" width=\"150\" height=\"150\" src=\"http:\/\/joelahtmekultuur.ee\/neemerahvamaja\/wp-content\/uploads\/sites\/3\/2014\/04\/IMG_0206-150x150.jpg\" class=\"attachment-thumbnail size-thumbnail\" alt=\"\" \/><\/a>\n\t\t\t<\/dt><\/dl><dl class='gallery-item'>\n\t\t\t<dt class='gallery-icon landscape'>\n\t\t\t\t<a href='http:\/\/joelahtmekultuur.ee\/neemerahvamaja\/pildigalerii\/joelahtme-valla-seenioride-suvepaev-15-juunil-2008-neemes\/img_0215\/'><img loading=\"lazy\" decoding=\"async\" width=\"150\" height=\"150\" src=\"http:\/\/joelahtmekultuur.ee\/neemerahvamaja\/wp-content\/uploads\/sites\/3\/2014\/04\/IMG_0215-150x150.jpg\" class=\"attachment-thumbnail size-thumbnail\" alt=\"\" \/><\/a>\n\t\t\t<\/dt><\/dl><dl class='gallery-item'>\n\t\t\t<dt class='gallery-icon landscape'>\n\t\t\t\t<a href='http:\/\/joelahtmekultuur.ee\/neemerahvamaja\/pildigalerii\/joelahtme-valla-seenioride-suvepaev-15-juunil-2008-neemes\/img_0219\/'><img loading=\"lazy\" decoding=\"async\" width=\"150\" height=\"150\" src=\"http:\/\/joelahtmekultuur.ee\/neemerahvamaja\/wp-content\/uploads\/sites\/3\/2014\/04\/IMG_0219-150x150.jpg\" class=\"attachment-thumbnail size-thumbnail\" alt=\"\" \/><\/a>\n\t\t\t<\/dt><\/dl><dl class='gallery-item'>\n\t\t\t<dt class='gallery-icon landscape'>\n\t\t\t\t<a href='http:\/\/joelahtmekultuur.ee\/neemerahvamaja\/pildigalerii\/joelahtme-valla-seenioride-suvepaev-15-juunil-2008-neemes\/img_0224\/'><img loading=\"lazy\" decoding=\"async\" width=\"150\" height=\"150\" src=\"http:\/\/joelahtmekultuur.ee\/neemerahvamaja\/wp-content\/uploads\/sites\/3\/2014\/04\/IMG_0224-150x150.jpg\" class=\"attachment-thumbnail size-thumbnail\" alt=\"\" \/><\/a>\n\t\t\t<\/dt><\/dl><dl class='gallery-item'>\n\t\t\t<dt class='gallery-icon landscape'>\n\t\t\t\t<a href='http:\/\/joelahtmekultuur.ee\/neemerahvamaja\/pildigalerii\/joelahtme-valla-seenioride-suvepaev-15-juunil-2008-neemes\/img_0226\/'><img loading=\"lazy\" decoding=\"async\" width=\"150\" height=\"150\" src=\"http:\/\/joelahtmekultuur.ee\/neemerahvamaja\/wp-content\/uploads\/sites\/3\/2014\/04\/IMG_0226-150x150.jpg\" class=\"attachment-thumbnail size-thumbnail\" alt=\"\" \/><\/a>\n\t\t\t<\/dt><\/dl><br style=\"clear: both\" \/><dl class='gallery-item'>\n\t\t\t<dt class='gallery-icon landscape'>\n\t\t\t\t<a href='http:\/\/joelahtmekultuur.ee\/neemerahvamaja\/pildigalerii\/joelahtme-valla-seenioride-suvepaev-15-juunil-2008-neemes\/img_0234\/'><img loading=\"lazy\" decoding=\"async\" width=\"150\" height=\"150\" src=\"http:\/\/joelahtmekultuur.ee\/neemerahvamaja\/wp-content\/uploads\/sites\/3\/2014\/04\/IMG_0234-150x150.jpg\" class=\"attachment-thumbnail size-thumbnail\" alt=\"\" \/><\/a>\n\t\t\t<\/dt><\/dl><dl class='gallery-item'>\n\t\t\t<dt class='gallery-icon landscape'>\n\t\t\t\t<a href='http:\/\/joelahtmekultuur.ee\/neemerahvamaja\/pildigalerii\/joelahtme-valla-seenioride-suvepaev-15-juunil-2008-neemes\/img_0238\/'><img loading=\"lazy\" decoding=\"async\" width=\"150\" height=\"150\" src=\"http:\/\/joelahtmekultuur.ee\/neemerahvamaja\/wp-content\/uploads\/sites\/3\/2014\/04\/IMG_0238-150x150.jpg\" class=\"attachment-thumbnail size-thumbnail\" alt=\"\" \/><\/a>\n\t\t\t<\/dt><\/dl><dl class='gallery-item'>\n\t\t\t<dt class='gallery-icon landscape'>\n\t\t\t\t<a href='http:\/\/joelahtmekultuur.ee\/neemerahvamaja\/pildigalerii\/joelahtme-valla-seenioride-suvepaev-15-juunil-2008-neemes\/img_0240\/'><img loading=\"lazy\" decoding=\"async\" width=\"150\" height=\"150\" src=\"http:\/\/joelahtmekultuur.ee\/neemerahvamaja\/wp-content\/uploads\/sites\/3\/2014\/04\/IMG_0240-150x150.jpg\" class=\"attachment-thumbnail size-thumbnail\" alt=\"\" \/><\/a>\n\t\t\t<\/dt><\/dl><dl class='gallery-item'>\n\t\t\t<dt class='gallery-icon landscape'>\n\t\t\t\t<a href='http:\/\/joelahtmekultuur.ee\/neemerahvamaja\/pildigalerii\/joelahtme-valla-seenioride-suvepaev-15-juunil-2008-neemes\/img_0245\/'><img loading=\"lazy\" decoding=\"async\" width=\"150\" height=\"150\" src=\"http:\/\/joelahtmekultuur.ee\/neemerahvamaja\/wp-content\/uploads\/sites\/3\/2014\/04\/IMG_0245-150x150.jpg\" class=\"attachment-thumbnail size-thumbnail\" alt=\"\" \/><\/a>\n\t\t\t<\/dt><\/dl><dl class='gallery-item'>\n\t\t\t<dt class='gallery-icon landscape'>\n\t\t\t\t<a href='http:\/\/joelahtmekultuur.ee\/neemerahvamaja\/pildigalerii\/joelahtme-valla-seenioride-suvepaev-15-juunil-2008-neemes\/img_0248\/'><img loading=\"lazy\" decoding=\"async\" width=\"150\" height=\"150\" src=\"http:\/\/joelahtmekultuur.ee\/neemerahvamaja\/wp-content\/uploads\/sites\/3\/2014\/04\/IMG_0248-150x150.jpg\" class=\"attachment-thumbnail size-thumbnail\" alt=\"\" \/><\/a>\n\t\t\t<\/dt><\/dl><br style=\"clear: both\" \/><dl class='gallery-item'>\n\t\t\t<dt class='gallery-icon landscape'>\n\t\t\t\t<a href='http:\/\/joelahtmekultuur.ee\/neemerahvamaja\/pildigalerii\/joelahtme-valla-seenioride-suvepaev-15-juunil-2008-neemes\/img_0254\/'><img loading=\"lazy\" decoding=\"async\" width=\"150\" height=\"150\" src=\"http:\/\/joelahtmekultuur.ee\/neemerahvamaja\/wp-content\/uploads\/sites\/3\/2014\/04\/IMG_0254-150x150.jpg\" class=\"attachment-thumbnail size-thumbnail\" alt=\"\" \/><\/a>\n\t\t\t<\/dt><\/dl><dl class='gallery-item'>\n\t\t\t<dt class='gallery-icon landscape'>\n\t\t\t\t<a href='http:\/\/joelahtmekultuur.ee\/neemerahvamaja\/pildigalerii\/joelahtme-valla-seenioride-suvepaev-15-juunil-2008-neemes\/img_0262\/'><img loading=\"lazy\" decoding=\"async\" width=\"150\" height=\"150\" src=\"http:\/\/joelahtmekultuur.ee\/neemerahvamaja\/wp-content\/uploads\/sites\/3\/2014\/04\/IMG_0262-150x150.jpg\" class=\"attachment-thumbnail size-thumbnail\" alt=\"\" \/><\/a>\n\t\t\t<\/dt><\/dl><dl class='gallery-item'>\n\t\t\t<dt class='gallery-icon landscape'>\n\t\t\t\t<a href='http:\/\/joelahtmekultuur.ee\/neemerahvamaja\/pildigalerii\/joelahtme-valla-seenioride-suvepaev-15-juunil-2008-neemes\/img_0264\/'><img loading=\"lazy\" decoding=\"async\" width=\"150\" height=\"150\" src=\"http:\/\/joelahtmekultuur.ee\/neemerahvamaja\/wp-content\/uploads\/sites\/3\/2014\/04\/IMG_0264-150x150.jpg\" class=\"attachment-thumbnail size-thumbnail\" alt=\"\" \/><\/a>\n\t\t\t<\/dt><\/dl><dl class='gallery-item'>\n\t\t\t<dt class='gallery-icon landscape'>\n\t\t\t\t<a href='http:\/\/joelahtmekultuur.ee\/neemerahvamaja\/pildigalerii\/joelahtme-valla-seenioride-suvepaev-15-juunil-2008-neemes\/img_0270\/'><img loading=\"lazy\" decoding=\"async\" width=\"150\" height=\"150\" src=\"http:\/\/joelahtmekultuur.ee\/neemerahvamaja\/wp-content\/uploads\/sites\/3\/2014\/04\/IMG_0270-150x150.jpg\" class=\"attachment-thumbnail size-thumbnail\" alt=\"\" \/><\/a>\n\t\t\t<\/dt><\/dl><dl class='gallery-item'>\n\t\t\t<dt class='gallery-icon landscape'>\n\t\t\t\t<a href='http:\/\/joelahtmekultuur.ee\/neemerahvamaja\/pildigalerii\/joelahtme-valla-seenioride-suvepaev-15-juunil-2008-neemes\/img_0272\/'><img loading=\"lazy\" decoding=\"async\" width=\"150\" height=\"150\" src=\"http:\/\/joelahtmekultuur.ee\/neemerahvamaja\/wp-content\/uploads\/sites\/3\/2014\/04\/IMG_0272-150x150.jpg\" class=\"attachment-thumbnail size-thumbnail\" alt=\"\" \/><\/a>\n\t\t\t<\/dt><\/dl><br style=\"clear: both\" \/><dl class='gallery-item'>\n\t\t\t<dt class='gallery-icon landscape'>\n\t\t\t\t<a href='http:\/\/joelahtmekultuur.ee\/neemerahvamaja\/pildigalerii\/joelahtme-valla-seenioride-suvepaev-15-juunil-2008-neemes\/img_0276\/'><img loading=\"lazy\" decoding=\"async\" width=\"150\" height=\"150\" src=\"http:\/\/joelahtmekultuur.ee\/neemerahvamaja\/wp-content\/uploads\/sites\/3\/2014\/04\/IMG_0276-150x150.jpg\" class=\"attachment-thumbnail size-thumbnail\" alt=\"\" \/><\/a>\n\t\t\t<\/dt><\/dl><dl class='gallery-item'>\n\t\t\t<dt class='gallery-icon landscape'>\n\t\t\t\t<a href='http:\/\/joelahtmekultuur.ee\/neemerahvamaja\/pildigalerii\/joelahtme-valla-seenioride-suvepaev-15-juunil-2008-neemes\/img_0279\/'><img loading=\"lazy\" decoding=\"async\" width=\"150\" height=\"150\" src=\"http:\/\/joelahtmekultuur.ee\/neemerahvamaja\/wp-content\/uploads\/sites\/3\/2014\/04\/IMG_0279-150x150.jpg\" class=\"attachment-thumbnail size-thumbnail\" alt=\"\" \/><\/a>\n\t\t\t<\/dt><\/dl><dl class='gallery-item'>\n\t\t\t<dt class='gallery-icon landscape'>\n\t\t\t\t<a href='http:\/\/joelahtmekultuur.ee\/neemerahvamaja\/pildigalerii\/joelahtme-valla-seenioride-suvepaev-15-juunil-2008-neemes\/img_0283\/'><img loading=\"lazy\" decoding=\"async\" width=\"150\" height=\"150\" src=\"http:\/\/joelahtmekultuur.ee\/neemerahvamaja\/wp-content\/uploads\/sites\/3\/2014\/04\/IMG_0283-150x150.jpg\" class=\"attachment-thumbnail size-thumbnail\" alt=\"\" \/><\/a>\n\t\t\t<\/dt><\/dl><dl class='gallery-item'>\n\t\t\t<dt class='gallery-icon landscape'>\n\t\t\t\t<a href='http:\/\/joelahtmekultuur.ee\/neemerahvamaja\/pildigalerii\/joelahtme-valla-seenioride-suvepaev-15-juunil-2008-neemes\/img_0286\/'><img loading=\"lazy\" decoding=\"async\" width=\"150\" height=\"150\" src=\"http:\/\/joelahtmekultuur.ee\/neemerahvamaja\/wp-content\/uploads\/sites\/3\/2014\/04\/IMG_0286-150x150.jpg\" class=\"attachment-thumbnail size-thumbnail\" alt=\"\" \/><\/a>\n\t\t\t<\/dt><\/dl>\n\t\t\t<br style='clear: both' \/>\n\t\t<\/div>\n\n","protected":false},"excerpt":{"rendered":"","protected":false},"author":1,"featured_media":0,"parent":93,"menu_order":0,"comment_status":"closed","ping_status":"closed","template":"","meta":{"ngg_post_thumbnail":0,"footnotes":""},"class_list":["post-353","page","type-page","status-publish","hentry"],"_links":{"self":[{"href":"http:\/\/joelahtmekultuur.ee\/neemerahvamaja\/wp-json\/wp\/v2\/pages\/353","targetHints":{"allow":["GET"]}}],"collection":[{"href":"http:\/\/joelahtmekultuur.ee\/neemerahvamaja\/wp-json\/wp\/v2\/pages"}],"about":[{"href":"http:\/\/joelahtmekultuur.ee\/neemerahvamaja\/wp-json\/wp\/v2\/types\/page"}],"author":[{"embeddable":true,"href":"http:\/\/joelahtmekultuur.ee\/neemerahvamaja\/wp-json\/wp\/v2\/users\/1"}],"replies":[{"embeddable":true,"href":"http:\/\/joelahtmekultuur.ee\/neemerahvamaja\/wp-json\/wp\/v2\/comments?post=353"}],"version-history":[{"count":2,"href":"http:\/\/joelahtmekultuur.ee\/neemerahvamaja\/wp-json\/wp\/v2\/pages\/353\/revisions"}],"predecessor-version":[{"id":424,"href":"http:\/\/joelahtmekultuur.ee\/neemerahvamaja\/wp-json\/wp\/v2\/pages\/353\/revisions\/424"}],"up":[{"embeddable":true,"href":"http:\/\/joelahtmekultuur.ee\/neemerahvamaja\/wp-json\/wp\/v2\/pages\/93"}],"wp:attachment":[{"href":"http:\/\/joelahtmekultuur.ee\/neemerahvamaja\/wp-json\/wp\/v2\/media?parent=353"}],"curies":[{"name":"wp","href":"https:\/\/api.w.org\/{rel}","templated":true}]}}