{"id":52,"date":"2014-04-01T15:37:35","date_gmt":"2014-04-01T12:37:35","guid":{"rendered":"http:\/\/joelahtmekultuur.ee\/neemerahvamaja\/?page_id=52"},"modified":"2014-04-07T21:49:52","modified_gmt":"2014-04-07T18:49:52","slug":"avalikud-dokumendid","status":"publish","type":"page","link":"http:\/\/joelahtmekultuur.ee\/neemerahvamaja\/avalikud-dokumendid\/","title":{"rendered":"Dokumendid"},"content":{"rendered":"<p><a href=\"https:\/\/www.riigiteataja.ee\/akt\/411122013006\" target=\"_blank\">J\u00f5el\u00e4htme Valla Kultuurikeskuse p\u00f5him\u00e4\u00e4rus<\/a><br \/>\n<a href=\"http:\/\/joelahtmekultuur.ee\/neemerahvamaja\/wp-content\/uploads\/sites\/3\/2014\/04\/Neeme_Rahvamaja_tooplaan_2013.pdf\">Neeme Rahvamaja 2013. aasta tegevusplaan<\/a><br \/>\n<a href=\"http:\/\/joelahtmekultuur.ee\/neemerahvamaja\/wp-content\/uploads\/sites\/3\/2014\/04\/Neeme_Rahvamaja_2012_tegevusaruanne.pdf\">Neeme Rahvamaja 2012. aasta tegevusaruanne<\/a><\/p>\n<p><strong>Neeme Rahvamaja 2013. aasta eelarve<br \/>\n<\/strong><\/p>\n<table style=\"width: 100%;\" summary=\"\" border=\"0\" cellspacing=\"1\" cellpadding=\"1\">\n<tbody>\n<tr>\n<td><\/td>\n<td><strong>Kokku<\/strong><\/td>\n<td><strong>37 044 eurot<\/strong><\/td>\n<\/tr>\n<tr>\n<td>sellest:<\/td>\n<td>personalikulu<\/td>\n<td>20 882 eurot<\/td>\n<\/tr>\n<tr>\n<td><\/td>\n<td>majanduskulu<\/td>\n<td>16 162 eurot<\/td>\n<\/tr>\n<\/tbody>\n<\/table>\n","protected":false},"excerpt":{"rendered":"<p>J\u00f5el\u00e4htme Valla Kultuurikeskuse p\u00f5him\u00e4\u00e4rus Neeme Rahvamaja 2013. aasta tegevusplaan Neeme Rahvamaja 2012. aasta tegevusaruanne Neeme Rahvamaja 2013. aasta eelarve Kokku 37 044 eurot sellest: personalikulu 20 882 eurot majanduskulu 16 162 eurot<\/p>\n","protected":false},"author":1,"featured_media":0,"parent":0,"menu_order":0,"comment_status":"closed","ping_status":"closed","template":"","meta":{"ngg_post_thumbnail":0,"footnotes":""},"class_list":["post-52","page","type-page","status-publish","hentry"],"_links":{"self":[{"href":"http:\/\/joelahtmekultuur.ee\/neemerahvamaja\/wp-json\/wp\/v2\/pages\/52","targetHints":{"allow":["GET"]}}],"collection":[{"href":"http:\/\/joelahtmekultuur.ee\/neemerahvamaja\/wp-json\/wp\/v2\/pages"}],"about":[{"href":"http:\/\/joelahtmekultuur.ee\/neemerahvamaja\/wp-json\/wp\/v2\/types\/page"}],"author":[{"embeddable":true,"href":"http:\/\/joelahtmekultuur.ee\/neemerahvamaja\/wp-json\/wp\/v2\/users\/1"}],"replies":[{"embeddable":true,"href":"http:\/\/joelahtmekultuur.ee\/neemerahvamaja\/wp-json\/wp\/v2\/comments?post=52"}],"version-history":[{"count":7,"href":"http:\/\/joelahtmekultuur.ee\/neemerahvamaja\/wp-json\/wp\/v2\/pages\/52\/revisions"}],"predecessor-version":[{"id":193,"href":"http:\/\/joelahtmekultuur.ee\/neemerahvamaja\/wp-json\/wp\/v2\/pages\/52\/revisions\/193"}],"wp:attachment":[{"href":"http:\/\/joelahtmekultuur.ee\/neemerahvamaja\/wp-json\/wp\/v2\/media?parent=52"}],"curies":[{"name":"wp","href":"https:\/\/api.w.org\/{rel}","templated":true}]}}