{"id":93,"date":"2014-04-01T16:47:30","date_gmt":"2014-04-01T13:47:30","guid":{"rendered":"http:\/\/joelahtmekultuur.ee\/neemerahvamaja\/?page_id=93"},"modified":"2014-04-28T11:42:22","modified_gmt":"2014-04-28T08:42:22","slug":"pildigalerii","status":"publish","type":"page","link":"http:\/\/joelahtmekultuur.ee\/neemerahvamaja\/pildigalerii\/","title":{"rendered":"Pildigalerii"},"content":{"rendered":"<p><a title=\"Pilte \u00fcritustelt 2013\" href=\"http:\/\/joelahtmekultuur.ee\/neemerahvamaja\/pildigalerii\/pilte-uritustelt-2013\/\">Pilte \u00fcritustelt 2013<\/a><\/p>\n<p><a title=\"Salongi\u00f5htu mustlasansambliga Alsol 4. novembril 2011\" href=\"http:\/\/joelahtmekultuur.ee\/neemerahvamaja\/pildigalerii\/salongiohtu-mustlasansambliga-alsol-4-novembril-2011\/\">Salongi\u00f5htu mustlasansambliga Alsol 04. novembril 2011<\/a><\/p>\n<p><a title=\"Aastavahetus 2009\/2010\" href=\"http:\/\/joelahtmekultuur.ee\/neemerahvamaja\/pildigalerii\/aastavahetus-20092010\/\">Aastavahetus 2009\/2010<\/a><\/p>\n<p><a title=\"Aastavahetuse pidu ja uusaastakontsert 2009\" href=\"http:\/\/joelahtmekultuur.ee\/neemerahvamaja\/pildigalerii\/aastavahetuse-pidu-ja-uusaastakontsert-2009\/\">Aastavahetuse pidu ja uusaastakontsert 2009<\/a><\/p>\n<p><a title=\"Teatri\u00f5htu \u201cS\u00f5prusest s\u00fcnnivad\u201d 26. septembril 2008\" href=\"http:\/\/joelahtmekultuur.ee\/neemerahvamaja\/pildigalerii\/teatriohtu-soprusest-sunnivad-26-septembril-2008\/\">Teatri\u00f5htu &#8220;S\u00f5prusest s\u00fcnnivad&#8221; 26. septembril 2008<\/a><\/p>\n<p><a title=\"J\u00f5el\u00e4htme valla seenioride suvep\u00e4ev 15. juunil 2008 Neemes\" href=\"http:\/\/joelahtmekultuur.ee\/neemerahvamaja\/pildigalerii\/joelahtme-valla-seenioride-suvepaev-15-juunil-2008-neemes\/\">J\u00f5el\u00e4htme valla seenioride suvep\u00e4ev 15. juunil 2008 Neemes<\/a><\/p>\n<p><a title=\"Eesti Vabariik 90\" href=\"http:\/\/joelahtmekultuur.ee\/neemerahvamaja\/pildigalerii\/eesti-vabariik-90\/\">Eesti Vabariik 90<\/a><\/p>\n<p><a title=\"Fotod \u00fcritustest 2007-2008\" href=\"http:\/\/joelahtmekultuur.ee\/neemerahvamaja\/pildigalerii\/fotod-uritustest-2007-2008\/\">Fotod \u00fcritustest 2007-2008<\/a><\/p>\n","protected":false},"excerpt":{"rendered":"<p>Pilte \u00fcritustelt 2013 Salongi\u00f5htu mustlasansambliga Alsol 04. novembril 2011 Aastavahetus 2009\/2010 Aastavahetuse pidu ja uusaastakontsert 2009 Teatri\u00f5htu &#8220;S\u00f5prusest s\u00fcnnivad&#8221; 26. septembril 2008 J\u00f5el\u00e4htme valla seenioride suvep\u00e4ev 15. juunil 2008 Neemes Eesti Vabariik 90 Fotod \u00fcritustest 2007-2008<\/p>\n","protected":false},"author":1,"featured_media":0,"parent":0,"menu_order":0,"comment_status":"closed","ping_status":"closed","template":"","meta":{"ngg_post_thumbnail":0,"footnotes":""},"class_list":["post-93","page","type-page","status-publish","hentry"],"_links":{"self":[{"href":"http:\/\/joelahtmekultuur.ee\/neemerahvamaja\/wp-json\/wp\/v2\/pages\/93","targetHints":{"allow":["GET"]}}],"collection":[{"href":"http:\/\/joelahtmekultuur.ee\/neemerahvamaja\/wp-json\/wp\/v2\/pages"}],"about":[{"href":"http:\/\/joelahtmekultuur.ee\/neemerahvamaja\/wp-json\/wp\/v2\/types\/page"}],"author":[{"embeddable":true,"href":"http:\/\/joelahtmekultuur.ee\/neemerahvamaja\/wp-json\/wp\/v2\/users\/1"}],"replies":[{"embeddable":true,"href":"http:\/\/joelahtmekultuur.ee\/neemerahvamaja\/wp-json\/wp\/v2\/comments?post=93"}],"version-history":[{"count":10,"href":"http:\/\/joelahtmekultuur.ee\/neemerahvamaja\/wp-json\/wp\/v2\/pages\/93\/revisions"}],"predecessor-version":[{"id":574,"href":"http:\/\/joelahtmekultuur.ee\/neemerahvamaja\/wp-json\/wp\/v2\/pages\/93\/revisions\/574"}],"wp:attachment":[{"href":"http:\/\/joelahtmekultuur.ee\/neemerahvamaja\/wp-json\/wp\/v2\/media?parent=93"}],"curies":[{"name":"wp","href":"https:\/\/api.w.org\/{rel}","templated":true}]}}