{"id":33,"date":"2014-04-02T09:06:49","date_gmt":"2014-04-02T06:06:49","guid":{"rendered":"http:\/\/joelahtmekultuur.ee\/joelahtmerahvamaja\/?page_id=33"},"modified":"2023-11-01T14:37:09","modified_gmt":"2023-11-01T12:37:09","slug":"teenused","status":"publish","type":"page","link":"https:\/\/joelahtmekultuur.ee\/joelahtmerahvamaja\/?page_id=33","title":{"rendered":"Teenused ja hinnad"},"content":{"rendered":"<p>&nbsp;<\/p>\n<table style=\"height: 1674px;width: 101.665%\" cellspacing=\"0\" cellpadding=\"0\">\n<tbody>\n<tr>\n<td style=\"width: 137.931%\" colspan=\"5\">\n<h2>Ruumide rent<\/h2>\n<\/td>\n<\/tr>\n<tr>\n<th style=\"width: 20.8668%\">Ruumi nimetus<\/th>\n<th style=\"width: 92.9781%\">E-R 09:00-17:00<\/p>\n<p>1 h\/ E<\/th>\n<th style=\"width: 13.0435%\">E-N&nbsp;18:00-02:00<\/p>\n<p>1h\/E<\/th>\n<th style=\"width: 9.43203%\">R 18:00-02:00<\/p>\n<p>L, P 1h\/E<\/th>\n<th style=\"width: 1.61031%\">Riiklikud p\u00fchad<\/p>\n<p>1h\/E&nbsp;<\/th>\n<\/tr>\n<tr>\n<td style=\"width: 20.8668%\" valign=\"top\">Rahvamaja saal<\/td>\n<td style=\"width: 92.9781%\" valign=\"top\">10.00<\/td>\n<td style=\"width: 13.0435%\" valign=\"top\">15.00<\/td>\n<td style=\"width: 9.43203%\" valign=\"top\">20.00<\/td>\n<td style=\"width: 1.61031%\" valign=\"top\">30.00<\/td>\n<\/tr>\n<tr>\n<td style=\"width: 20.8668%\" valign=\"top\">K\u00f6\u00f6ginurk ja pesemisruum<\/td>\n<td style=\"width: 92.9781%\" valign=\"top\">5.00<\/td>\n<td style=\"width: 13.0435%\" valign=\"top\">5.00<\/td>\n<td style=\"width: 9.43203%\" valign=\"top\">5.00<\/td>\n<td style=\"width: 1.61031%\" valign=\"top\">5.00<\/td>\n<\/tr>\n<tr>\n<td style=\"width: 137.931%\" colspan=\"5\" valign=\"top\">&nbsp;<\/td>\n<\/tr>\n<tr>\n<td style=\"width: 137.931%\" colspan=\"5\" valign=\"top\">\n<ul>\n<li>Kinnitada J\u00f5el\u00e4htme Rahvamaja ( s.h. k\u00f6\u00f6gi ja pesuruumi) \u00f6\u00f6p\u00e4evaringseks kasutamiseks (laagrid, suvep\u00e4evad, jne) hinnakiri allj\u00e4rgnevalt: 24 tundi 150.00 \u20ac, 2 \u00f6\u00f6p\u00e4eva 220.00 \u20ac,&nbsp;3 \u00f6\u00f6p\u00e4eva 300.00 \u20ac, riiklikel p\u00fchadel ( 24 h ) 250.00 \u20ac<\/li>\n<li>Hinnad sisaldavad 1 tund \u00fcrituse ettevalmistusaega ja 1 tund j\u00e4relkoristust.<\/li>\n<li>Rendihinna arvestus toimub t\u00e4istundide kaupa.<\/li>\n<li>Rendihinna s\u00f5lmimisel pikemaks perioodiks (hooaeg, kvartal, aasta) v\u00f5ib rendileandja rakendada k\u00e4esolevas hinnakirjas toodud hindadest kuni 30 % v\u00e4iksemaid tasum\u00e4\u00e4rasid.<\/li>\n<li>J\u00f5el\u00e4htme vallas registreeritud k\u00fclaseltsidele ja mittetulundus\u00fchingutele, J\u00f5el\u00e4htme Vallavalitsuse hallatavatele asutustele, valla rahvakultuuri kollektiividele (rahvatants, rahvamuusikaansamblid, laulukollektiiivid, k\u00e4sit\u00f6\u00f6- ja n\u00e4iteringid) on kollektiivi v\u00f5i asutuse tegevuste l\u00e4biviimiseks J\u00f5el\u00e4htme Valla Kultuurikeskuse ruumide kasutamine tasuta.<\/li>\n<li>Kinnitada peoj\u00e4rgse ruumide koristamise ning n\u00f5udepesu hinnaks 2.00 E \/ inimene<\/li>\n<li>Kinnitada rahvamaja kinnistul telkimisplatsi \u00fche \u00f6\u00f6p\u00e4eva rendihinnaks 2.00 E \/telgi koht<\/li>\n<\/ul>\n<\/td>\n<\/tr>\n<tr>\n<td style=\"width: 137.931%\" colspan=\"5\" valign=\"top\">\n<h2>Inventari rent<\/h2>\n<\/td>\n<\/tr>\n<tr>\n<th style=\"width: 113.845%\" colspan=\"2\">Nimetus<\/th>\n<th style=\"width: 13.0435%\">Inventari kasutamise (kuni 12 tundi) hind<\/th>\n<th style=\"width: 9.43203%\">Kahjutasu inventari<br \/>\nrikkumise&nbsp;v\u00f5i kadumise korral<\/th>\n<th style=\"width: 1.61031%\">&nbsp;<\/th>\n<\/tr>\n<tr>\n<td style=\"width: 113.845%\" colspan=\"2\" valign=\"&quot;top\">\n<p>Esitlus- ja helitehnika<\/p>\n<p>projektor Hitachi<\/p>\n<p>Mikrofon<\/p>\n<p>Helitehnika komlekt<\/p>\n<p>Soe ja k\u00fclm toidulaud:<\/p>\n<p>praetaldrik, noad, kahvlid, morsiklaas<\/p>\n<p>Kohvilaud: kohvitass, alustass, lusikas,&nbsp;<\/p>\n<p>suhkrutoosid, koorekannud<\/p>\n<p>Pokaalid: vahuvein, vein<\/p>\n<p>S\u00f6\u00f6gilaud (kandiline, \u00fcmmargune) 1 tk<\/td>\n<td style=\"width: 13.0435%\" valign=\"top\">\n<p>&nbsp;<\/p>\n<p>&nbsp;<\/p>\n<p style=\"padding-left: 30px\">10 \u20ac<\/p>\n<p style=\"padding-left: 30px\">5 \u20ac<\/p>\n<p style=\"padding-left: 30px\">100 \u20ac<\/p>\n<h3 style=\"padding-left: 30px\">2 \u20ac<\/h3>\n<p style=\"padding-left: 30px\">2 \u20ac<\/p>\n<p style=\"padding-left: 30px\">2 \u20ac\/tk<\/p>\n<p>&nbsp;<\/p>\n<p style=\"padding-left: 30px\">5 \u20ac<\/p>\n<p>&nbsp;<\/td>\n<td style=\"width: 9.43203%\" valign=\"top\">\n<p>&nbsp;<\/p>\n<p>&nbsp;<\/p>\n<p>600 \u20ac<\/p>\n<p>400 \u20ac<\/p>\n<p>2000 \u20ac<\/p>\n<p>10 \u20ac<\/p>\n<p>5 \u20ac<\/p>\n<p>5 \u20ac<\/p>\n<p>&nbsp;<\/p>\n<p>100 \u20ac<\/td>\n<td style=\"width: 1.61031%\" valign=\"top\">&nbsp;<\/td>\n<\/tr>\n<tr>\n<td style=\"width: 113.845%\" colspan=\"2\" valign=\"top\">&nbsp;<\/td>\n<td style=\"width: 13.0435%\" valign=\"top\">&nbsp;<\/td>\n<td style=\"width: 9.43203%\" valign=\"top\">&nbsp;<\/td>\n<td style=\"width: 1.61031%\" valign=\"top\">&nbsp;<\/td>\n<\/tr>\n<tr>\n<td style=\"width: 113.845%\" colspan=\"2\" valign=\"top\">\n<p>Lauan\u00f5ud:<\/p>\n<p>Soe ja k\u00fclm toidulaud:<\/p>\n<p>(praetaldrik, noad-kahvlid, morsiklaas, liuvaagnad, salatikausid).<\/p>\n<p>Kohvilaud: (kohvitass, alustass, koogitaldrik, kohvilusikas, koogikahvel, suhkrutoosid ja koorekannud).<\/p>\n<p>Pokaalid (vahuvein \/ vein)<\/td>\n<td style=\"width: 13.0435%\" valign=\"top\">\n<p>2.00 \u20ac\/komplekt inimese kohta<\/p>\n<p>&nbsp;<\/p>\n<p>2.00 \u20ac\/komplekt inimese kohta<\/p>\n<p>&nbsp;<\/p>\n<p>2.00 \u20ac\/inimese kohta<\/td>\n<td style=\"width: 9.43203%\" valign=\"top\">\n<p>10.00 \u20ac\/tk<\/p>\n<p>&nbsp;<\/p>\n<p>&nbsp;<\/p>\n<p>5.00 \u20ac \/ t\u00fckk<\/p>\n<p>&nbsp;<\/p>\n<p>&nbsp;<\/p>\n<p>5.00 \u20ac \/ t\u00fckk<\/td>\n<td style=\"width: 1.61031%\" valign=\"top\">&nbsp;<\/td>\n<\/tr>\n<tr>\n<td style=\"width: 113.845%\" colspan=\"2\" valign=\"top\">Lillevaas<\/td>\n<td style=\"width: 13.0435%\" valign=\"top\">2.00 \u20ac<\/td>\n<td style=\"width: 9.43203%\" valign=\"top\">5.00 \u20ac \/ t\u00fckk<\/td>\n<td style=\"width: 1.61031%\" valign=\"top\">&nbsp;<\/td>\n<\/tr>\n<tr>\n<td style=\"width: 137.931%\" colspan=\"5\" valign=\"top\">&nbsp;<\/td>\n<\/tr>\n<tr>\n<td style=\"width: 113.845%\" colspan=\"2\" valign=\"top\">&nbsp;<\/td>\n<td style=\"width: 24.0858%\" colspan=\"3\" valign=\"top\">&nbsp;<\/td>\n<\/tr>\n<tr>\n<td style=\"width: 113.845%\" colspan=\"2\" valign=\"top\">&nbsp;<\/td>\n<td style=\"width: 24.0858%\" colspan=\"3\" valign=\"top\">&nbsp;<\/td>\n<\/tr>\n<\/tbody>\n<\/table>\n<ul>\n<li>Kinnitada peoj\u00e4rgse ruumide koristamise ning n\u00f5udepesu hinnaks 2 \u20ac \/ inimene<\/li>\n<li>Nimetatud teenuste eest tasumine toimub J\u00f5el\u00e4htme Vallavalitsuse poolt esitatud arve alusel \u00fclekandega.<\/li>\n<\/ul>\n<p>&nbsp;<\/p>\n<p>&nbsp;<\/p>\n","protected":false},"excerpt":{"rendered":"<p>&nbsp; Ruumide rent Ruumi nimetus E-R 09:00-17:00 1 h\/ E E-N&nbsp;18:00-02:00 1h\/E R 18:00-02:00 L, P 1h\/E Riiklikud p\u00fchad 1h\/E&nbsp; Rahvamaja saal 10.00 15.00 20.00 30.00 K\u00f6\u00f6ginurk ja pesemisruum 5.00 5.00 5.00 5.00 &nbsp; Kinnitada J\u00f5el\u00e4htme Rahvamaja ( s.h. k\u00f6\u00f6gi ja pesuruumi) \u00f6\u00f6p\u00e4evaringseks kasutamiseks (laagrid, suvep\u00e4evad, jne) hinnakiri allj\u00e4rgnevalt: 24 tundi 150.00 \u20ac, 2 \u00f6\u00f6p\u00e4eva [&hellip;]<\/p>\n","protected":false},"author":1,"featured_media":0,"parent":0,"menu_order":0,"comment_status":"closed","ping_status":"closed","template":"","meta":{"ngg_post_thumbnail":0,"footnotes":""},"class_list":["post-33","page","type-page","status-publish","hentry"],"_links":{"self":[{"href":"https:\/\/joelahtmekultuur.ee\/joelahtmerahvamaja\/index.php?rest_route=\/wp\/v2\/pages\/33","targetHints":{"allow":["GET"]}}],"collection":[{"href":"https:\/\/joelahtmekultuur.ee\/joelahtmerahvamaja\/index.php?rest_route=\/wp\/v2\/pages"}],"about":[{"href":"https:\/\/joelahtmekultuur.ee\/joelahtmerahvamaja\/index.php?rest_route=\/wp\/v2\/types\/page"}],"author":[{"embeddable":true,"href":"https:\/\/joelahtmekultuur.ee\/joelahtmerahvamaja\/index.php?rest_route=\/wp\/v2\/users\/1"}],"replies":[{"embeddable":true,"href":"https:\/\/joelahtmekultuur.ee\/joelahtmerahvamaja\/index.php?rest_route=%2Fwp%2Fv2%2Fcomments&post=33"}],"version-history":[{"count":48,"href":"https:\/\/joelahtmekultuur.ee\/joelahtmerahvamaja\/index.php?rest_route=\/wp\/v2\/pages\/33\/revisions"}],"predecessor-version":[{"id":1453,"href":"https:\/\/joelahtmekultuur.ee\/joelahtmerahvamaja\/index.php?rest_route=\/wp\/v2\/pages\/33\/revisions\/1453"}],"wp:attachment":[{"href":"https:\/\/joelahtmekultuur.ee\/joelahtmerahvamaja\/index.php?rest_route=%2Fwp%2Fv2%2Fmedia&parent=33"}],"curies":[{"name":"wp","href":"https:\/\/api.w.org\/{rel}","templated":true}]}}