{"id":31,"date":"2014-04-21T13:54:36","date_gmt":"2014-04-21T10:54:36","guid":{"rendered":"http:\/\/joelahtmekultuur.ee\/lookultuurikeskus\/?page_id=31"},"modified":"2023-09-04T16:45:14","modified_gmt":"2023-09-04T13:45:14","slug":"teenused","status":"publish","type":"page","link":"https:\/\/joelahtmekultuur.ee\/lookultuurikeskus\/teenused\/","title":{"rendered":"Teenused"},"content":{"rendered":"<p><a href=\"http:\/\/joelahtmekultuur.ee\/wp-content\/uploads\/2023\/09\/Korraldus_nr_354.pdf\" data-select-like-a-boss=\"1\">J\u00f5el\u00e4htme Vallavalitsuse 04. mai 2023 korraldus 354 \u201cJ\u00f5el\u00e4htme Valla Kultuurikeskuse tasuliste teenuste, vara ja ruumide kasutamise hinnakirja kinnitamine\u201d (PDF)<\/a><\/p>\n<table style=\"width: 97.8867%; height: 412px;\">\n<tbody>\n<tr style=\"height: 33px;\">\n<td style=\"width: 100%; height: 33px;\" colspan=\"5\">\n<h2>Ruumide rent<\/h2>\n<\/td>\n<\/tr>\n<tr style=\"height: 67px;\">\n<th style=\"width: 26.8519%; height: 67px;\">Ruumi nimetus<\/th>\n<th style=\"width: 20.0617%; height: 67px;\">E-R 09:00-17:00 1 h\/\u20ac<\/th>\n<th style=\"width: 16.5123%; height: 67px;\">E-N 18:00-02:00 1 h\/\u20ac<\/th>\n<th style=\"width: 18.3642%; height: 67px;\">R 18:00-02:00<br \/>\n1 h\/\u20ac<\/th>\n<th style=\"width: 18.2099%; height: 67px;\">L, P,<br \/>\nriiklikud p\u00fchad<br \/>\n1 h\/\u20ac<\/th>\n<\/tr>\n<tr style=\"height: 22px;\">\n<td style=\"width: 26.8519%; height: 22px;\">A-korpuse saal 102 m\u00b2<\/td>\n<td style=\"width: 20.0617%; height: 22px;\">15,00<\/td>\n<td style=\"width: 16.5123%; height: 22px;\">18,00<\/td>\n<td style=\"width: 18.3642%; height: 22px;\">15,00<\/td>\n<td style=\"width: 18.2099%; height: 22px;\">30,00<\/td>\n<\/tr>\n<tr style=\"height: 22px;\">\n<td style=\"width: 26.8519%; height: 22px;\">B-korpuse tuba&nbsp;82 m\u00b2<\/td>\n<td style=\"width: 20.0617%; height: 22px;\">10,00<\/td>\n<td style=\"width: 16.5123%; height: 22px;\">15,00<\/td>\n<td style=\"width: 18.3642%; height: 22px;\">15,00&nbsp;<\/td>\n<td style=\"width: 18.2099%; height: 22px;\">20,00<\/td>\n<\/tr>\n<tr style=\"height: 131px;\">\n<td style=\"width: 100%; height: 131px;\" colspan=\"5\">Vaata:&nbsp;<a title=\"Ruumid\" href=\"http:\/\/joelahtmekultuur.ee\/lookultuurikeskus\/tutvustus\/ruumid\/\">pildid renditavatest ruumidest<\/a><\/p>\n<p data-select-like-a-boss=\"1\"><a href=\"https:\/\/form.jotformeu.com\/53372011441341\">Ruumide rentimise avaldus<\/a><\/p>\n<ul>\n<li>Piletitega \u00fcrituste l\u00e4bim\u00fc\u00fcgist laekunud summast kuulub laekumisele 20% Loo Kultuurikeskusele, kuid mitte v\u00e4hem kui \u00fc\u00fcri tunnihinna alusel.<\/li>\n<\/ul>\n<\/td>\n<\/tr>\n<tr style=\"height: 91px;\">\n<td style=\"width: 100%; height: 91px;\" colspan=\"5\">\n<h2 style=\"font-weight: inherit;\">Helitehnika \u00fc\u00fcr<\/h2>\n<p>Helitehnika \u00fc\u00fcr tellija oma transpordiga (ainult koos helitehnikuga) v\u00e4ljaspool Loo Kultuurikeskust toimuvatel \u00fcritustel 150&nbsp;\u20ac&nbsp;kord.<\/td>\n<\/tr>\n<\/tbody>\n<\/table>\n<table border=\"0\" cellspacing=\"0\">\n<tbody>\n<tr>\n<td colspan=\"3\">\n<h2>Lauan\u00f5ud<\/h2>\n<p>Lauan\u00f5ude \u00fc\u00fcr majasisesel \u00fcritusel<\/td>\n<\/tr>\n<tr>\n<th>Nimetus<\/th>\n<th>Rendi hind<\/th>\n<th>Hind rikkumise korral<\/th>\n<\/tr>\n<tr>\n<td>Laguna praenuga<\/td>\n<td>0.06 \u20ac<\/td>\n<td>1.60 \u20ac<\/td>\n<\/tr>\n<tr>\n<td>Laguna praekahvel<\/td>\n<td>0,06 \u20ac<\/td>\n<td>0.77 \u20ac<\/td>\n<\/tr>\n<tr>\n<td>Laguna teelusikas<\/td>\n<td>0.06 \u20ac<\/td>\n<td>0.32 \u20ac<\/td>\n<\/tr>\n<tr>\n<td>Restaurant tass\/alustass<\/td>\n<td>0.13 \u20ac<\/td>\n<td>2.56 \u20ac<\/td>\n<\/tr>\n<tr>\n<td>Evolution praetaldrik 255 mm<\/td>\n<td>0.13 \u20ac<\/td>\n<td>1.41 \u20ac<\/td>\n<\/tr>\n<tr>\n<td>Evolution desserttaldrik<\/td>\n<td>0.06 \u20ac<\/td>\n<td>1.15 \u20ac<\/td>\n<\/tr>\n<tr>\n<td>Metallvaagen 50cm<\/td>\n<td>1.60 \u20ac<\/td>\n<td>2.88 \u20ac<\/td>\n<\/tr>\n<tr>\n<td>Metallvaagen 45 cm<\/td>\n<td>1.28 \u20ac<\/td>\n<td>2.24 \u20ac<\/td>\n<\/tr>\n<tr>\n<td>Metallvaagen 40 cm<\/td>\n<td>0.96 \u20ac<\/td>\n<td>6.14 \u20ac<\/td>\n<\/tr>\n<tr>\n<td>Metallvaagen 35 cm<\/td>\n<td>0.64 \u20ac<\/td>\n<td>1.15 \u20ac<\/td>\n<\/tr>\n<tr>\n<td>Reustaurant koorekann<\/td>\n<td>0.13 \u20ac<\/td>\n<td>2.24 \u20ac<\/td>\n<\/tr>\n<tr>\n<td>Amsterdam joogiklaas 27 cl<\/td>\n<td>0.06 \u20ac<\/td>\n<td>0.64 \u20ac<\/td>\n<\/tr>\n<tr>\n<td>Ballon 25 cl pokaal<\/td>\n<td>0.13 \u20ac<\/td>\n<td>1.02 \u20ac<\/td>\n<\/tr>\n<tr>\n<td>Trianon suhkrutoos<\/td>\n<td>0.13 \u20ac<\/td>\n<td>4.09 \u20ac<\/td>\n<\/tr>\n<tr>\n<td>Barbara lillevaas 15 sinine<\/td>\n<td>0.38 \u20ac<\/td>\n<td>4.79 \u20ac<\/td>\n<\/tr>\n<tr>\n<td>Barbara lillevaas 19 sinine<\/td>\n<td>0.51 \u20ac<\/td>\n<td>6.01 \u20ac<\/td>\n<\/tr>\n<tr>\n<td>Barbara lillevaas 21 sinine<\/td>\n<td>0.64 \u20ac<\/td>\n<td>6.26 \u20ac<\/td>\n<\/tr>\n<tr>\n<td>Baarikandik<\/td>\n<td>0.13 \u20ac<\/td>\n<td>3.32 \u20ac<\/td>\n<\/tr>\n<tr>\n<td>\u00dcmarkandik<\/td>\n<td>0.06 \u20ac<\/td>\n<td>1.02 \u20ac<\/td>\n<\/tr>\n<tr>\n<td>Laudlina<\/td>\n<td>2.56 \u20ac<\/td>\n<td>4.47 \u20ac<\/td>\n<\/tr>\n<tr>\n<td colspan=\"3\">\n<ul>\n<li><span class=\"Apple-style-span\" style=\"font-family: Arimo, sans-serif; font-size: 14px;\">J\u00f5el\u00e4htme Vallavolikogule, Vallavalitsusele ja valla allasutustele on ruumide ja inventari (v.a. helitehnika) kasutamine tasuta.<\/span><\/li>\n<\/ul>\n<\/td>\n<\/tr>\n<\/tbody>\n<\/table>\n<p>&nbsp;<\/p>\n","protected":false},"excerpt":{"rendered":"<p>J\u00f5el\u00e4htme Vallavalitsuse 04. mai 2023 korraldus 354 \u201cJ\u00f5el\u00e4htme Valla Kultuurikeskuse tasuliste teenuste, vara ja ruumide kasutamise hinnakirja kinnitamine\u201d (PDF) Ruumide rent Ruumi nimetus E-R 09:00-17:00 1 h\/\u20ac E-N 18:00-02:00 1 h\/\u20ac R 18:00-02:00 1 h\/\u20ac L, P, riiklikud p\u00fchad 1 h\/\u20ac A-korpuse saal 102 m\u00b2 15,00 18,00 15,00 30,00 B-korpuse tuba&nbsp;82 m\u00b2 10,00 15,00 15,00&nbsp; [&hellip;]<\/p>\n","protected":false},"author":1,"featured_media":0,"parent":0,"menu_order":0,"comment_status":"closed","ping_status":"closed","template":"","meta":{"ngg_post_thumbnail":0,"footnotes":""},"class_list":["post-31","page","type-page","status-publish","hentry"],"_links":{"self":[{"href":"https:\/\/joelahtmekultuur.ee\/lookultuurikeskus\/wp-json\/wp\/v2\/pages\/31","targetHints":{"allow":["GET"]}}],"collection":[{"href":"https:\/\/joelahtmekultuur.ee\/lookultuurikeskus\/wp-json\/wp\/v2\/pages"}],"about":[{"href":"https:\/\/joelahtmekultuur.ee\/lookultuurikeskus\/wp-json\/wp\/v2\/types\/page"}],"author":[{"embeddable":true,"href":"https:\/\/joelahtmekultuur.ee\/lookultuurikeskus\/wp-json\/wp\/v2\/users\/1"}],"replies":[{"embeddable":true,"href":"https:\/\/joelahtmekultuur.ee\/lookultuurikeskus\/wp-json\/wp\/v2\/comments?post=31"}],"version-history":[{"count":23,"href":"https:\/\/joelahtmekultuur.ee\/lookultuurikeskus\/wp-json\/wp\/v2\/pages\/31\/revisions"}],"predecessor-version":[{"id":81194,"href":"https:\/\/joelahtmekultuur.ee\/lookultuurikeskus\/wp-json\/wp\/v2\/pages\/31\/revisions\/81194"}],"wp:attachment":[{"href":"https:\/\/joelahtmekultuur.ee\/lookultuurikeskus\/wp-json\/wp\/v2\/media?parent=31"}],"curies":[{"name":"wp","href":"https:\/\/api.w.org\/{rel}","templated":true}]}}