{"id":3186,"date":"2015-09-07T15:53:03","date_gmt":"2015-09-07T12:53:03","guid":{"rendered":"http:\/\/joelahtmekultuur.ee\/lookultuurikeskus\/?page_id=3186"},"modified":"2023-09-06T16:55:10","modified_gmt":"2023-09-06T13:55:10","slug":"loolapsemangukool","status":"publish","type":"page","link":"https:\/\/joelahtmekultuur.ee\/lookultuurikeskus\/loolapsemangukool\/","title":{"rendered":"LOOLAPSE M\u00c4NGUKOOL"},"content":{"rendered":"<p>Tunnid algavad 11. oktoobrist 2023<\/p>\n<p><strong>K 9.30 \u2013 10.15<\/strong><\/p>\n<h2>Beebide m\u00e4ngutund 6k -1a lastele.<\/h2>\n<p>R\u00fchma suurus max 8 last.<\/p>\n<p>Laulame laulukesi, m\u00e4ngime laulu-ja liikumism\u00e4nge, m\u00e4ngime r\u00fctmipille, v\u00f5imleme,&nbsp; loeme liisusalme, vaatame raamatut<\/p>\n<p>Tasu 10 eurot\/kord<\/p>\n<p>&nbsp;<\/p>\n<p><strong>K 10.30 \u2013 11.15<\/strong><\/p>\n<h2>Beebide m\u00e4ngutund 1-2a lastele.<\/h2>\n<p>R\u00fchma suurus max 8 last.<\/p>\n<p>Laulame laulukesi, m\u00e4ngime laulu-ja liikumism\u00e4nge, m\u00e4ngime r\u00fctmipille, v\u00f5imleme,&nbsp; loeme liisusalme, vaatame raamatut<\/p>\n<p>Tasu 10 eurot\/kord<\/p>\n<p>&nbsp;<\/p>\n<p><strong>K 12.30 \u2013 14.30<\/strong><\/p>\n<h2>Eesti keele tunnid individuaalselt v\u00f5i v\u00e4ikestes r\u00fchmades.<\/h2>\n<p>Tundide ajad t\u00e4psustuvad peale registreerimist.<\/p>\n<p>Tasu 15 euri\/kord<\/p>\n<p>&nbsp;<\/p>\n<p><strong>K 15.30 \u2013 17.00 <\/strong><\/p>\n<h2>Eelkool 6-7a lastele<\/h2>\n<p>R\u00fchma suurus max 6 last<\/p>\n<p>Tegeleme eesti keele, matemaatika ja loodus\u00f5petusega. Arendame kirjutamis-, lugemis-, arutlemis-, kuulamis-, arvutamis-, v\u00f5rdlemis-, jutustamis-ja esinemisoskust.<\/p>\n<p>Tasu 65 eurot\/kuu<\/p>\n<p>&nbsp;<\/p>\n<p>&nbsp;<\/p>\n<p><strong>Tunnid algavad 11. oktoobrist<\/strong><\/p>\n<p><strong>Osalemiseks on vajalik eelnev registreerimine<\/strong><\/p>\n<p>&nbsp;<\/p>\n<p>M\u00e4ngukooli juhendaja<strong> Imbi Raasuke<\/strong><\/p>\n<p>info: <strong>imbi.raasuke@gmail.com<\/strong><\/p>\n","protected":false},"excerpt":{"rendered":"<p>Tunnid algavad 11. oktoobrist 2023 K 9.30 \u2013 10.15 Beebide m\u00e4ngutund 6k -1a lastele. R\u00fchma suurus max 8 last. Laulame laulukesi, m\u00e4ngime laulu-ja liikumism\u00e4nge, m\u00e4ngime r\u00fctmipille, v\u00f5imleme,&nbsp; loeme liisusalme, vaatame raamatut Tasu 10 eurot\/kord &nbsp; K 10.30 \u2013 11.15 Beebide m\u00e4ngutund 1-2a lastele. R\u00fchma suurus max 8 last. Laulame laulukesi, m\u00e4ngime laulu-ja liikumism\u00e4nge, m\u00e4ngime r\u00fctmipille, [&hellip;]<\/p>\n","protected":false},"author":7,"featured_media":0,"parent":0,"menu_order":0,"comment_status":"closed","ping_status":"closed","template":"","meta":{"ngg_post_thumbnail":0,"footnotes":""},"class_list":["post-3186","page","type-page","status-publish","hentry"],"_links":{"self":[{"href":"https:\/\/joelahtmekultuur.ee\/lookultuurikeskus\/wp-json\/wp\/v2\/pages\/3186","targetHints":{"allow":["GET"]}}],"collection":[{"href":"https:\/\/joelahtmekultuur.ee\/lookultuurikeskus\/wp-json\/wp\/v2\/pages"}],"about":[{"href":"https:\/\/joelahtmekultuur.ee\/lookultuurikeskus\/wp-json\/wp\/v2\/types\/page"}],"author":[{"embeddable":true,"href":"https:\/\/joelahtmekultuur.ee\/lookultuurikeskus\/wp-json\/wp\/v2\/users\/7"}],"replies":[{"embeddable":true,"href":"https:\/\/joelahtmekultuur.ee\/lookultuurikeskus\/wp-json\/wp\/v2\/comments?post=3186"}],"version-history":[{"count":14,"href":"https:\/\/joelahtmekultuur.ee\/lookultuurikeskus\/wp-json\/wp\/v2\/pages\/3186\/revisions"}],"predecessor-version":[{"id":81205,"href":"https:\/\/joelahtmekultuur.ee\/lookultuurikeskus\/wp-json\/wp\/v2\/pages\/3186\/revisions\/81205"}],"wp:attachment":[{"href":"https:\/\/joelahtmekultuur.ee\/lookultuurikeskus\/wp-json\/wp\/v2\/media?parent=3186"}],"curies":[{"name":"wp","href":"https:\/\/api.w.org\/{rel}","templated":true}]}}