{"id":17,"date":"2014-04-12T11:42:11","date_gmt":"2014-04-12T08:42:11","guid":{"rendered":"http:\/\/joelahtmekultuur.ee\/mois\/?page_id=17"},"modified":"2025-10-02T13:38:17","modified_gmt":"2025-10-02T10:38:17","slug":"huvitegevus","status":"publish","type":"page","link":"https:\/\/joelahtmekultuur.ee\/mois\/huvitegevus\/","title":{"rendered":"Huvitegevus"},"content":{"rendered":"<table style=\"width: 98%;height: 418px\" border=\"0\">\n<tbody>\n<tr style=\"height: 22px\">\n<th style=\"width: 42.1498%;height: 22px\">R\u00fchm<\/th>\n<th style=\"width: 24.8792%;height: 22px\">Aeg<\/th>\n<th style=\"width: 32.8502%;height: 22px\">Juhendaja<\/th>\n<\/tr>\n<tr style=\"height: 22px\">\n<td style=\"width: 42.1498%;height: 22px\"><strong>KOOLINOORTELE<\/strong><\/td>\n<td style=\"width: 24.8792%;height: 22px\">&nbsp;<\/td>\n<td style=\"width: 32.8502%;height: 22px\">&nbsp;<\/td>\n<\/tr>\n<tr style=\"height: 22px\">\n<td style=\"width: 42.1498%;height: 22px\">Showdance<\/td>\n<td style=\"width: 24.8792%;height: 22px\">T 18.00, N 17.00<\/td>\n<td style=\"width: 32.8502%;height: 22px\">Egle J\u00fcrimets<\/td>\n<\/tr>\n<tr style=\"height: 22px\">\n<td style=\"width: 42.1498%;height: 22px\">Noored dekoraatorid<\/td>\n<td style=\"width: 24.8792%;height: 22px\">2 x kuus N 15.15<\/td>\n<td style=\"width: 32.8502%;height: 22px\">Kersti Vaht<\/td>\n<\/tr>\n<tr style=\"height: 22px\">\n<td style=\"width: 42.1498%;height: 22px\">Noored ehtemeistrid<\/td>\n<td style=\"width: 24.8792%;height: 22px\">2 x kuus N 15.15<\/td>\n<td style=\"width: 32.8502%;height: 22px\">Egle Govorun<\/td>\n<\/tr>\n<tr style=\"height: 22px\">\n<td style=\"width: 42.1498%;height: 22px\"><strong>T\u00c4ISKASVANUTELE<\/strong><\/td>\n<td style=\"width: 24.8792%;height: 22px\">&nbsp;<\/td>\n<td style=\"width: 32.8502%;height: 22px\">&nbsp;<\/td>\n<\/tr>\n<tr style=\"height: 44px\">\n<td style=\"width: 42.1498%;height: 44px\">Seltskonnatants<br \/>\nHind 25 \u20ac paari kohta<\/td>\n<td style=\"width: 24.8792%;height: 44px\">P 16.00<\/td>\n<td style=\"width: 32.8502%;height: 44px\">Marko Kiigajaan<\/td>\n<\/tr>\n<tr style=\"height: 44px\">\n<td style=\"width: 42.1498%;height: 44px\">Yogilates<br \/>\nHind 7 \u20ac<\/td>\n<td style=\"width: 24.8792%;height: 44px\">P 9.30<\/td>\n<td style=\"width: 32.8502%;height: 44px\">Kadi Truuleht<\/td>\n<\/tr>\n<tr style=\"height: 44px\">\n<td style=\"width: 42.1498%;height: 44px\">Line tants<br \/>\nHind 8 \u20ac<\/td>\n<td style=\"width: 24.8792%;height: 44px\">T 19.00<\/td>\n<td style=\"width: 32.8502%;height: 44px\">Egle J\u00fcrimets<\/td>\n<\/tr>\n<tr style=\"height: 44px\">\n<td style=\"width: 42.1498%;height: 44px\">\u00d5limaali \u00f5pituba<br \/>\nHind 20 \u20ac<\/td>\n<td style=\"width: 24.8792%;height: 44px\">1 x kuus L 11.30<\/td>\n<td style=\"width: 32.8502%;height: 44px\">\u00dclla Prits<\/td>\n<\/tr>\n<tr style=\"height: 22px\">\n<td style=\"width: 42.1498%;height: 22px\">Kostivere M\u00f5isa N\u00e4put\u00f6\u00f6kamber<\/td>\n<td style=\"width: 24.8792%;height: 22px\">kokkuleppel<\/td>\n<td style=\"width: 32.8502%;height: 22px\">Kaili Raamat<\/td>\n<\/tr>\n<tr style=\"height: 22px\">\n<td style=\"width: 42.1498%;height: 22px\"><strong>EAKATELE<\/strong><\/td>\n<td style=\"width: 24.8792%;height: 22px\">&nbsp;<\/td>\n<td style=\"width: 32.8502%;height: 22px\">&nbsp;<\/td>\n<\/tr>\n<tr style=\"height: 22px\">\n<td style=\"width: 42.1498%;height: 22px\">Loovusring<\/td>\n<td style=\"width: 24.8792%;height: 22px\">E 12.00<\/td>\n<td style=\"width: 32.8502%;height: 22px\">Kaili Raamat<\/td>\n<\/tr>\n<tr style=\"height: 22px\">\n<td style=\"width: 42.1498%;height: 22px\">Lauluring<\/td>\n<td style=\"width: 24.8792%;height: 22px\">E 13.00<\/td>\n<td style=\"width: 32.8502%;height: 22px\">Heldin Raidmaa<\/td>\n<\/tr>\n<tr style=\"height: 22px\">\n<td style=\"width: 42.1498%;height: 22px\">V\u00f5imlemine<\/td>\n<td style=\"width: 24.8792%;height: 22px\">K 12.00<\/td>\n<td style=\"width: 32.8502%;height: 22px\">Lily Kivila<\/td>\n<\/tr>\n<\/tbody>\n<\/table>\n<p>T\u00e4psemat teavet k\u00fcsi:&nbsp;<a href=\"mailto:kultuurimois@joelahtmekultuur.ee\">kultuurimois@joelahtmekultuur.ee<\/a><\/p>\n<p><a href=\"http:\/\/joelahtmekultuur.ee\/mois\/et\/\">http:\/\/joelahtmekultuur.ee\/mois\/et\/<\/a>, <a href=\"http:\/\/www.facebook.com\/kultuurimois\">www.facebook.com\/kultuurimois<\/a><\/p>\n","protected":false},"excerpt":{"rendered":"<p>R\u00fchm Aeg Juhendaja KOOLINOORTELE &nbsp; &nbsp; Showdance T 18.00, N 17.00 Egle J\u00fcrimets Noored dekoraatorid 2 x kuus N 15.15 Kersti Vaht Noored ehtemeistrid 2 x kuus N 15.15 Egle Govorun T\u00c4ISKASVANUTELE &nbsp; &nbsp; Seltskonnatants Hind 25 \u20ac paari kohta P 16.00 Marko Kiigajaan Yogilates Hind 7 \u20ac P 9.30 Kadi Truuleht Line tants Hind [&hellip;]<\/p>\n","protected":false},"author":1,"featured_media":0,"parent":0,"menu_order":0,"comment_status":"closed","ping_status":"closed","template":"","meta":{"ngg_post_thumbnail":0,"footnotes":""},"class_list":["post-17","page","type-page","status-publish","hentry"],"_links":{"self":[{"href":"https:\/\/joelahtmekultuur.ee\/mois\/wp-json\/wp\/v2\/pages\/17","targetHints":{"allow":["GET"]}}],"collection":[{"href":"https:\/\/joelahtmekultuur.ee\/mois\/wp-json\/wp\/v2\/pages"}],"about":[{"href":"https:\/\/joelahtmekultuur.ee\/mois\/wp-json\/wp\/v2\/types\/page"}],"author":[{"embeddable":true,"href":"https:\/\/joelahtmekultuur.ee\/mois\/wp-json\/wp\/v2\/users\/1"}],"replies":[{"embeddable":true,"href":"https:\/\/joelahtmekultuur.ee\/mois\/wp-json\/wp\/v2\/comments?post=17"}],"version-history":[{"count":69,"href":"https:\/\/joelahtmekultuur.ee\/mois\/wp-json\/wp\/v2\/pages\/17\/revisions"}],"predecessor-version":[{"id":7132,"href":"https:\/\/joelahtmekultuur.ee\/mois\/wp-json\/wp\/v2\/pages\/17\/revisions\/7132"}],"wp:attachment":[{"href":"https:\/\/joelahtmekultuur.ee\/mois\/wp-json\/wp\/v2\/media?parent=17"}],"curies":[{"name":"wp","href":"https:\/\/api.w.org\/{rel}","templated":true}]}}