{"id":27,"date":"2014-04-12T11:43:13","date_gmt":"2014-04-12T08:43:13","guid":{"rendered":"http:\/\/joelahtmekultuur.ee\/mois\/?page_id=27"},"modified":"2026-02-27T16:51:52","modified_gmt":"2026-02-27T14:51:52","slug":"kontakt","status":"publish","type":"page","link":"https:\/\/joelahtmekultuur.ee\/mois\/kontakt\/","title":{"rendered":"Kontakt"},"content":{"rendered":"<table border=\"0\">\n<tbody>\n<tr>\n<td><strong>Kostivere Kultuurim\u00f5is<br \/>\n<a href=\"http:\/\/joelahtmekultuur.ee\/sundmused\/\">J\u00f5el\u00e4htme Valla Kultuurikeskuse<\/a> allasutus<br \/>\nAadress: M\u00f5isa tee 2, Kostivere 74204 Harjumaa<br \/>\ne-post: <a href=\"mailto:kultuurimois@joelahtmekultuur.ee\">kultuurimois@joelahtmekultuur.ee<\/a><br \/>\n<\/strong><\/td>\n<\/tr>\n<tr>\n<td><a href=\"http:\/\/joelahtmekultuur.ee\/mois\/wp-content\/uploads\/sites\/5\/2026\/02\/DSC_6930-scaled.jpg\"><img loading=\"lazy\" decoding=\"async\" class=\"alignnone  wp-image-7199\" src=\"http:\/\/joelahtmekultuur.ee\/mois\/wp-content\/uploads\/sites\/5\/2026\/02\/DSC_6930-200x300.jpg\" alt=\"\" width=\"247\" height=\"371\" srcset=\"https:\/\/joelahtmekultuur.ee\/mois\/wp-content\/uploads\/sites\/5\/2026\/02\/DSC_6930-200x300.jpg 200w, https:\/\/joelahtmekultuur.ee\/mois\/wp-content\/uploads\/sites\/5\/2026\/02\/DSC_6930-684x1024.jpg 684w, https:\/\/joelahtmekultuur.ee\/mois\/wp-content\/uploads\/sites\/5\/2026\/02\/DSC_6930-768x1151.jpg 768w, https:\/\/joelahtmekultuur.ee\/mois\/wp-content\/uploads\/sites\/5\/2026\/02\/DSC_6930-1025x1536.jpg 1025w, https:\/\/joelahtmekultuur.ee\/mois\/wp-content\/uploads\/sites\/5\/2026\/02\/DSC_6930-1367x2048.jpg 1367w, https:\/\/joelahtmekultuur.ee\/mois\/wp-content\/uploads\/sites\/5\/2026\/02\/DSC_6930-scaled.jpg 1709w\" sizes=\"auto, (max-width: 247px) 100vw, 247px\" \/><\/a><br \/>\n<strong>Mehis Viskar<\/strong> &#8211; kultuurijuht<br \/>\ntelefon: 5853 8533<br \/>\ne-post:&nbsp;<a href=\"mailto:mehis.viskar@joelahtmekultuur.ee\">mehis.viskar@joelahtmekultuur.ee<\/a><\/td>\n<\/tr>\n<tr>\n<td>\n<p><a href=\"http:\/\/joelahtmekultuur.ee\/mois\/wp-content\/uploads\/sites\/5\/2026\/02\/DSC_6920-scaled.jpg\"><img loading=\"lazy\" decoding=\"async\" class=\"alignnone  wp-image-7200\" src=\"http:\/\/joelahtmekultuur.ee\/mois\/wp-content\/uploads\/sites\/5\/2026\/02\/DSC_6920-200x300.jpg\" alt=\"\" width=\"250\" height=\"375\" srcset=\"https:\/\/joelahtmekultuur.ee\/mois\/wp-content\/uploads\/sites\/5\/2026\/02\/DSC_6920-200x300.jpg 200w, https:\/\/joelahtmekultuur.ee\/mois\/wp-content\/uploads\/sites\/5\/2026\/02\/DSC_6920-684x1024.jpg 684w, https:\/\/joelahtmekultuur.ee\/mois\/wp-content\/uploads\/sites\/5\/2026\/02\/DSC_6920-768x1151.jpg 768w, https:\/\/joelahtmekultuur.ee\/mois\/wp-content\/uploads\/sites\/5\/2026\/02\/DSC_6920-1025x1536.jpg 1025w, https:\/\/joelahtmekultuur.ee\/mois\/wp-content\/uploads\/sites\/5\/2026\/02\/DSC_6920-1367x2048.jpg 1367w, https:\/\/joelahtmekultuur.ee\/mois\/wp-content\/uploads\/sites\/5\/2026\/02\/DSC_6920-scaled.jpg 1709w\" sizes=\"auto, (max-width: 250px) 100vw, 250px\" \/><\/a>&nbsp;<\/p>\n<p><strong>Kersti Vaht<\/strong> &#8211; kultuurit\u00f6\u00f6 korraldaja<br \/>\ntelefon: 5191 8355<br \/>\ne-post: <a href=\"mailto:kersti.vaht@joelahtmekultuur.ee\">kersti.vaht@joelahtmekultuur.ee<\/a><\/td>\n<\/tr>\n<tr>\n<td>&nbsp;<\/td>\n<\/tr>\n<tr>\n<td>&nbsp;<\/td>\n<\/tr>\n<\/tbody>\n<\/table>\n<p>&nbsp;<\/p>\n","protected":false},"excerpt":{"rendered":"<p>Kostivere Kultuurim\u00f5is J\u00f5el\u00e4htme Valla Kultuurikeskuse allasutus Aadress: M\u00f5isa tee 2, Kostivere 74204 Harjumaa e-post: kultuurimois@joelahtmekultuur.ee Mehis Viskar &#8211; kultuurijuht telefon: 5853 8533 e-post:&nbsp;mehis.viskar@joelahtmekultuur.ee &nbsp; Kersti Vaht &#8211; kultuurit\u00f6\u00f6 korraldaja telefon: 5191 8355 e-post: kersti.vaht@joelahtmekultuur.ee &nbsp; &nbsp; &nbsp;<\/p>\n","protected":false},"author":1,"featured_media":0,"parent":0,"menu_order":0,"comment_status":"closed","ping_status":"closed","template":"","meta":{"ngg_post_thumbnail":0,"footnotes":""},"class_list":["post-27","page","type-page","status-publish","hentry"],"_links":{"self":[{"href":"https:\/\/joelahtmekultuur.ee\/mois\/wp-json\/wp\/v2\/pages\/27","targetHints":{"allow":["GET"]}}],"collection":[{"href":"https:\/\/joelahtmekultuur.ee\/mois\/wp-json\/wp\/v2\/pages"}],"about":[{"href":"https:\/\/joelahtmekultuur.ee\/mois\/wp-json\/wp\/v2\/types\/page"}],"author":[{"embeddable":true,"href":"https:\/\/joelahtmekultuur.ee\/mois\/wp-json\/wp\/v2\/users\/1"}],"replies":[{"embeddable":true,"href":"https:\/\/joelahtmekultuur.ee\/mois\/wp-json\/wp\/v2\/comments?post=27"}],"version-history":[{"count":59,"href":"https:\/\/joelahtmekultuur.ee\/mois\/wp-json\/wp\/v2\/pages\/27\/revisions"}],"predecessor-version":[{"id":7203,"href":"https:\/\/joelahtmekultuur.ee\/mois\/wp-json\/wp\/v2\/pages\/27\/revisions\/7203"}],"wp:attachment":[{"href":"https:\/\/joelahtmekultuur.ee\/mois\/wp-json\/wp\/v2\/media?parent=27"}],"curies":[{"name":"wp","href":"https:\/\/api.w.org\/{rel}","templated":true}]}}