{"id":5290,"date":"2019-04-05T17:00:05","date_gmt":"2019-04-05T14:00:05","guid":{"rendered":"http:\/\/joelahtmekultuur.ee\/mois\/?page_id=5290"},"modified":"2019-04-08T18:20:35","modified_gmt":"2019-04-08T15:20:35","slug":"kostivere-moisapaeva-laat","status":"publish","type":"page","link":"https:\/\/joelahtmekultuur.ee\/mois\/kostivere-moisapaeva-laat\/","title":{"rendered":"Kostivere M\u00f5isap\u00e4eva laat"},"content":{"rendered":"<p><strong>18.august 2019 \u2013&nbsp;Kostivere XI M\u00f5isap\u00e4eva laat Eestimaise k\u00e4sit\u00f6\u00f6 ja toiduga.<br \/>\nKestvusaeg:&nbsp; <\/strong>11.00-17.00<br \/>\n<strong>Asukoht:<\/strong> Kostivere m\u00f5isa auhoovis (M\u00f5isa tee 2, Kostivere alevik, J\u00f5el\u00e4htme vald, Harjumaa)<br \/>\n<strong>Laadale on oodatud Eesti ettev\u00f5tlike inimeste ning v\u00e4ikeettev\u00f5tete&nbsp; omavalmistatud tooted.&nbsp; Olulisel kohal on ka eestimaine jook ja s\u00f6\u00f6k.<\/strong><\/p>\n<p>M\u00f5isap\u00e4eva peaesinejad on Kihnu Virve pereansambel, luuletajad Ly ja Kristiina Ehin ning muusik Silver Sepp ning ansambel Nedsaja K\u00fcla b\u00e4nd.<br \/>\nSissep\u00e4\u00e4s ja parkimine on tasuta!<br \/>\nLaadale saab kauplejaks registreeruda t\u00e4ites <a href=\"http:\/\/joelahtmekultuur.ee\/mois\/kostivere-moisapaeva-laat\/moisalaada-registreerimine\/\">registreerumise vormi<\/a><\/p>\n<p>Lisainfo: <a href=\"mailto:kultuurimois@joelahtmekultuur.ee\">kultuurimois@joelahtmekultuur.ee &nbsp;<\/a>51918355 &nbsp;<\/p>\n","protected":false},"excerpt":{"rendered":"<p>18.august 2019 \u2013&nbsp;Kostivere XI M\u00f5isap\u00e4eva laat Eestimaise k\u00e4sit\u00f6\u00f6 ja toiduga. Kestvusaeg:&nbsp; 11.00-17.00 Asukoht: Kostivere m\u00f5isa auhoovis (M\u00f5isa tee 2, Kostivere alevik, J\u00f5el\u00e4htme vald, Harjumaa) Laadale on oodatud Eesti ettev\u00f5tlike inimeste ning v\u00e4ikeettev\u00f5tete&nbsp; omavalmistatud tooted.&nbsp; Olulisel kohal on ka eestimaine jook ja s\u00f6\u00f6k. M\u00f5isap\u00e4eva peaesinejad on Kihnu Virve pereansambel, luuletajad Ly ja Kristiina Ehin ning muusik [&hellip;]<\/p>\n","protected":false},"author":6,"featured_media":0,"parent":0,"menu_order":0,"comment_status":"closed","ping_status":"closed","template":"","meta":{"ngg_post_thumbnail":0,"footnotes":""},"class_list":["post-5290","page","type-page","status-publish","hentry"],"_links":{"self":[{"href":"https:\/\/joelahtmekultuur.ee\/mois\/wp-json\/wp\/v2\/pages\/5290","targetHints":{"allow":["GET"]}}],"collection":[{"href":"https:\/\/joelahtmekultuur.ee\/mois\/wp-json\/wp\/v2\/pages"}],"about":[{"href":"https:\/\/joelahtmekultuur.ee\/mois\/wp-json\/wp\/v2\/types\/page"}],"author":[{"embeddable":true,"href":"https:\/\/joelahtmekultuur.ee\/mois\/wp-json\/wp\/v2\/users\/6"}],"replies":[{"embeddable":true,"href":"https:\/\/joelahtmekultuur.ee\/mois\/wp-json\/wp\/v2\/comments?post=5290"}],"version-history":[{"count":7,"href":"https:\/\/joelahtmekultuur.ee\/mois\/wp-json\/wp\/v2\/pages\/5290\/revisions"}],"predecessor-version":[{"id":5322,"href":"https:\/\/joelahtmekultuur.ee\/mois\/wp-json\/wp\/v2\/pages\/5290\/revisions\/5322"}],"wp:attachment":[{"href":"https:\/\/joelahtmekultuur.ee\/mois\/wp-json\/wp\/v2\/media?parent=5290"}],"curies":[{"name":"wp","href":"https:\/\/api.w.org\/{rel}","templated":true}]}}